{"id":46178,"date":"2025-09-02T15:17:56","date_gmt":"2025-09-02T15:17:56","guid":{"rendered":"https:\/\/marqalicante-admin.qwair.com\/?post_type=product&#038;p=46178"},"modified":"2025-09-02T15:20:04","modified_gmt":"2025-09-02T15:20:04","slug":"guia-per-al-docent-dinasties","status":"publish","type":"product","link":"https:\/\/marqalicante-admin.qwair.com\/va\/producte\/guia-per-al-docent-dinasties\/","title":{"rendered":"Guia per al docent: Dinasties. Els primers reins de l&#039;Europa prehist\u00f2rica"},"content":{"rendered":"<div class=\"documento-item\">\n        \n        \n                    <a href=\"https:\/\/marqalicante.com\/wp-content\/uploads\/2025\/09\/DINASTIAS-VAL.pdf\" class=\"documento-btn\" target=\"_blank\" rel=\"noopener\">\n                <i class=\"fas fa-file-pdf\"><\/i> Descarregar PDF\n            <\/a>\n            <\/div>","protected":false},"excerpt":{"rendered":"<p>Aquesta guia proporciona al professorat recursos i estrat\u00e8gies per integrar l&#039;exposici\u00f3 Dinasties al curr\u00edculum educatiu. Ofereix informaci\u00f3 contextual sobre les societats de l&#039;Edat del Bronze i proposa activitats adaptades a diferents nivells educatius. L&#039;exposici\u00f3 destaca per la seva atenci\u00f3 a tres cultures clau: L&#039;Argar, Unetice i Otomani-F\u00fczesabony, i reuneix peixos \u00fanics de vint museus europeus, com ara la diadema d&#039;or de Cinquena d&#039;\u00c0gua Branca o el sombrer cerimonial d&#039;or de Schifferstadt.<\/p>","protected":false},"featured_media":46170,"template":"","meta":{"kia_subtitle":""},"product_brand":[],"product_cat":[1717],"product_tag":[],"class_list":{"0":"post-46178","1":"product","2":"type-product","3":"status-publish","4":"has-post-thumbnail","6":"product_cat-guias-didacticas","8":"first","9":"instock","10":"virtual","11":"product-type-simple"},"meta_box":{"ia_expediente":"","ia_ano":"","ia_fechas_de_actuacion":"","ia_municipios_comarcas":"","ia_directores":"","ia_periodos_culturales":"","ia_tipos_de_intervencion":"","ia_equipo_tecnico":"","ia_autores":"","ia_promotores":"","ia_deposito_de_materiales":"","ia_coordenadas_utm":""},"_links":{"self":[{"href":"https:\/\/marqalicante-admin.qwair.com\/va\/wp-json\/wp\/v2\/product\/46178","targetHints":{"allow":["GET"]}}],"collection":[{"href":"https:\/\/marqalicante-admin.qwair.com\/va\/wp-json\/wp\/v2\/product"}],"about":[{"href":"https:\/\/marqalicante-admin.qwair.com\/va\/wp-json\/wp\/v2\/types\/product"}],"wp:featuredmedia":[{"embeddable":true,"href":"https:\/\/marqalicante-admin.qwair.com\/va\/wp-json\/wp\/v2\/media\/46170"}],"wp:attachment":[{"href":"https:\/\/marqalicante-admin.qwair.com\/va\/wp-json\/wp\/v2\/media?parent=46178"}],"wp:term":[{"taxonomy":"product_brand","embeddable":true,"href":"https:\/\/marqalicante-admin.qwair.com\/va\/wp-json\/wp\/v2\/product_brand?post=46178"},{"taxonomy":"product_cat","embeddable":true,"href":"https:\/\/marqalicante-admin.qwair.com\/va\/wp-json\/wp\/v2\/product_cat?post=46178"},{"taxonomy":"product_tag","embeddable":true,"href":"https:\/\/marqalicante-admin.qwair.com\/va\/wp-json\/wp\/v2\/product_tag?post=46178"}],"curies":[{"name":"wp","href":"https:\/\/api.w.org\/{rel}","templated":true}]}}