{"id":46176,"date":"2025-09-02T15:12:21","date_gmt":"2025-09-02T15:12:21","guid":{"rendered":"https:\/\/marqalicante-admin.qwair.com\/?post_type=product&#038;p=46176"},"modified":"2025-09-02T15:15:15","modified_gmt":"2025-09-02T15:15:15","slug":"cuaderno-para-educacion-primaria-dinastias","status":"publish","type":"product","link":"https:\/\/marqalicante-admin.qwair.com\/va\/producte\/cuaderno-para-educacion-primaria-dinastias\/","title":{"rendered":"Quadern per a Educaci\u00f3 Prim\u00e0ria: Dinastia. Els primers regnes de l&#039;Europa prehist\u00f2rica"},"content":{"rendered":"<div class=\"documento-item\">\n        \n        \n                    <a href=\"https:\/\/marqalicante.com\/wp-content\/uploads\/2025\/09\/DINASTIAS-PRIMARIA-CAST.pdf\" class=\"documento-btn\" target=\"_blank\" rel=\"noopener\">\n                <i class=\"fas fa-file-pdf\"><\/i> Descarregar PDF\n            <\/a>\n            <\/div>","protected":false},"excerpt":{"rendered":"<p>Aquest quadern est\u00e0 dissenyat per apropar els alumnes de prim\u00e0ria a les cultures de l&#039;Edat del Bronze a Europa. Mitjan\u00e7ant activitats l\u00fadiques i educatives, s&#039;exploren aspectes com l&#039;organitzaci\u00f3 social, la tecnologia i les creences de les primeres societats estatals europees. El material complementa l&#039;exposici\u00f3 del MARQ, que aplega 482 peces de 20 museus europeus, incloent-hi objectes destacats com la diadema d&#039;or de Quinta da \u00c1gua Branca i el barret d&#039;or de Schifferstadt.<\/p>","protected":false},"featured_media":46168,"template":"","meta":{"kia_subtitle":""},"product_brand":[],"product_cat":[1717],"product_tag":[],"class_list":{"0":"post-46176","1":"product","2":"type-product","3":"status-publish","4":"has-post-thumbnail","6":"product_cat-guias-didacticas","8":"first","9":"instock","10":"virtual","11":"product-type-simple"},"meta_box":{"ia_expediente":"","ia_ano":"","ia_fechas_de_actuacion":"","ia_municipios_comarcas":"","ia_directores":"","ia_periodos_culturales":"","ia_tipos_de_intervencion":"","ia_equipo_tecnico":"","ia_autores":"","ia_promotores":"","ia_deposito_de_materiales":"","ia_coordenadas_utm":""},"_links":{"self":[{"href":"https:\/\/marqalicante-admin.qwair.com\/va\/wp-json\/wp\/v2\/product\/46176","targetHints":{"allow":["GET"]}}],"collection":[{"href":"https:\/\/marqalicante-admin.qwair.com\/va\/wp-json\/wp\/v2\/product"}],"about":[{"href":"https:\/\/marqalicante-admin.qwair.com\/va\/wp-json\/wp\/v2\/types\/product"}],"wp:featuredmedia":[{"embeddable":true,"href":"https:\/\/marqalicante-admin.qwair.com\/va\/wp-json\/wp\/v2\/media\/46168"}],"wp:attachment":[{"href":"https:\/\/marqalicante-admin.qwair.com\/va\/wp-json\/wp\/v2\/media?parent=46176"}],"wp:term":[{"taxonomy":"product_brand","embeddable":true,"href":"https:\/\/marqalicante-admin.qwair.com\/va\/wp-json\/wp\/v2\/product_brand?post=46176"},{"taxonomy":"product_cat","embeddable":true,"href":"https:\/\/marqalicante-admin.qwair.com\/va\/wp-json\/wp\/v2\/product_cat?post=46176"},{"taxonomy":"product_tag","embeddable":true,"href":"https:\/\/marqalicante-admin.qwair.com\/va\/wp-json\/wp\/v2\/product_tag?post=46176"}],"curies":[{"name":"wp","href":"https:\/\/api.w.org\/{rel}","templated":true}]}}