{"id":46165,"date":"2025-09-02T14:43:59","date_gmt":"2025-09-02T14:43:59","guid":{"rendered":"https:\/\/marqalicante-admin.qwair.com\/?post_type=product&#038;p=46165"},"modified":"2025-09-03T11:20:06","modified_gmt":"2025-09-03T11:20:06","slug":"guia-didactica-secundaria-edad-moderna","status":"publish","type":"product","link":"https:\/\/marqalicante-admin.qwair.com\/va\/producte\/guia-didactica-secundaria-edad-moderna\/","title":{"rendered":"GUIA DID\u00c0CTICA (PER A SECUND\u00c0RIA): EDAT MODERNA I CONTEMPOR\u00c0NIA"},"content":{"rendered":"<div class=\"documento-item\">\n        \n        \n                    <a href=\"https:\/\/marqalicante.com\/wp-content\/uploads\/2025\/09\/MARQ_secund_Moderna_AF_compressed.pdf\" class=\"documento-btn\" target=\"_blank\" rel=\"noopener\">\n                <i class=\"fas fa-file-pdf\"><\/i> Descarregar PDF\n            <\/a>\n            <\/div>","protected":false},"excerpt":{"rendered":"<p>Aquesta guia es presenta com a suport perfecte per a l&#039;alumnat de l&#039;ESO. Ofereix explicacions de gran valor divulgatiu i, a m\u00e9s, proposa una s\u00e8rie d&#039;activitats per incentivar l&#039;aprenentatge actiu. La guia explica des de fites provincials importants des de l&#039;inici de l&#039;Edat Moderna fins als primers decennis del segle XX (abans de la Guerra Civil), incloent els or\u00edgens del Museu Arqueol\u00f2gic d&#039;Alacant.<\/p>","protected":false},"featured_media":46152,"template":"","meta":{"kia_subtitle":""},"product_brand":[],"product_cat":[1717],"product_tag":[],"class_list":{"0":"post-46165","1":"product","2":"type-product","3":"status-publish","4":"has-post-thumbnail","6":"product_cat-guias-didacticas","8":"first","9":"instock","10":"virtual","11":"product-type-simple"},"meta_box":{"ia_expediente":"","ia_ano":"","ia_fechas_de_actuacion":"","ia_municipios_comarcas":"","ia_directores":"","ia_periodos_culturales":"","ia_tipos_de_intervencion":"","ia_equipo_tecnico":"","ia_autores":"","ia_promotores":"","ia_deposito_de_materiales":"","ia_coordenadas_utm":""},"_links":{"self":[{"href":"https:\/\/marqalicante-admin.qwair.com\/va\/wp-json\/wp\/v2\/product\/46165","targetHints":{"allow":["GET"]}}],"collection":[{"href":"https:\/\/marqalicante-admin.qwair.com\/va\/wp-json\/wp\/v2\/product"}],"about":[{"href":"https:\/\/marqalicante-admin.qwair.com\/va\/wp-json\/wp\/v2\/types\/product"}],"wp:featuredmedia":[{"embeddable":true,"href":"https:\/\/marqalicante-admin.qwair.com\/va\/wp-json\/wp\/v2\/media\/46152"}],"wp:attachment":[{"href":"https:\/\/marqalicante-admin.qwair.com\/va\/wp-json\/wp\/v2\/media?parent=46165"}],"wp:term":[{"taxonomy":"product_brand","embeddable":true,"href":"https:\/\/marqalicante-admin.qwair.com\/va\/wp-json\/wp\/v2\/product_brand?post=46165"},{"taxonomy":"product_cat","embeddable":true,"href":"https:\/\/marqalicante-admin.qwair.com\/va\/wp-json\/wp\/v2\/product_cat?post=46165"},{"taxonomy":"product_tag","embeddable":true,"href":"https:\/\/marqalicante-admin.qwair.com\/va\/wp-json\/wp\/v2\/product_tag?post=46165"}],"curies":[{"name":"wp","href":"https:\/\/api.w.org\/{rel}","templated":true}]}}