{"id":46162,"date":"2025-09-02T11:56:58","date_gmt":"2025-09-02T11:56:58","guid":{"rendered":"https:\/\/marqalicante-admin.qwair.com\/?post_type=product&#038;p=46162"},"modified":"2025-09-02T11:59:19","modified_gmt":"2025-09-02T11:59:19","slug":"guia-didactica-para-secundaria-prehistoria","status":"publish","type":"product","link":"https:\/\/marqalicante-admin.qwair.com\/va\/producte\/guia-didactica-para-secundaria-prehistoria\/","title":{"rendered":"GUIA DID\u00c0CTICA (PER A SECUND\u00c0RIA): PREHIST\u00d2RIA"},"content":{"rendered":"<div class=\"documento-item\">\n        \n        \n                    <a href=\"https:\/\/marqalicante.com\/wp-content\/uploads\/2025\/09\/MARQ_guia_Sec_prehistoria_AF_compressed.pdf\" class=\"documento-btn\" target=\"_blank\" rel=\"noopener\">\n                <i class=\"fas fa-file-pdf\"><\/i> Descarregar PDF\n            <\/a>\n            <\/div>","protected":false},"excerpt":{"rendered":"<p>Esta gu\u00eda se nos presenta como un soporte perfecto para al alumnado de la ESO. Ofrece explicaciones de gran valor divulgativo, proponiendo  una serie de actividades para incentivar el aprendizaje activo. Sintetizando la gu\u00eda, se centra sobre todo en las distintas sociedades prehist\u00f3ricas, desde los cazadores y recolectores a la llegada de sociedades hist\u00f3ricas, como es el caso de los fenicios.<\/p>","protected":false},"featured_media":46153,"template":"","meta":{"kia_subtitle":""},"product_brand":[],"product_cat":[1717],"product_tag":[],"class_list":{"0":"post-46162","1":"product","2":"type-product","3":"status-publish","4":"has-post-thumbnail","6":"product_cat-guias-didacticas","8":"first","9":"instock","10":"virtual","11":"product-type-simple"},"meta_box":{"ia_expediente":"","ia_ano":"","ia_fechas_de_actuacion":"","ia_municipios_comarcas":"","ia_directores":"","ia_periodos_culturales":"","ia_tipos_de_intervencion":"","ia_equipo_tecnico":"","ia_autores":"","ia_promotores":"","ia_deposito_de_materiales":"","ia_coordenadas_utm":""},"_links":{"self":[{"href":"https:\/\/marqalicante-admin.qwair.com\/va\/wp-json\/wp\/v2\/product\/46162","targetHints":{"allow":["GET"]}}],"collection":[{"href":"https:\/\/marqalicante-admin.qwair.com\/va\/wp-json\/wp\/v2\/product"}],"about":[{"href":"https:\/\/marqalicante-admin.qwair.com\/va\/wp-json\/wp\/v2\/types\/product"}],"wp:featuredmedia":[{"embeddable":true,"href":"https:\/\/marqalicante-admin.qwair.com\/va\/wp-json\/wp\/v2\/media\/46153"}],"wp:attachment":[{"href":"https:\/\/marqalicante-admin.qwair.com\/va\/wp-json\/wp\/v2\/media?parent=46162"}],"wp:term":[{"taxonomy":"product_brand","embeddable":true,"href":"https:\/\/marqalicante-admin.qwair.com\/va\/wp-json\/wp\/v2\/product_brand?post=46162"},{"taxonomy":"product_cat","embeddable":true,"href":"https:\/\/marqalicante-admin.qwair.com\/va\/wp-json\/wp\/v2\/product_cat?post=46162"},{"taxonomy":"product_tag","embeddable":true,"href":"https:\/\/marqalicante-admin.qwair.com\/va\/wp-json\/wp\/v2\/product_tag?post=46162"}],"curies":[{"name":"wp","href":"https:\/\/api.w.org\/{rel}","templated":true}]}}