{"id":45819,"date":"2025-05-16T06:32:25","date_gmt":"2025-05-16T06:32:25","guid":{"rendered":"https:\/\/marqalicante-admin.qwair.com\/producto\/recuerdos-del-pasado-las-tiendas-de-los-museos-arqueologicos-como-objeto-de-analisis-y-reflexion\/"},"modified":"2025-06-04T16:24:43","modified_gmt":"2025-06-04T16:24:43","slug":"recuerdos-del-pasado-las-tiendas-de-los-museos-arqueologicos-como-objeto-de-analisis-y-reflexion","status":"publish","type":"product","link":"https:\/\/marqalicante-admin.qwair.com\/va\/producte\/recuerdos-del-pasado-las-tiendas-de-los-museos-arqueologicos-como-objeto-de-analisis-y-reflexion\/","title":{"rendered":"Records del passat. Les botigues dels museus arqueol\u00f2gics com a objecte d&#039;an\u00e0lisi i de reflexi\u00f3"},"content":{"rendered":"<div class=\"documento-item\">\n                    <h2 class=\"documento-title\">Records del passat. Les botigues dels museus arqueol\u00f2gics com a objecte d&#039;an\u00e0lisi i de reflexi\u00f3<\/h2>\n        \n                    <p class=\"documento-subtitle\">Maria Pastor Quiles, Daniel Mateo Corredor<\/p>\n        \n                    <a href=\"https:\/\/marqalicante.com\/contenido\/particulos\/pub_229.pdf\" class=\"documento-btn\" target=\"_blank\" rel=\"noopener\">\n                <i class=\"fas fa-file-pdf\"><\/i> Descarregar PDF\n            <\/a>\n            <\/div>","protected":false},"excerpt":{"rendered":"<p>Els espais comercials dels museus d&#039;arqueologia rares vegades s\u00f3n objecte de recerca, per\u00f2 s\u00f3n indicatius de molts aspectes sobre la imatge social de la disciplina. En aquestes l\u00ednies abordem aquesta q\u00fcesti\u00f3 a partir de dos casos d&#039;estudi, la botiga f\u00edsica del Museu de P\u00e8rgam, a Berl\u00edn, i la botiga en l\u00ednia del Museu Brit\u00e0nic, a Londres. Identifiquem tem\u00e0tiques predominants dels productes, distincions socials en el p\u00fablic al qual van dirigits i patrons de canvi que s&#039;entreveuen, incidint en el paper d&#039;aquests espais com a dipositaris importants, alhora que transmissors, de missatges sobre la ci\u00e8ncia i l&#039;estudi del passat.<\/p>","protected":false},"featured_media":45873,"template":"","meta":{"kia_subtitle":""},"product_brand":[],"product_cat":[2913],"product_tag":[],"class_list":{"0":"post-45819","1":"product","2":"type-product","3":"status-publish","4":"has-post-thumbnail","6":"product_cat-articulos","8":"first","9":"instock","10":"virtual","11":"product-type-simple"},"meta_box":{"ia_expediente":"","ia_ano":"","ia_fechas_de_actuacion":"","ia_municipios_comarcas":"","ia_directores":"","ia_periodos_culturales":"","ia_tipos_de_intervencion":"","ia_equipo_tecnico":"","ia_autores":"","ia_promotores":"","ia_deposito_de_materiales":"","ia_coordenadas_utm":""},"_links":{"self":[{"href":"https:\/\/marqalicante-admin.qwair.com\/va\/wp-json\/wp\/v2\/product\/45819","targetHints":{"allow":["GET"]}}],"collection":[{"href":"https:\/\/marqalicante-admin.qwair.com\/va\/wp-json\/wp\/v2\/product"}],"about":[{"href":"https:\/\/marqalicante-admin.qwair.com\/va\/wp-json\/wp\/v2\/types\/product"}],"wp:featuredmedia":[{"embeddable":true,"href":"https:\/\/marqalicante-admin.qwair.com\/va\/wp-json\/wp\/v2\/media\/45873"}],"wp:attachment":[{"href":"https:\/\/marqalicante-admin.qwair.com\/va\/wp-json\/wp\/v2\/media?parent=45819"}],"wp:term":[{"taxonomy":"product_brand","embeddable":true,"href":"https:\/\/marqalicante-admin.qwair.com\/va\/wp-json\/wp\/v2\/product_brand?post=45819"},{"taxonomy":"product_cat","embeddable":true,"href":"https:\/\/marqalicante-admin.qwair.com\/va\/wp-json\/wp\/v2\/product_cat?post=45819"},{"taxonomy":"product_tag","embeddable":true,"href":"https:\/\/marqalicante-admin.qwair.com\/va\/wp-json\/wp\/v2\/product_tag?post=45819"}],"curies":[{"name":"wp","href":"https:\/\/api.w.org\/{rel}","templated":true}]}}