{"id":45817,"date":"2025-05-16T06:32:24","date_gmt":"2025-05-16T06:32:24","guid":{"rendered":"https:\/\/marqalicante-admin.qwair.com\/producto\/la-materialidad-de-los-espacios-del-poder-feudal-en-el-reino-medieval-de-valencia-la-domus-domini-de-la-pobla-de-ifach-calp-alicante\/"},"modified":"2025-06-04T16:24:43","modified_gmt":"2025-06-04T16:24:43","slug":"la-materialidad-de-los-espacios-del-poder-feudal-en-el-reino-medieval-de-valencia-la-domus-domini-de-la-pobla-de-ifach-calp-alicante","status":"publish","type":"product","link":"https:\/\/marqalicante-admin.qwair.com\/va\/producte\/la-materialidad-de-los-espacios-del-poder-feudal-en-el-reino-medieval-de-valencia-la-domus-domini-de-la-pobla-de-ifach-calp-alicante\/","title":{"rendered":"La materialitat dels espais del poder feudal al regne medieval de Val\u00e8ncia: la domus domini de la Pobla d&#039;Ifac (Calp, Alacant)"},"content":{"rendered":"<div class=\"documento-item\">\n                    <h2 class=\"documento-title\">La materialitat dels espais del poder feudal al regne medieval de Val\u00e8ncia: la domus domini de la Pobla d&#039;Ifac (Calp, Alacant)<\/h2>\n        \n                    <p class=\"documento-subtitle\">Jose Lu\u00eds Men\u00e9ndez Fueyo<\/p>\n        \n                    <a href=\"https:\/\/marqalicante.com\/contenido\/particulos\/pub_227.pdf\" class=\"documento-btn\" target=\"_blank\" rel=\"noopener\">\n                <i class=\"fas fa-file-pdf\"><\/i> Descarregar PDF\n            <\/a>\n            <\/div>","protected":false},"excerpt":{"rendered":"<p>S&#039;analitza en aquest treball l&#039;estudi d&#039;un dels edificis m\u00e9s singulars descoberts a les excavacions de la Pobla medieval d&#039;Ifac a Calp (Alacant) a les campanyes del 2012 al 2016. Es tracta d&#039;un gran edifici de dues plantes i 100 m2 de superf\u00edcie interna a cadascuna d&#039;elles. de finestrals b\u00edfors del tipus coronella. Aquest edifici podria identificar-se amb una domus domini, un espai de poder i resid\u00e8ncies dels membres i representants de la Casa de Lauria al castrum de Calp durant la primera meitat del segle XIV, sent la primera construcci\u00f3 d&#039;aquest tipus d&#039;arquitectures del poder identificades a l&#039;\u00e0rea meridional valenciana.<\/p>","protected":false},"featured_media":45873,"template":"","meta":{"kia_subtitle":""},"product_brand":[],"product_cat":[2913],"product_tag":[],"class_list":{"0":"post-45817","1":"product","2":"type-product","3":"status-publish","4":"has-post-thumbnail","6":"product_cat-articulos","8":"first","9":"instock","10":"virtual","11":"product-type-simple"},"meta_box":{"ia_expediente":"","ia_ano":"","ia_fechas_de_actuacion":"","ia_municipios_comarcas":"","ia_directores":"","ia_periodos_culturales":"","ia_tipos_de_intervencion":"","ia_equipo_tecnico":"","ia_autores":"","ia_promotores":"","ia_deposito_de_materiales":"","ia_coordenadas_utm":""},"_links":{"self":[{"href":"https:\/\/marqalicante-admin.qwair.com\/va\/wp-json\/wp\/v2\/product\/45817","targetHints":{"allow":["GET"]}}],"collection":[{"href":"https:\/\/marqalicante-admin.qwair.com\/va\/wp-json\/wp\/v2\/product"}],"about":[{"href":"https:\/\/marqalicante-admin.qwair.com\/va\/wp-json\/wp\/v2\/types\/product"}],"wp:featuredmedia":[{"embeddable":true,"href":"https:\/\/marqalicante-admin.qwair.com\/va\/wp-json\/wp\/v2\/media\/45873"}],"wp:attachment":[{"href":"https:\/\/marqalicante-admin.qwair.com\/va\/wp-json\/wp\/v2\/media?parent=45817"}],"wp:term":[{"taxonomy":"product_brand","embeddable":true,"href":"https:\/\/marqalicante-admin.qwair.com\/va\/wp-json\/wp\/v2\/product_brand?post=45817"},{"taxonomy":"product_cat","embeddable":true,"href":"https:\/\/marqalicante-admin.qwair.com\/va\/wp-json\/wp\/v2\/product_cat?post=45817"},{"taxonomy":"product_tag","embeddable":true,"href":"https:\/\/marqalicante-admin.qwair.com\/va\/wp-json\/wp\/v2\/product_tag?post=45817"}],"curies":[{"name":"wp","href":"https:\/\/api.w.org\/{rel}","templated":true}]}}