{"id":45815,"date":"2025-05-16T06:32:24","date_gmt":"2025-05-16T06:32:24","guid":{"rendered":"https:\/\/marqalicante-admin.qwair.com\/producto\/agresiones-antropicas-en-el-arte-rupestre-del-arco-mediterraneo-de-la-peninsula-iberica-a-proposito-del-30o-aniversario-del-expolio-de-benirrama-la-vall-de-gallinera-alicante\/"},"modified":"2025-06-04T16:24:43","modified_gmt":"2025-06-04T16:24:43","slug":"agresiones-antropicas-en-el-arte-rupestre-del-arco-mediterraneo-de-la-peninsula-iberica-a-proposito-del-30o-aniversario-del-expolio-de-benirrama-la-vall-de-gallinera-alicante","status":"publish","type":"product","link":"https:\/\/marqalicante-admin.qwair.com\/va\/producte\/agresiones-antropicas-en-el-arte-rupestre-del-arco-mediterraneo-de-la-peninsula-iberica-a-proposito-del-30o-aniversario-del-expolio-de-benirrama-la-vall-de-gallinera-alicante\/","title":{"rendered":"Agressions antr\u00f2piques a l&#039;art rupestre de l&#039;arc mediterrani de la pen\u00ednsula ib\u00e8rica. A prop\u00f2sit del 30\u00e8 aniversari de l&#039;espoli de Benirrama (La Vall de Gallinera, Alacant)"},"content":{"rendered":"<div class=\"documento-item\">\n                    <h2 class=\"documento-title\">Agressions antr\u00f2piques a l&#039;art rupestre de l&#039;arc mediterrani de la pen\u00ednsula ib\u00e8rica. A prop\u00f2sit del 30\u00e8 aniversari de l&#039;espoli de Benirrama (La Vall de Gallinera, Alacant)<\/h2>\n        \n                    <p class=\"documento-subtitle\">Mauro S. Hern\u00e1ndez P\u00e9rez<\/p>\n        \n                    <a href=\"https:\/\/marqalicante.com\/contenido\/particulos\/pub_225.pdf\" class=\"documento-btn\" target=\"_blank\" rel=\"noopener\">\n                <i class=\"fas fa-file-pdf\"><\/i> Descarregar PDF\n            <\/a>\n            <\/div>","protected":false},"excerpt":{"rendered":"<p>S\u00f3n m\u00faltiples les agressions que des del mateix moment del seu descobriment afecten l&#039;art rupestre de l&#039;arc mediterrani de la pen\u00ednsula Ib\u00e8rica. Unes s\u00f3n naturals i altres antr\u00f2piques. Entre aquestes darreres es registra el reiterat mullat de les parets dels abrics, els grafits i l&#039;espoliaci\u00f3 de moltes figures, entre les quals destaquen les de Benirrama, a la Vall de Gallinera (Alacant).<\/p>","protected":false},"featured_media":45873,"template":"","meta":{"kia_subtitle":""},"product_brand":[],"product_cat":[2913],"product_tag":[],"class_list":{"0":"post-45815","1":"product","2":"type-product","3":"status-publish","4":"has-post-thumbnail","6":"product_cat-articulos","8":"first","9":"instock","10":"virtual","11":"product-type-simple"},"meta_box":{"ia_expediente":"","ia_ano":"","ia_fechas_de_actuacion":"","ia_municipios_comarcas":"","ia_directores":"","ia_periodos_culturales":"","ia_tipos_de_intervencion":"","ia_equipo_tecnico":"","ia_autores":"","ia_promotores":"","ia_deposito_de_materiales":"","ia_coordenadas_utm":""},"_links":{"self":[{"href":"https:\/\/marqalicante-admin.qwair.com\/va\/wp-json\/wp\/v2\/product\/45815","targetHints":{"allow":["GET"]}}],"collection":[{"href":"https:\/\/marqalicante-admin.qwair.com\/va\/wp-json\/wp\/v2\/product"}],"about":[{"href":"https:\/\/marqalicante-admin.qwair.com\/va\/wp-json\/wp\/v2\/types\/product"}],"wp:featuredmedia":[{"embeddable":true,"href":"https:\/\/marqalicante-admin.qwair.com\/va\/wp-json\/wp\/v2\/media\/45873"}],"wp:attachment":[{"href":"https:\/\/marqalicante-admin.qwair.com\/va\/wp-json\/wp\/v2\/media?parent=45815"}],"wp:term":[{"taxonomy":"product_brand","embeddable":true,"href":"https:\/\/marqalicante-admin.qwair.com\/va\/wp-json\/wp\/v2\/product_brand?post=45815"},{"taxonomy":"product_cat","embeddable":true,"href":"https:\/\/marqalicante-admin.qwair.com\/va\/wp-json\/wp\/v2\/product_cat?post=45815"},{"taxonomy":"product_tag","embeddable":true,"href":"https:\/\/marqalicante-admin.qwair.com\/va\/wp-json\/wp\/v2\/product_tag?post=45815"}],"curies":[{"name":"wp","href":"https:\/\/api.w.org\/{rel}","templated":true}]}}