{"id":45811,"date":"2025-05-16T06:32:22","date_gmt":"2025-05-16T06:32:22","guid":{"rendered":"https:\/\/marqalicante-admin.qwair.com\/producto\/el-poblamiento-rural-andalusi-en-el-valle-medio-del-vinalopo-resultados-de-las-prospecciones-arqueologicas-en-la-alqueria-de-puca-petrer-alicante\/"},"modified":"2025-06-04T16:24:41","modified_gmt":"2025-06-04T16:24:41","slug":"el-poblamiento-rural-andalusi-en-el-valle-medio-del-vinalopo-resultados-de-las-prospecciones-arqueologicas-en-la-alqueria-de-puca-petrer-alicante","status":"publish","type":"product","link":"https:\/\/marqalicante-admin.qwair.com\/va\/producte\/el-poblamiento-rural-andalusi-en-el-valle-medio-del-vinalopo-resultados-de-las-prospecciones-arqueologicas-en-la-alqueria-de-puca-petrer-alicante\/","title":{"rendered":"El poblament rural andalus\u00ed a la vall mitjana del Vinalop\u00f3: Resultats de les prospeccions arqueol\u00f2giques a l&#039;Alqueria de Pu\u00e7a (Petrer, Alacant)"},"content":{"rendered":"<div class=\"documento-item\">\n                    <h2 class=\"documento-title\">El poblament rural andalus\u00ed a la vall mitjana del Vinalop\u00f3: Resultats de les prospeccions arqueol\u00f2giques a l&#039;Alqueria de Pu\u00e7a (Petrer, Alacant)<\/h2>\n        \n                    <p class=\"documento-subtitle\">Jos\u00e9 Mar\u00eda Moreno Narganes, Joaqu\u00edn Pina Mira, Pere Jos\u00e9 Saura Gil, Ferran E. Tender Fern\u00e1ndez, Jos\u00e9 Daniel Busquier L\u00f3pez, Arturo Garc\u00eda L\u00f3pez, Raquel P\u00e9rez Serrano<\/p>\n        \n                    <a href=\"https:\/\/marqalicante.com\/contenido\/particulos\/pub_221.pdf\" class=\"documento-btn\" target=\"_blank\" rel=\"noopener\">\n                <i class=\"fas fa-file-pdf\"><\/i> Descarregar PDF\n            <\/a>\n            <\/div>","protected":false},"excerpt":{"rendered":"<p>Aquesta investigaci\u00f3 pret\u00e9n enriquir el coneixement del poblament andalus\u00ed a la vall mitjana del Vinalop\u00f3 a partir de l&#039;estudi d&#039;una alqueria ubicada als seus marges. D&#039;aquesta manera busquem completar les propostes passades a prop\u00f2sit de l&#039;organitzaci\u00f3 territorial i definides a partir dels centres fortificats (\u1e25u\u1e63\u016bn) que no podrien explicar-se sense una xarxa d&#039;alqueries (qur\u0101) de vocaci\u00f3 agr\u00e0ria dins un sistema territorial i pol\u00edtic m\u00e9s gran. S\u00b4abordar\u00e0 l\u00b4alqueria de Pu\u00e7a a partir d\u00b4una prospecci\u00f3 intensiva il\u00b4estudi dels materials documentats que ens permetin realitzar propostes sobre les seves caracter\u00edstiques urbanes i cronol\u00f2giques. Aquest estudi t\u00e9 una perspectiva hist\u00f2rica a la longue dur\u00e9e, formant part d&#039;un dels objectius del Pla General de Recerca &quot;El territori de Bitrir\/Petrer (segles X-XV). Cap als or\u00edgens d&#039;un paisatge medieval (Petrer, Alacant)&quot;.<\/p>","protected":false},"featured_media":45873,"template":"","meta":{"kia_subtitle":""},"product_brand":[],"product_cat":[2913],"product_tag":[],"class_list":{"0":"post-45811","1":"product","2":"type-product","3":"status-publish","4":"has-post-thumbnail","6":"product_cat-articulos","8":"first","9":"instock","10":"virtual","11":"product-type-simple"},"meta_box":{"ia_expediente":"","ia_ano":"","ia_fechas_de_actuacion":"","ia_municipios_comarcas":"","ia_directores":"","ia_periodos_culturales":"","ia_tipos_de_intervencion":"","ia_equipo_tecnico":"","ia_autores":"","ia_promotores":"","ia_deposito_de_materiales":"","ia_coordenadas_utm":""},"_links":{"self":[{"href":"https:\/\/marqalicante-admin.qwair.com\/va\/wp-json\/wp\/v2\/product\/45811","targetHints":{"allow":["GET"]}}],"collection":[{"href":"https:\/\/marqalicante-admin.qwair.com\/va\/wp-json\/wp\/v2\/product"}],"about":[{"href":"https:\/\/marqalicante-admin.qwair.com\/va\/wp-json\/wp\/v2\/types\/product"}],"wp:featuredmedia":[{"embeddable":true,"href":"https:\/\/marqalicante-admin.qwair.com\/va\/wp-json\/wp\/v2\/media\/45873"}],"wp:attachment":[{"href":"https:\/\/marqalicante-admin.qwair.com\/va\/wp-json\/wp\/v2\/media?parent=45811"}],"wp:term":[{"taxonomy":"product_brand","embeddable":true,"href":"https:\/\/marqalicante-admin.qwair.com\/va\/wp-json\/wp\/v2\/product_brand?post=45811"},{"taxonomy":"product_cat","embeddable":true,"href":"https:\/\/marqalicante-admin.qwair.com\/va\/wp-json\/wp\/v2\/product_cat?post=45811"},{"taxonomy":"product_tag","embeddable":true,"href":"https:\/\/marqalicante-admin.qwair.com\/va\/wp-json\/wp\/v2\/product_tag?post=45811"}],"curies":[{"name":"wp","href":"https:\/\/api.w.org\/{rel}","templated":true}]}}