{"id":45810,"date":"2025-05-16T06:32:21","date_gmt":"2025-05-16T06:32:21","guid":{"rendered":"https:\/\/marqalicante-admin.qwair.com\/producto\/recuperacion-y-puesta-en-valor-de-tres-broches-de-cinturon-de-bronce-de-la-necropolis-de-lalbufereta-alicante-a-partir-del-proceso-de-restauracion\/"},"modified":"2025-06-04T16:24:41","modified_gmt":"2025-06-04T16:24:41","slug":"recuperacion-y-puesta-en-valor-de-tres-broches-de-cinturon-de-bronce-de-la-necropolis-de-lalbufereta-alicante-a-partir-del-proceso-de-restauracion","status":"publish","type":"product","link":"https:\/\/marqalicante-admin.qwair.com\/va\/producte\/recuperacion-y-puesta-en-valor-de-tres-broches-de-cinturon-de-bronce-de-la-necropolis-de-lalbufereta-alicante-a-partir-del-proceso-de-restauracion\/","title":{"rendered":"Recuperaci\u00f3 i posada en valor de tres fermalls de cintur\u00f3 de bronze de la necr\u00f2polis de l&#039;Albufereta (Alacant) a partir del proc\u00e9s de restauraci\u00f3"},"content":{"rendered":"<div class=\"documento-item\">\n                    <h2 class=\"documento-title\">Recuperaci\u00f3 i posada en valor de tres fermalls de cintur\u00f3 de bronze de la necr\u00f2polis de l&#039;Albufereta (Alacant) a partir del proc\u00e9s de restauraci\u00f3<\/h2>\n        \n                    <p class=\"documento-subtitle\">Enric Verd\u00fa Parra, Tatiana Maria Mart\u00ednez Riera, S\u00edlvia Roca Alberola<\/p>\n        \n                    <a href=\"https:\/\/marqalicante.com\/contenido\/particulos\/pub_220.pdf\" class=\"documento-btn\" target=\"_blank\" rel=\"noopener\">\n                <i class=\"fas fa-file-pdf\"><\/i> Descarregar PDF\n            <\/a>\n            <\/div>","protected":false},"excerpt":{"rendered":"<p>Durante las excavaciones arqueol&oacute;gicas desarrolladas en la necr&oacute;polis de l\u0092Albufereta (Alicante) en los a&ntilde;os 30 del siglo XX se localizaron tres broches de cintur&oacute;n de bronce en forma de placa rectangular&#44; los cuales muy pronto fueron sometidos a un proceso de restauraci&oacute;n con el objetivo de ser expuestos en las vitrinas del Museo Arqueol&oacute;gico Provincial. En la actualidad&#44; los procesos de conservaci&oacute;n y restauraci&oacute;n efectuados recientemente en el Laboratorio de Restauraci&oacute;n dentro del programa ordinario de revisi&oacute;n y conservaci&oacute;n de los materiales integrantes de las colecciones del MARQ Museo Arqueol&oacute;gico de Alicante&#44; han suscitado<br \/>un inter&eacute;s por su reestudio.<\/p>","protected":false},"featured_media":45873,"template":"","meta":{"kia_subtitle":""},"product_brand":[],"product_cat":[2913],"product_tag":[],"class_list":{"0":"post-45810","1":"product","2":"type-product","3":"status-publish","4":"has-post-thumbnail","6":"product_cat-articulos","8":"first","9":"instock","10":"virtual","11":"product-type-simple"},"meta_box":{"ia_expediente":"","ia_ano":"","ia_fechas_de_actuacion":"","ia_municipios_comarcas":"","ia_directores":"","ia_periodos_culturales":"","ia_tipos_de_intervencion":"","ia_equipo_tecnico":"","ia_autores":"","ia_promotores":"","ia_deposito_de_materiales":"","ia_coordenadas_utm":""},"_links":{"self":[{"href":"https:\/\/marqalicante-admin.qwair.com\/va\/wp-json\/wp\/v2\/product\/45810","targetHints":{"allow":["GET"]}}],"collection":[{"href":"https:\/\/marqalicante-admin.qwair.com\/va\/wp-json\/wp\/v2\/product"}],"about":[{"href":"https:\/\/marqalicante-admin.qwair.com\/va\/wp-json\/wp\/v2\/types\/product"}],"wp:featuredmedia":[{"embeddable":true,"href":"https:\/\/marqalicante-admin.qwair.com\/va\/wp-json\/wp\/v2\/media\/45873"}],"wp:attachment":[{"href":"https:\/\/marqalicante-admin.qwair.com\/va\/wp-json\/wp\/v2\/media?parent=45810"}],"wp:term":[{"taxonomy":"product_brand","embeddable":true,"href":"https:\/\/marqalicante-admin.qwair.com\/va\/wp-json\/wp\/v2\/product_brand?post=45810"},{"taxonomy":"product_cat","embeddable":true,"href":"https:\/\/marqalicante-admin.qwair.com\/va\/wp-json\/wp\/v2\/product_cat?post=45810"},{"taxonomy":"product_tag","embeddable":true,"href":"https:\/\/marqalicante-admin.qwair.com\/va\/wp-json\/wp\/v2\/product_tag?post=45810"}],"curies":[{"name":"wp","href":"https:\/\/api.w.org\/{rel}","templated":true}]}}