{"id":45809,"date":"2025-05-16T06:32:21","date_gmt":"2025-05-16T06:32:21","guid":{"rendered":"https:\/\/marqalicante-admin.qwair.com\/producto\/sobre-los-restos-constructivos-de-tierra-en-arqueologia-y-la-metodologia-para-su-estudio-macroscopico\/"},"modified":"2025-06-04T16:24:41","modified_gmt":"2025-06-04T16:24:41","slug":"sobre-los-restos-constructivos-de-tierra-en-arqueologia-y-la-metodologia-para-su-estudio-macroscopico","status":"publish","type":"product","link":"https:\/\/marqalicante-admin.qwair.com\/va\/producte\/sobre-los-restos-constructivos-de-tierra-en-arqueologia-y-la-metodologia-para-su-estudio-macroscopico\/","title":{"rendered":"Sobre les restes constructives de terra en arqueologia i la metodologia per al seu estudi macrosc\u00f2pic"},"content":{"rendered":"<div class=\"documento-item\">\n                    <h2 class=\"documento-title\">Sobre les restes constructives de terra en arqueologia i la metodologia per al seu estudi macrosc\u00f2pic<\/h2>\n        \n                    <p class=\"documento-subtitle\">Maria Pastor Quiles<\/p>\n        \n                    <a href=\"https:\/\/marqalicante.com\/contenido\/particulos\/pub_219.pdf\" class=\"documento-btn\" target=\"_blank\" rel=\"noopener\">\n                <i class=\"fas fa-file-pdf\"><\/i> Descarregar PDF\n            <\/a>\n            <\/div>","protected":false},"excerpt":{"rendered":"<p>L&#039;estudi de les restes constructives de fang endurit proporciona dades de gran rellev\u00e0ncia sobre les activitats constructives i les formes arquitect\u00f2niques de les societats del passat. Malauradament, encara en molts casos aquests elements no solen ser considerats com un objecte de recerca rellevant, suposant per a l&#039;arqueologia una p\u00e8rdua molt important d&#039;informaci\u00f3 que ja no \u00e9s recuperable. Encara queda un llarg cam\u00ed per rec\u00f3rrer en aquest tipus d&#039;investigacions i si aspirem que es normalitzin i siguin cada cop m\u00e9s freq\u00fcents, necessitem que es presti una atenci\u00f3 m\u00e9s gran a la metodologia que s&#039;hi ha d&#039;emprar. Aix\u00f2 tamb\u00e9 possibilitar\u00e0 que es dialogui sobre aquesta, per enriquir-la, millorar-la i mantenir-la actualitzada respecte als aven\u00e7os que es produeixen en altres aproximacions i t\u00e8cniques anal\u00edtiques que fan m\u00e9s complet l&#039;estudi d&#039;aquests materials. Amb aquest article abordem a manera de proposta els procediments metodol\u00f2gics implicats en la seva an\u00e0lisi mitjan\u00e7ant l&#039;observaci\u00f3 directa, alhora que esperem contribuir a continuar visibilitzant, facilitant i promovent el<br \/>estudi daquestes evid\u00e8ncies.<\/p>","protected":false},"featured_media":45873,"template":"","meta":{"kia_subtitle":""},"product_brand":[],"product_cat":[2913],"product_tag":[],"class_list":{"0":"post-45809","1":"product","2":"type-product","3":"status-publish","4":"has-post-thumbnail","6":"product_cat-articulos","8":"first","9":"instock","10":"virtual","11":"product-type-simple"},"meta_box":{"ia_expediente":"","ia_ano":"","ia_fechas_de_actuacion":"","ia_municipios_comarcas":"","ia_directores":"","ia_periodos_culturales":"","ia_tipos_de_intervencion":"","ia_equipo_tecnico":"","ia_autores":"","ia_promotores":"","ia_deposito_de_materiales":"","ia_coordenadas_utm":""},"_links":{"self":[{"href":"https:\/\/marqalicante-admin.qwair.com\/va\/wp-json\/wp\/v2\/product\/45809","targetHints":{"allow":["GET"]}}],"collection":[{"href":"https:\/\/marqalicante-admin.qwair.com\/va\/wp-json\/wp\/v2\/product"}],"about":[{"href":"https:\/\/marqalicante-admin.qwair.com\/va\/wp-json\/wp\/v2\/types\/product"}],"wp:featuredmedia":[{"embeddable":true,"href":"https:\/\/marqalicante-admin.qwair.com\/va\/wp-json\/wp\/v2\/media\/45873"}],"wp:attachment":[{"href":"https:\/\/marqalicante-admin.qwair.com\/va\/wp-json\/wp\/v2\/media?parent=45809"}],"wp:term":[{"taxonomy":"product_brand","embeddable":true,"href":"https:\/\/marqalicante-admin.qwair.com\/va\/wp-json\/wp\/v2\/product_brand?post=45809"},{"taxonomy":"product_cat","embeddable":true,"href":"https:\/\/marqalicante-admin.qwair.com\/va\/wp-json\/wp\/v2\/product_cat?post=45809"},{"taxonomy":"product_tag","embeddable":true,"href":"https:\/\/marqalicante-admin.qwair.com\/va\/wp-json\/wp\/v2\/product_tag?post=45809"}],"curies":[{"name":"wp","href":"https:\/\/api.w.org\/{rel}","templated":true}]}}