{"id":45806,"date":"2025-05-16T06:32:20","date_gmt":"2025-05-16T06:32:20","guid":{"rendered":"https:\/\/marqalicante-admin.qwair.com\/producto\/el-argar-1991\/"},"modified":"2025-06-04T16:24:40","modified_gmt":"2025-06-04T16:24:40","slug":"el-argar-1991","status":"publish","type":"product","link":"https:\/\/marqalicante-admin.qwair.com\/va\/producte\/el-argar-1991\/","title":{"rendered":"L&#039;Argar 1991"},"content":{"rendered":"<div class=\"documento-item\">\n                    <h2 class=\"documento-title\">L&#039;Argar 1991<\/h2>\n        \n                    <p class=\"documento-subtitle\">Hermanfrid Schubart i Dirce Marzoli, amb contribucions de Corina Liesau, Hans-Gert Bachmann, Rafael Pozo Mar\u00edn, Hans-Peter Stikay Bettina Jurich<\/p>\n        \n                    <a href=\"https:\/\/marqalicante.com\/contenido\/particulos\/pub_216.pdf\" class=\"documento-btn\" target=\"_blank\" rel=\"noopener\">\n                <i class=\"fas fa-file-pdf\"><\/i> Descarregar PDF\n            <\/a>\n            <\/div>","protected":false},"excerpt":{"rendered":"<p>L&#039;assentament de l&#039;Argar (Antas, Almeria) ha donat nom a la cultura m\u00e9s representativa de l&#039;Edat del Bronze de la pen\u00ednsula ib\u00e8rica. Des de les excavacions dels germans Henri i Louis Siret i Cels als anys vuitanta del segle XIX, quan van ser descobertes gaireb\u00e9 1000 tombes, no s&#039;havia tornat a intervenir al jaciment fins que l&#039;any 1991, l&#039;Institut Arqueol\u00f2gic Alemany de Madrid (DAI), sota la direcci\u00f3 de Hermanfrid Schridart Marzoli (en aquells moments col\u00b7laboradora cient\u00edfica del DAI Madrid), va dur a terme una excavaci\u00f3 arqueol\u00f2gica puntual que es va fer des del 28 de setembre fins al 9 de novembre, comptant amb el suport de l&#039;Exma. Alcaldia d&#039;Antas i la col\u00b7laboraci\u00f3 efica\u00e7 de sis ve\u00efns del mateix poble, als quals es dedica aquesta publicaci\u00f3. L&#039;objectiu principal de l&#039;excavaci\u00f3 era investigar aquells llocs que, gr\u00e0cies a una prospecci\u00f3 geomagn\u00e8tica pr\u00e8via i promoguda pel mateix DAI el 1987, i duta a terme per Helmut Becker, van revelar importants alteracions i un abundant registre d&#039;edificacions. Per aix\u00f2 es van obrir tres talls a l&#039;altipl\u00e0 d&#039;El Argar ubicats de forma no contigua, per\u00f2 estrat\u00e8gicament posicionats amb la finalitat d&#039;obtenir tamb\u00e9 un perfil est-oest que abast\u00e9s la superf\u00edcie m\u00e9s extensa a l&#039;amplada de l&#039;altipl\u00e0 d&#039;El Argar.<\/p>","protected":false},"featured_media":45873,"template":"","meta":{"kia_subtitle":""},"product_brand":[],"product_cat":[2913],"product_tag":[],"class_list":{"0":"post-45806","1":"product","2":"type-product","3":"status-publish","4":"has-post-thumbnail","6":"product_cat-articulos","8":"first","9":"instock","10":"virtual","11":"product-type-simple"},"meta_box":{"ia_expediente":"","ia_ano":"","ia_fechas_de_actuacion":"","ia_municipios_comarcas":"","ia_directores":"","ia_periodos_culturales":"","ia_tipos_de_intervencion":"","ia_equipo_tecnico":"","ia_autores":"","ia_promotores":"","ia_deposito_de_materiales":"","ia_coordenadas_utm":""},"_links":{"self":[{"href":"https:\/\/marqalicante-admin.qwair.com\/va\/wp-json\/wp\/v2\/product\/45806","targetHints":{"allow":["GET"]}}],"collection":[{"href":"https:\/\/marqalicante-admin.qwair.com\/va\/wp-json\/wp\/v2\/product"}],"about":[{"href":"https:\/\/marqalicante-admin.qwair.com\/va\/wp-json\/wp\/v2\/types\/product"}],"wp:featuredmedia":[{"embeddable":true,"href":"https:\/\/marqalicante-admin.qwair.com\/va\/wp-json\/wp\/v2\/media\/45873"}],"wp:attachment":[{"href":"https:\/\/marqalicante-admin.qwair.com\/va\/wp-json\/wp\/v2\/media?parent=45806"}],"wp:term":[{"taxonomy":"product_brand","embeddable":true,"href":"https:\/\/marqalicante-admin.qwair.com\/va\/wp-json\/wp\/v2\/product_brand?post=45806"},{"taxonomy":"product_cat","embeddable":true,"href":"https:\/\/marqalicante-admin.qwair.com\/va\/wp-json\/wp\/v2\/product_cat?post=45806"},{"taxonomy":"product_tag","embeddable":true,"href":"https:\/\/marqalicante-admin.qwair.com\/va\/wp-json\/wp\/v2\/product_tag?post=45806"}],"curies":[{"name":"wp","href":"https:\/\/api.w.org\/{rel}","templated":true}]}}