{"id":45803,"date":"2025-05-16T06:32:19","date_gmt":"2025-05-16T06:32:19","guid":{"rendered":"https:\/\/marqalicante-admin.qwair.com\/producto\/restauracion-de-dos-punales-de-bronce-de-cronologia-argarica-pertenecientes-a-la-coleccion-furgus-reintegracion-formal-y-puesta-en-valor\/"},"modified":"2025-06-04T16:24:40","modified_gmt":"2025-06-04T16:24:40","slug":"restauracion-de-dos-punales-de-bronce-de-cronologia-argarica-pertenecientes-a-la-coleccion-furgus-reintegracion-formal-y-puesta-en-valor","status":"publish","type":"product","link":"https:\/\/marqalicante-admin.qwair.com\/va\/producte\/restauracion-de-dos-punales-de-bronce-de-cronologia-argarica-pertenecientes-a-la-coleccion-furgus-reintegracion-formal-y-puesta-en-valor\/","title":{"rendered":"Restauraci\u00f3 de dos punyals de bronze de cronologia arg\u00e0rica pertanyents a la Col\u00b7lecci\u00f3 Furg\u00fas. Reintegraci\u00f3 formal i posada en valor"},"content":{"rendered":"<div class=\"documento-item\">\n                    <h2 class=\"documento-title\">Restauraci\u00f3 de dos punyals de bronze de cronologia arg\u00e0rica pertanyents a la Col\u00b7lecci\u00f3 Furg\u00fas. Reintegraci\u00f3 formal i posada en valor<\/h2>\n        \n                    <p class=\"documento-subtitle\">Tatiana Mar\u00eda Mart\u00ednez Riera<\/p>\n        \n                    <a href=\"https:\/\/marqalicante.com\/contenido\/particulos\/pub_213.pdf\" class=\"documento-btn\" target=\"_blank\" rel=\"noopener\">\n                <i class=\"fas fa-file-pdf\"><\/i> Descarregar PDF\n            <\/a>\n            <\/div>","protected":false},"excerpt":{"rendered":"<p>La recuperaci&oacute;n y puesta en valor de dos pu&ntilde;ales de remaches&#44; hallados a principios del siglo XX en dos sepulturas arg&aacute;ricas de Laderas del Castillo (Callosa de Segura&#44; Alicante) y San Ant&oacute;n (Orihuela&#44; Alicante)&#44; ha sido posible gracias a la restauraci&oacute;n y reconstrucci&oacute;n formal llevada a cabo en el Laboratorio de Restauraci&oacute;n del MARQ. El trabajo realizado ha permitido conferir nuevamente a estas piezas la transcendencia que merecen en el marco del registro arqueol&oacute;gico de la Edad del Bronce en las comarcas alicantinas de la Vega Baja del Segura.<\/p>","protected":false},"featured_media":45873,"template":"","meta":{"kia_subtitle":""},"product_brand":[],"product_cat":[2913],"product_tag":[],"class_list":{"0":"post-45803","1":"product","2":"type-product","3":"status-publish","4":"has-post-thumbnail","6":"product_cat-articulos","8":"first","9":"instock","10":"virtual","11":"product-type-simple"},"meta_box":{"ia_expediente":"","ia_ano":"","ia_fechas_de_actuacion":"","ia_municipios_comarcas":"","ia_directores":"","ia_periodos_culturales":"","ia_tipos_de_intervencion":"","ia_equipo_tecnico":"","ia_autores":"","ia_promotores":"","ia_deposito_de_materiales":"","ia_coordenadas_utm":""},"_links":{"self":[{"href":"https:\/\/marqalicante-admin.qwair.com\/va\/wp-json\/wp\/v2\/product\/45803","targetHints":{"allow":["GET"]}}],"collection":[{"href":"https:\/\/marqalicante-admin.qwair.com\/va\/wp-json\/wp\/v2\/product"}],"about":[{"href":"https:\/\/marqalicante-admin.qwair.com\/va\/wp-json\/wp\/v2\/types\/product"}],"wp:featuredmedia":[{"embeddable":true,"href":"https:\/\/marqalicante-admin.qwair.com\/va\/wp-json\/wp\/v2\/media\/45873"}],"wp:attachment":[{"href":"https:\/\/marqalicante-admin.qwair.com\/va\/wp-json\/wp\/v2\/media?parent=45803"}],"wp:term":[{"taxonomy":"product_brand","embeddable":true,"href":"https:\/\/marqalicante-admin.qwair.com\/va\/wp-json\/wp\/v2\/product_brand?post=45803"},{"taxonomy":"product_cat","embeddable":true,"href":"https:\/\/marqalicante-admin.qwair.com\/va\/wp-json\/wp\/v2\/product_cat?post=45803"},{"taxonomy":"product_tag","embeddable":true,"href":"https:\/\/marqalicante-admin.qwair.com\/va\/wp-json\/wp\/v2\/product_tag?post=45803"}],"curies":[{"name":"wp","href":"https:\/\/api.w.org\/{rel}","templated":true}]}}