{"id":45800,"date":"2025-05-16T06:32:18","date_gmt":"2025-05-16T06:32:18","guid":{"rendered":"https:\/\/marqalicante-admin.qwair.com\/producto\/la-obra-de-terra-decorada-en-la-pobla-medieval-de-ifach-siglos-xiii-xiv-notas-acerca-de-su-origen-produccion-y-distribucion\/"},"modified":"2025-06-04T16:24:39","modified_gmt":"2025-06-04T16:24:39","slug":"la-obra-de-terra-decorada-en-la-pobla-medieval-de-ifach-siglos-xiii-xiv-notas-acerca-de-su-origen-produccion-y-distribucion","status":"publish","type":"product","link":"https:\/\/marqalicante-admin.qwair.com\/va\/producte\/la-obra-de-terra-decorada-en-la-pobla-medieval-de-ifach-siglos-xiii-xiv-notas-acerca-de-su-origen-produccion-y-distribucion\/","title":{"rendered":"L&#039;obra de terra decorada a la Pobla medieval d&#039;Ifac (segles XIII-XIV). Notes sobre el seu origen, producci\u00f3 i distribuci\u00f3"},"content":{"rendered":"<div class=\"documento-item\">\n                    <h2 class=\"documento-title\">L&#039;obra de terra decorada a la Pobla medieval d&#039;Ifac (segles XIII-XIV). Notes sobre el seu origen, producci\u00f3 i distribuci\u00f3<\/h2>\n        \n                    <p class=\"documento-subtitle\">Jos\u00e9 Luis Men\u00e9ndez Fueyo i Joaqu\u00edn Pina Mira<\/p>\n        \n                    <a href=\"https:\/\/marqalicante.com\/contenido\/particulos\/pub_210.pdf\" class=\"documento-btn\" target=\"_blank\" rel=\"noopener\">\n                <i class=\"fas fa-file-pdf\"><\/i> Descarregar PDF\n            <\/a>\n            <\/div>","protected":false},"excerpt":{"rendered":"<p>Presentamos las primeras conclusiones del estudio decorativo de las producciones de la llamada obra de terra de &eacute;poca medieval cristiana (siglos XIII-XIV) documentadas en la Pobla de Ifach (Calp&#44; Alicante)&#44; mostrando sus formas&#44; composici&oacute;n de sus pastas&#44; an&aacute;lisis de las producciones y planteamiento de su origen y distribuci&oacute;n.<\/p>","protected":false},"featured_media":45873,"template":"","meta":{"kia_subtitle":""},"product_brand":[],"product_cat":[2913],"product_tag":[],"class_list":{"0":"post-45800","1":"product","2":"type-product","3":"status-publish","4":"has-post-thumbnail","6":"product_cat-articulos","8":"first","9":"instock","10":"virtual","11":"product-type-simple"},"meta_box":{"ia_expediente":"","ia_ano":"","ia_fechas_de_actuacion":"","ia_municipios_comarcas":"","ia_directores":"","ia_periodos_culturales":"","ia_tipos_de_intervencion":"","ia_equipo_tecnico":"","ia_autores":"","ia_promotores":"","ia_deposito_de_materiales":"","ia_coordenadas_utm":""},"_links":{"self":[{"href":"https:\/\/marqalicante-admin.qwair.com\/va\/wp-json\/wp\/v2\/product\/45800","targetHints":{"allow":["GET"]}}],"collection":[{"href":"https:\/\/marqalicante-admin.qwair.com\/va\/wp-json\/wp\/v2\/product"}],"about":[{"href":"https:\/\/marqalicante-admin.qwair.com\/va\/wp-json\/wp\/v2\/types\/product"}],"wp:featuredmedia":[{"embeddable":true,"href":"https:\/\/marqalicante-admin.qwair.com\/va\/wp-json\/wp\/v2\/media\/45873"}],"wp:attachment":[{"href":"https:\/\/marqalicante-admin.qwair.com\/va\/wp-json\/wp\/v2\/media?parent=45800"}],"wp:term":[{"taxonomy":"product_brand","embeddable":true,"href":"https:\/\/marqalicante-admin.qwair.com\/va\/wp-json\/wp\/v2\/product_brand?post=45800"},{"taxonomy":"product_cat","embeddable":true,"href":"https:\/\/marqalicante-admin.qwair.com\/va\/wp-json\/wp\/v2\/product_cat?post=45800"},{"taxonomy":"product_tag","embeddable":true,"href":"https:\/\/marqalicante-admin.qwair.com\/va\/wp-json\/wp\/v2\/product_tag?post=45800"}],"curies":[{"name":"wp","href":"https:\/\/api.w.org\/{rel}","templated":true}]}}