{"id":45796,"date":"2025-05-16T06:32:17","date_gmt":"2025-05-16T06:32:17","guid":{"rendered":"https:\/\/marqalicante-admin.qwair.com\/producto\/el-santuario-de-cerca-la-renovacion-de-la-sala-de-arte-rupestre-de-castell-de-castells-notas-sobre-una-museografia-para-pla-de-petracos\/"},"modified":"2025-06-04T16:24:39","modified_gmt":"2025-06-04T16:24:39","slug":"el-santuario-de-cerca-la-renovacion-de-la-sala-de-arte-rupestre-de-castell-de-castells-notas-sobre-una-museografia-para-pla-de-petracos","status":"publish","type":"product","link":"https:\/\/marqalicante-admin.qwair.com\/va\/producte\/el-santuario-de-cerca-la-renovacion-de-la-sala-de-arte-rupestre-de-castell-de-castells-notas-sobre-una-museografia-para-pla-de-petracos\/","title":{"rendered":"El santuari de prop. La renovaci\u00f3 de la sala d\u00b4art rupestre de Castell de Castells. Notes sobre una museografia per a Pla de Petracos"},"content":{"rendered":"<div class=\"documento-item\">\n                    <h2 class=\"documento-title\">El santuari de prop. La renovaci\u00f3 de la sala d\u00b4art rupestre de Castell de Castells. Notes sobre una museografia per a Pla de Petracos<\/h2>\n        \n                    <p class=\"documento-subtitle\">Jorge A. Soler D\u00edaz i Rafael P\u00e9rez Jim\u00e9nez<\/p>\n        \n                    <a href=\"https:\/\/marqalicante.com\/contenido\/particulos\/pub_206.pdf\" class=\"documento-btn\" target=\"_blank\" rel=\"noopener\">\n                <i class=\"fas fa-file-pdf\"><\/i> Descarregar PDF\n            <\/a>\n            <\/div>","protected":false},"excerpt":{"rendered":"El santuario de cerca. La renovaci\u00f3n de la sala de arte rupestre de Castell de<span class=\"excerpt-hellip\"> [\u2026]<\/span>","protected":false},"featured_media":45873,"template":"","meta":{"kia_subtitle":""},"product_brand":[],"product_cat":[2913],"product_tag":[],"class_list":{"0":"post-45796","1":"product","2":"type-product","3":"status-publish","4":"has-post-thumbnail","6":"product_cat-articulos","8":"first","9":"instock","10":"virtual","11":"product-type-simple"},"meta_box":{"ia_expediente":"","ia_ano":"","ia_fechas_de_actuacion":"","ia_municipios_comarcas":"","ia_directores":"","ia_periodos_culturales":"","ia_tipos_de_intervencion":"","ia_equipo_tecnico":"","ia_autores":"","ia_promotores":"","ia_deposito_de_materiales":"","ia_coordenadas_utm":""},"_links":{"self":[{"href":"https:\/\/marqalicante-admin.qwair.com\/va\/wp-json\/wp\/v2\/product\/45796","targetHints":{"allow":["GET"]}}],"collection":[{"href":"https:\/\/marqalicante-admin.qwair.com\/va\/wp-json\/wp\/v2\/product"}],"about":[{"href":"https:\/\/marqalicante-admin.qwair.com\/va\/wp-json\/wp\/v2\/types\/product"}],"wp:featuredmedia":[{"embeddable":true,"href":"https:\/\/marqalicante-admin.qwair.com\/va\/wp-json\/wp\/v2\/media\/45873"}],"wp:attachment":[{"href":"https:\/\/marqalicante-admin.qwair.com\/va\/wp-json\/wp\/v2\/media?parent=45796"}],"wp:term":[{"taxonomy":"product_brand","embeddable":true,"href":"https:\/\/marqalicante-admin.qwair.com\/va\/wp-json\/wp\/v2\/product_brand?post=45796"},{"taxonomy":"product_cat","embeddable":true,"href":"https:\/\/marqalicante-admin.qwair.com\/va\/wp-json\/wp\/v2\/product_cat?post=45796"},{"taxonomy":"product_tag","embeddable":true,"href":"https:\/\/marqalicante-admin.qwair.com\/va\/wp-json\/wp\/v2\/product_tag?post=45796"}],"curies":[{"name":"wp","href":"https:\/\/api.w.org\/{rel}","templated":true}]}}