{"id":45786,"date":"2025-05-16T06:32:13","date_gmt":"2025-05-16T06:32:13","guid":{"rendered":"https:\/\/marqalicante-admin.qwair.com\/producto\/el-yacimiento-esquematico-del-cabeco-dor-abrigo-i-relleu-alicante\/"},"modified":"2025-06-04T16:24:37","modified_gmt":"2025-06-04T16:24:37","slug":"el-yacimiento-esquematico-del-cabeco-dor-abrigo-i-relleu-alicante","status":"publish","type":"product","link":"https:\/\/marqalicante-admin.qwair.com\/va\/producte\/el-yacimiento-esquematico-del-cabeco-dor-abrigo-i-relleu-alicante\/","title":{"rendered":"El jaciment esquem\u00e0tic del Cabe\u00e7\u00f3 d&#039;Or (Abric I). Relleu, Alacant"},"content":{"rendered":"<div class=\"documento-item\">\n                    <h2 class=\"documento-title\">El jaciment esquem\u00e0tic del Cabe\u00e7\u00f3 d&#039;Or (Abric I). Relleu, Alacant<\/h2>\n        \n                    <p class=\"documento-subtitle\">Jorge A. Soler, Virginia Barciela y Pere Ferrer<\/p>\n        \n                    <a href=\"https:\/\/marqalicante.com\/contenido\/particulos\/pub_196.pdf\" class=\"documento-btn\" target=\"_blank\" rel=\"noopener\">\n                <i class=\"fas fa-file-pdf\"><\/i> Descarregar PDF\n            <\/a>\n            <\/div>","protected":false},"excerpt":{"rendered":"El yacimiento esquem\u00e1tico del Cabe\u00e7\u00f3 d&#039;Or (Abrigo I). Relleu, Alicante Jorge A. Soler, Virginia Barciela<span class=\"excerpt-hellip\"> [\u2026]<\/span>","protected":false},"featured_media":45873,"template":"","meta":{"kia_subtitle":""},"product_brand":[],"product_cat":[2913],"product_tag":[],"class_list":{"0":"post-45786","1":"product","2":"type-product","3":"status-publish","4":"has-post-thumbnail","6":"product_cat-articulos","8":"first","9":"instock","10":"virtual","11":"product-type-simple"},"meta_box":{"ia_expediente":"","ia_ano":"","ia_fechas_de_actuacion":"","ia_municipios_comarcas":"","ia_directores":"","ia_periodos_culturales":"","ia_tipos_de_intervencion":"","ia_equipo_tecnico":"","ia_autores":"","ia_promotores":"","ia_deposito_de_materiales":"","ia_coordenadas_utm":""},"_links":{"self":[{"href":"https:\/\/marqalicante-admin.qwair.com\/va\/wp-json\/wp\/v2\/product\/45786","targetHints":{"allow":["GET"]}}],"collection":[{"href":"https:\/\/marqalicante-admin.qwair.com\/va\/wp-json\/wp\/v2\/product"}],"about":[{"href":"https:\/\/marqalicante-admin.qwair.com\/va\/wp-json\/wp\/v2\/types\/product"}],"wp:featuredmedia":[{"embeddable":true,"href":"https:\/\/marqalicante-admin.qwair.com\/va\/wp-json\/wp\/v2\/media\/45873"}],"wp:attachment":[{"href":"https:\/\/marqalicante-admin.qwair.com\/va\/wp-json\/wp\/v2\/media?parent=45786"}],"wp:term":[{"taxonomy":"product_brand","embeddable":true,"href":"https:\/\/marqalicante-admin.qwair.com\/va\/wp-json\/wp\/v2\/product_brand?post=45786"},{"taxonomy":"product_cat","embeddable":true,"href":"https:\/\/marqalicante-admin.qwair.com\/va\/wp-json\/wp\/v2\/product_cat?post=45786"},{"taxonomy":"product_tag","embeddable":true,"href":"https:\/\/marqalicante-admin.qwair.com\/va\/wp-json\/wp\/v2\/product_tag?post=45786"}],"curies":[{"name":"wp","href":"https:\/\/api.w.org\/{rel}","templated":true}]}}