{"id":45784,"date":"2025-05-16T06:32:12","date_gmt":"2025-05-16T06:32:12","guid":{"rendered":"https:\/\/marqalicante-admin.qwair.com\/producto\/artes-esquematicos-de-las-sociedades-agrafas-en-la-prehistoria-reciente-iberica\/"},"modified":"2025-06-04T16:24:36","modified_gmt":"2025-06-04T16:24:36","slug":"artes-esquematicos-de-las-sociedades-agrafas-en-la-prehistoria-reciente-iberica","status":"publish","type":"product","link":"https:\/\/marqalicante-admin.qwair.com\/va\/producte\/artes-esquematicos-de-las-sociedades-agrafas-en-la-prehistoria-reciente-iberica\/","title":{"rendered":"Arts esquem\u00e0tics de les societats \u00e0grafes a la Prehist\u00f2ria recent ib\u00e8rica"},"content":{"rendered":"<div class=\"documento-item\">\n                    <h2 class=\"documento-title\">Arts esquem\u00e0tics de les societats \u00e0grafes a la Prehist\u00f2ria recent ib\u00e8rica<\/h2>\n        \n                    <p class=\"documento-subtitle\">Juli\u00e1n Mart\u00ednez<\/p>\n        \n                    <a href=\"https:\/\/marqalicante.com\/contenido\/particulos\/pub_194.pdf\" class=\"documento-btn\" target=\"_blank\" rel=\"noopener\">\n                <i class=\"fas fa-file-pdf\"><\/i> Descarregar PDF\n            <\/a>\n            <\/div>","protected":false},"excerpt":{"rendered":"Artes esquem\u00e1ticos de las sociedades \u00e1grafas en la Prehistoria reciente ib\u00e9rica Juli\u00e1n Mart\u00ednez Descargar PDF","protected":false},"featured_media":45873,"template":"","meta":{"kia_subtitle":""},"product_brand":[],"product_cat":[2913],"product_tag":[],"class_list":{"0":"post-45784","1":"product","2":"type-product","3":"status-publish","4":"has-post-thumbnail","6":"product_cat-articulos","8":"first","9":"instock","10":"virtual","11":"product-type-simple"},"meta_box":{"ia_expediente":"","ia_ano":"","ia_fechas_de_actuacion":"","ia_municipios_comarcas":"","ia_directores":"","ia_periodos_culturales":"","ia_tipos_de_intervencion":"","ia_equipo_tecnico":"","ia_autores":"","ia_promotores":"","ia_deposito_de_materiales":"","ia_coordenadas_utm":""},"_links":{"self":[{"href":"https:\/\/marqalicante-admin.qwair.com\/va\/wp-json\/wp\/v2\/product\/45784","targetHints":{"allow":["GET"]}}],"collection":[{"href":"https:\/\/marqalicante-admin.qwair.com\/va\/wp-json\/wp\/v2\/product"}],"about":[{"href":"https:\/\/marqalicante-admin.qwair.com\/va\/wp-json\/wp\/v2\/types\/product"}],"wp:featuredmedia":[{"embeddable":true,"href":"https:\/\/marqalicante-admin.qwair.com\/va\/wp-json\/wp\/v2\/media\/45873"}],"wp:attachment":[{"href":"https:\/\/marqalicante-admin.qwair.com\/va\/wp-json\/wp\/v2\/media?parent=45784"}],"wp:term":[{"taxonomy":"product_brand","embeddable":true,"href":"https:\/\/marqalicante-admin.qwair.com\/va\/wp-json\/wp\/v2\/product_brand?post=45784"},{"taxonomy":"product_cat","embeddable":true,"href":"https:\/\/marqalicante-admin.qwair.com\/va\/wp-json\/wp\/v2\/product_cat?post=45784"},{"taxonomy":"product_tag","embeddable":true,"href":"https:\/\/marqalicante-admin.qwair.com\/va\/wp-json\/wp\/v2\/product_tag?post=45784"}],"curies":[{"name":"wp","href":"https:\/\/api.w.org\/{rel}","templated":true}]}}