{"id":45770,"date":"2025-05-16T06:32:08","date_gmt":"2025-05-16T06:32:08","guid":{"rendered":"https:\/\/marqalicante-admin.qwair.com\/producto\/la-comision-provincial-de-monumentos-de-alicante-1844-1964-un-analisis-de-sus-actuaciones-a-traves-de-la-prensa-historica\/"},"modified":"2025-06-04T16:24:33","modified_gmt":"2025-06-04T16:24:33","slug":"la-comision-provincial-de-monumentos-de-alicante-1844-1964-un-analisis-de-sus-actuaciones-a-traves-de-la-prensa-historica","status":"publish","type":"product","link":"https:\/\/marqalicante-admin.qwair.com\/va\/producte\/la-comision-provincial-de-monumentos-de-alicante-1844-1964-un-analisis-de-sus-actuaciones-a-traves-de-la-prensa-historica\/","title":{"rendered":"La Comissi\u00f3 Provincial de Monuments dAlacant (1844-1964). Una an\u00e0lisi de les seves actuacions a trav\u00e9s de la premsa hist\u00f2rica"},"content":{"rendered":"<div class=\"documento-item\">\n                    <h2 class=\"documento-title\">La Comissi\u00f3 Provincial de Monuments dAlacant (1844-1964). Una an\u00e0lisi de les seves actuacions a trav\u00e9s de la premsa hist\u00f2rica<\/h2>\n        \n                    <p class=\"documento-subtitle\">Santiago Olcina Llacs<\/p>\n        \n                    <a href=\"https:\/\/marqalicante.com\/contenido\/particulos\/pub_180.pdf\" class=\"documento-btn\" target=\"_blank\" rel=\"noopener\">\n                <i class=\"fas fa-file-pdf\"><\/i> Descarregar PDF\n            <\/a>\n            <\/div>","protected":false},"excerpt":{"rendered":"<p>Las Comisiones Provinciales de Monumentos de Espa&ntilde;a fueron las primeras instituciones destinadas a la gesti&oacute;n del patrimonio hist&oacute;rico en nuestro pa&iacute;s. Mediante su conservaci&oacute;n y protecci&oacute;n&#44; se pretendi&oacute; llevar a cabo un control exhaustivo de los bienes que se hab&iacute;an liberado tras la Desamortizaci&oacute;n de Mendiz&aacute;bal. En la provincia de Alicante esta instituci&oacute;n desarroll&oacute; varias l&iacute;neas de actuaci&oacute;n a lo largo de su siglo y medio de vida&#44; y muchas de ellas se reflejaron en la prensa del momento&#44; y por lo tanto&#44; en la opini&oacute;n p&uacute;blica de la sociedad alicantina. El presente art&iacute;culo pretende mostrar el alcance que tuvieron las gestiones de la instituci&oacute;n a trav&eacute;s de su reflejo en la prensa.<\/p>","protected":false},"featured_media":45873,"template":"","meta":{"kia_subtitle":""},"product_brand":[],"product_cat":[2913],"product_tag":[],"class_list":{"0":"post-45770","1":"product","2":"type-product","3":"status-publish","4":"has-post-thumbnail","6":"product_cat-articulos","8":"first","9":"instock","10":"virtual","11":"product-type-simple"},"meta_box":{"ia_expediente":"","ia_ano":"","ia_fechas_de_actuacion":"","ia_municipios_comarcas":"","ia_directores":"","ia_periodos_culturales":"","ia_tipos_de_intervencion":"","ia_equipo_tecnico":"","ia_autores":"","ia_promotores":"","ia_deposito_de_materiales":"","ia_coordenadas_utm":""},"_links":{"self":[{"href":"https:\/\/marqalicante-admin.qwair.com\/va\/wp-json\/wp\/v2\/product\/45770","targetHints":{"allow":["GET"]}}],"collection":[{"href":"https:\/\/marqalicante-admin.qwair.com\/va\/wp-json\/wp\/v2\/product"}],"about":[{"href":"https:\/\/marqalicante-admin.qwair.com\/va\/wp-json\/wp\/v2\/types\/product"}],"wp:featuredmedia":[{"embeddable":true,"href":"https:\/\/marqalicante-admin.qwair.com\/va\/wp-json\/wp\/v2\/media\/45873"}],"wp:attachment":[{"href":"https:\/\/marqalicante-admin.qwair.com\/va\/wp-json\/wp\/v2\/media?parent=45770"}],"wp:term":[{"taxonomy":"product_brand","embeddable":true,"href":"https:\/\/marqalicante-admin.qwair.com\/va\/wp-json\/wp\/v2\/product_brand?post=45770"},{"taxonomy":"product_cat","embeddable":true,"href":"https:\/\/marqalicante-admin.qwair.com\/va\/wp-json\/wp\/v2\/product_cat?post=45770"},{"taxonomy":"product_tag","embeddable":true,"href":"https:\/\/marqalicante-admin.qwair.com\/va\/wp-json\/wp\/v2\/product_tag?post=45770"}],"curies":[{"name":"wp","href":"https:\/\/api.w.org\/{rel}","templated":true}]}}