{"id":45767,"date":"2025-05-16T06:32:07","date_gmt":"2025-05-16T06:32:07","guid":{"rendered":"https:\/\/marqalicante-admin.qwair.com\/producto\/propuesta-metodologica-para-optimizar-el-analisis-de-residuos-organicos-sobre-ceramica-arqueologica-el-caso-de-los-recipientes-argaricos\/"},"modified":"2025-06-04T16:24:33","modified_gmt":"2025-06-04T16:24:33","slug":"propuesta-metodologica-para-optimizar-el-analisis-de-residuos-organicos-sobre-ceramica-arqueologica-el-caso-de-los-recipientes-argaricos","status":"publish","type":"product","link":"https:\/\/marqalicante-admin.qwair.com\/va\/producte\/propuesta-metodologica-para-optimizar-el-analisis-de-residuos-organicos-sobre-ceramica-arqueologica-el-caso-de-los-recipientes-argaricos\/","title":{"rendered":"Proposta metodol\u00f2gica per optimitzar lan\u00e0lisi de residus org\u00e0nics sobre cer\u00e0mica arqueol\u00f2gica. El cas dels recipients arg\u00e0rics"},"content":{"rendered":"<div class=\"documento-item\">\n                    <h2 class=\"documento-title\">Proposta metodol\u00f2gica per optimitzar lan\u00e0lisi de residus org\u00e0nics sobre cer\u00e0mica arqueol\u00f2gica. El cas dels recipients arg\u00e0rics<\/h2>\n        \n                    <p class=\"documento-subtitle\">Elena Molina, Antoni Rosell-Mel\u00e9<\/p>\n        \n                    <a href=\"https:\/\/marqalicante.com\/contenido\/particulos\/pub_177.pdf\" class=\"documento-btn\" target=\"_blank\" rel=\"noopener\">\n                <i class=\"fas fa-file-pdf\"><\/i> Descarregar PDF\n            <\/a>\n            <\/div>","protected":false},"excerpt":{"rendered":"<p style=\"margin-left:0cm; margin-right:0cm\"><span style=\"font-size:11pt\"><span style=\"font-family:Calibri&#44;sans-serif\"><span style=\"font-size:9.0pt\"><span style=\"font-family:&quot;DIN2014-Regular&quot;&#44;sans-serif\">L&#039;any<\/span><\/span><span style=\"font-size:9.0pt\">\u00e0<\/span><span style=\"font-size:9.0pt\"><span style=\"font-family:&quot;DIN2014-Regular&quot;&#44;sans-serif\">lisi de residus org<\/span><\/span><span style=\"font-size:9.0pt\">\u00e0<\/span><span style=\"font-size:9.0pt\"><span style=\"font-family:&quot;DIN2014-Regular&quot;&#44;sans-serif\">nics sobre cer<\/span><\/span><span style=\"font-size:9.0pt\">\u00e0<\/span><span style=\"font-size:9.0pt\"><span style=\"font-family:&quot;DIN2014-Regular&quot;&#44;sans-serif\">miques arqueol<\/span><\/span><span style=\"font-size:9.0pt\">o<\/span><span style=\"font-size:9.0pt\"><span style=\"font-family:&quot;DIN2014-Regular&quot;&#44;sans-serif\">gicas es una herramienta capaz de caracterizar la funcionalidad de los recipientes analizados. Sin embargo&#44; las conservaciones de los residuos org<\/span><\/span><span style=\"font-size:9.0pt\">\u00e0<\/span><span style=\"font-size:9.0pt\"><span style=\"font-family:&quot;DIN2014-Regular&quot;&#44;sans-serif\">nics en aquests contextos poden veure&#039;s afectats per processos de degradaci<\/span><\/span><span style=\"font-size:9.0pt\">o<\/span><span style=\"font-size:9.0pt\"><span style=\"font-family:&quot;DIN2014-Regular&quot;&#44;sans-serif\">i contaminaci<\/span><\/span><span style=\"font-size:9.0pt\">o<\/span><span style=\"font-size:9.0pt\"><span style=\"font-family:&quot;DIN2014-Regular&quot;&#44;sans-serif\">que alteren la seva composici<\/span><\/span><span style=\"font-size:9.0pt\">o<\/span><span style=\"font-size:9.0pt\"><span style=\"font-family:&quot;DIN2014-Regular&quot;&#44;sans-serif\">n originaria impossibilitant la identificaci<\/span><\/span><span style=\"font-size:9.0pt\">o<\/span><span style=\"font-size:9.0pt\"><span style=\"font-family:&quot;DIN2014-Regular&quot;&#44;sans-serif\">n de la sustancia de la que proceden. En este contexto&#44; el presente trabajo se centra en definir un protocolo de muestreo optimizado para minimizar dichos elementos. El estudio es precedido por un trabajo&#44; tambi<\/span><\/span><span style=\"font-size:9.0pt\">\u00e9<\/span><span style=\"font-size:9.0pt\"><span style=\"font-family:&quot;DIN2014-Regular&quot;&#44;sans-serif\">de car<\/span><\/span><span style=\"font-size:9.0pt\">\u00e0<\/span><span style=\"font-size:9.0pt\"><span style=\"font-family:&quot;DIN2014-Regular&quot;&#44;sans-serif\">cter metodol<\/span><\/span><span style=\"font-size:9.0pt\">o<\/span><span style=\"font-size:9.0pt\"><span style=\"font-family:&quot;DIN2014-Regular&quot;&#44;sans-serif\">gico&#44; destinado a constatar la conservaci<\/span><\/span><span style=\"font-size:9.0pt\">o<\/span><span style=\"font-size:9.0pt\"><span style=\"font-family:&quot;DIN2014-Regular&quot;&#44;sans-serif\">n dels residus org<\/span><\/span><span style=\"font-size:9.0pt\">\u00e0<\/span><span style=\"font-size:9.0pt\"><span style=\"font-family:&quot;DIN2014-Regular&quot;&#44;sans-serif\">nics en el context destudi. El conjunt de peces incloses en aquest estudi procedeixen de quatre jaciments del grup arqueol<\/span><\/span><span style=\"font-size:9.0pt\">o<\/span><span style=\"font-size:9.0pt\"><span style=\"font-family:&quot;DIN2014-Regular&quot;&#44;sans-serif\">gico argarico: Gatas (Turre&#44; Almer<\/span><\/span><span style=\"font-size:9.0pt\">\u00ed<\/span><span style=\"font-size:9.0pt\"><span style=\"font-family:&quot;DIN2014-Regular&quot;&#44;sans-serif\">a)&#44; La Bastida (Totana&#44; Murcia)&#44; La Tira del Lienzo (Totana&#44; Murcia) y La Almoloya (Pliego&#44; Murcia)&#44; de los cuales se analizaron los residuos org<\/span><\/span><span style=\"font-size:9.0pt\">\u00e0<\/span><span style=\"font-size:9.0pt\"><span style=\"font-family:&quot;DIN2014-Regular&quot;&#44;sans-serif\">nics de 85 recipients procedents de contextos habitacionals i funeraris datats al llarg de la diacron<\/span><\/span><span style=\"font-size:9.0pt\">\u00ed<\/span><span style=\"font-size:9.0pt\"><span style=\"font-family:&quot;DIN2014-Regular&quot;&#44;sans-serif\">a argarica (2200-155 cal ANE). L&#039;any<\/span><\/span><span style=\"font-size:9.0pt\">\u00e0<\/span><span style=\"font-size:9.0pt\"><span style=\"font-family:&quot;DIN2014-Regular&quot;&#44;sans-serif\">lisi metodol<\/span><\/span><span style=\"font-size:9.0pt\">o<\/span><span style=\"font-size:9.0pt\"><span style=\"font-family:&quot;DIN2014-Regular&quot;&#44;sans-serif\">gic realitzat sobre aquest <\/span><\/span><em><span style=\"font-size:9.0pt\"><span style=\"font-family:&quot;DIN2014-Italic&quot;&#44;sans-serif\">corpus <\/span><\/span><\/em><span style=\"font-size:9.0pt\"><span style=\"font-family:&quot;DIN2014-Regular&quot;&#44;sans-serif\">material ha perm\u00e8s generar un protocol <\/span><\/span><span style=\"font-size:9.0pt\">\u00fa<\/span><span style=\"font-size:9.0pt\"><span style=\"font-family:&quot;DIN2014-Regular&quot;&#44;sans-serif\">nico para el muestreo optimo&#44; en el que se minimizan los elementos de degradaci<\/span><\/span><span style=\"font-size:9.0pt\">o<\/span><span style=\"font-size:9.0pt\"><span style=\"font-family:&quot;DIN2014-Regular&quot;&#44;sans-serif\">i contaminaci<\/span><\/span><span style=\"font-size:9.0pt\">o<\/span><span style=\"font-size:9.0pt\"><span style=\"font-family:&quot;DIN2014-Regular&quot;&#44;sans-serif\">n del contingut arqueol<\/span><\/span><span style=\"font-size:9.0pt\">o<\/span><span style=\"font-size:9.0pt\"><span style=\"font-family:&quot;DIN2014-Regular&quot;&#44;sans-serif\">gic i de servir<\/span><\/span><span style=\"font-size:9.0pt\">\u00e0<\/span><span style=\"font-size:9.0pt\"><span style=\"font-family:&quot;DIN2014-Regular&quot;&#44;sans-serif\"> com a suport metodol<\/span><\/span><span style=\"font-size:9.0pt\">o<\/span><span style=\"font-size:9.0pt\"><span style=\"font-family:&quot;DIN2014-Regular&quot;&#44;sans-serif\">gic per a futures investigacions de residus org<\/span><\/span><span style=\"font-size:9.0pt\">\u00e0<\/span><span style=\"font-size:9.0pt\"><span style=\"font-family:&quot;DIN2014-Regular&quot;&#44;sans-serif\">nics.<\/span><\/span><\/span><\/span><\/p>","protected":false},"featured_media":45873,"template":"","meta":{"kia_subtitle":""},"product_brand":[],"product_cat":[2913],"product_tag":[],"class_list":{"0":"post-45767","1":"product","2":"type-product","3":"status-publish","4":"has-post-thumbnail","6":"product_cat-articulos","8":"first","9":"instock","10":"virtual","11":"product-type-simple"},"meta_box":{"ia_expediente":"","ia_ano":"","ia_fechas_de_actuacion":"","ia_municipios_comarcas":"","ia_directores":"","ia_periodos_culturales":"","ia_tipos_de_intervencion":"","ia_equipo_tecnico":"","ia_autores":"","ia_promotores":"","ia_deposito_de_materiales":"","ia_coordenadas_utm":""},"_links":{"self":[{"href":"https:\/\/marqalicante-admin.qwair.com\/va\/wp-json\/wp\/v2\/product\/45767","targetHints":{"allow":["GET"]}}],"collection":[{"href":"https:\/\/marqalicante-admin.qwair.com\/va\/wp-json\/wp\/v2\/product"}],"about":[{"href":"https:\/\/marqalicante-admin.qwair.com\/va\/wp-json\/wp\/v2\/types\/product"}],"wp:featuredmedia":[{"embeddable":true,"href":"https:\/\/marqalicante-admin.qwair.com\/va\/wp-json\/wp\/v2\/media\/45873"}],"wp:attachment":[{"href":"https:\/\/marqalicante-admin.qwair.com\/va\/wp-json\/wp\/v2\/media?parent=45767"}],"wp:term":[{"taxonomy":"product_brand","embeddable":true,"href":"https:\/\/marqalicante-admin.qwair.com\/va\/wp-json\/wp\/v2\/product_brand?post=45767"},{"taxonomy":"product_cat","embeddable":true,"href":"https:\/\/marqalicante-admin.qwair.com\/va\/wp-json\/wp\/v2\/product_cat?post=45767"},{"taxonomy":"product_tag","embeddable":true,"href":"https:\/\/marqalicante-admin.qwair.com\/va\/wp-json\/wp\/v2\/product_tag?post=45767"}],"curies":[{"name":"wp","href":"https:\/\/api.w.org\/{rel}","templated":true}]}}