{"id":45766,"date":"2025-05-16T06:32:07","date_gmt":"2025-05-16T06:32:07","guid":{"rendered":"https:\/\/marqalicante-admin.qwair.com\/producto\/arquitectura-megalitica-en-el-sureste-de-la-peninsula-iberica-analisis-inicial-de-los-sepulturas-de-corredor-camara-circular-y-cubierta-plana-de-las-necropolis-de-los-millares-los-rubialillos-y-las\/"},"modified":"2025-06-04T16:24:33","modified_gmt":"2025-06-04T16:24:33","slug":"arquitectura-megalitica-en-el-sureste-de-la-peninsula-iberica-analisis-inicial-de-los-sepulturas-de-corredor-camara-circular-y-cubierta-plana-de-las-necropolis-de-los-millares-los-rubialillos-y-las","status":"publish","type":"product","link":"https:\/\/marqalicante-admin.qwair.com\/va\/producte\/arquitectura-megalitica-en-el-sureste-de-la-peninsula-iberica-analisis-inicial-de-los-sepulturas-de-corredor-camara-circular-y-cubierta-plana-de-las-necropolis-de-los-millares-los-rubialillos-y-las\/","title":{"rendered":"Arquitectura megal\u00edtica al sud-est de la pen\u00ednsula ib\u00e8rica. An\u00e0lisi inicial dels sepultures de corredor, cambra circular i coberta plana de les necr\u00f2polis de Los Millares, Els Rubialillos i Les Pe\u00f1icas-El Tejar (Almeria)"},"content":{"rendered":"<div class=\"documento-item\">\n                    <h2 class=\"documento-title\">Arquitectura megal\u00edtica al sud-est de la pen\u00ednsula ib\u00e8rica. An\u00e0lisi inicial dels sepultures de corredor, cambra circular i coberta plana de les necr\u00f2polis de Los Millares, Els Rubialillos i Les Pe\u00f1icas-El Tejar (Almeria)<\/h2>\n        \n                    <p class=\"documento-subtitle\">Maria Eugenia Calv\u00ed Velasco<\/p>\n        \n                    <a href=\"https:\/\/marqalicante.com\/contenido\/particulos\/pub_176.pdf\" class=\"documento-btn\" target=\"_blank\" rel=\"noopener\">\n                <i class=\"fas fa-file-pdf\"><\/i> Descarregar PDF\n            <\/a>\n            <\/div>","protected":false},"excerpt":{"rendered":"<p style=\"margin-left:0cm; margin-right:0cm\"><span style=\"font-size:11pt\"><span style=\"font-family:Calibri&#44;sans-serif\"><span style=\"font-size:9.0pt\"><span style=\"font-family:&quot;DIN2014-Regular&quot;&#44;sans-serif\">Es presenta l&#039;an<\/span><\/span><span style=\"font-size:9.0pt\">\u00e0<\/span><span style=\"font-size:9.0pt\"><span style=\"font-family:&quot;DIN2014-Regular&quot;&#44;sans-serif\">lisi arquitecte<\/span><\/span><span style=\"font-size:9.0pt\">o<\/span><span style=\"font-size:9.0pt\"><span style=\"font-family:&quot;DIN2014-Regular&quot;&#44;sans-serif\">nic d&#039;una s\u00e8rie de necr<\/span><\/span><span style=\"font-size:9.0pt\">o<\/span><span style=\"font-size:9.0pt\"><span style=\"font-family:&quot;DIN2014-Regular&quot;&#44;sans-serif\">polis del Grup Arqueol<\/span><\/span><span style=\"font-size:9.0pt\">o<\/span><span style=\"font-size:9.0pt\"><span style=\"font-family:&quot;DIN2014-Regular&quot;&#44;sans-serif\">gic de Los Millares amb l&#039;objectiu de constatar la pres\u00e8ncia d&#039;una nova tipologia<\/span><\/span><span style=\"font-size:9.0pt\">\u00ed<\/span><span style=\"font-size:9.0pt\"><span style=\"font-family:&quot;DIN2014-Regular&quot;&#44;sans-serif\">a de sepulcres amb corredor d&#039;acc\u00e9s ic<\/span><\/span><span style=\"font-size:9.0pt\">\u00e0<\/span><span style=\"font-size:9.0pt\"><span style=\"font-family:&quot;DIN2014-Regular&quot;&#44;sans-serif\">mara circular. A trav<\/span><\/span><span style=\"font-size:9.0pt\">\u00e9<\/span><span style=\"font-size:9.0pt\"><span style=\"font-family:&quot;DIN2014-Regular&quot;&#44;sans-serif\">s de l&#039;estudi, principalment del di<\/span><\/span><span style=\"font-size:9.0pt\">\u00e0<\/span><span style=\"font-size:9.0pt\"><span style=\"font-family:&quot;DIN2014-Regular&quot;&#44;sans-serif\">metre de la c<\/span><\/span><span style=\"font-size:9.0pt\">\u00e0<\/span><span style=\"font-size:9.0pt\"><span style=\"font-family:&quot;DIN2014-Regular&quot;&#44;sans-serif\">mara sepulcral, i de la pres\u00e8ncia d&#039;altres car\u00e0cters arquitecte<\/span><\/span><span style=\"font-size:9.0pt\">o<\/span><span style=\"font-size:9.0pt\"><span style=\"font-family:&quot;DIN2014-Regular&quot;&#44;sans-serif\">nics com els anells conc<\/span><\/span><span style=\"font-size:9.0pt\">\u00e9<\/span><span style=\"font-size:9.0pt\"><span style=\"font-family:&quot;DIN2014-Regular&quot;&#44;sans-serif\">ntrics i llanxes de pedra, l&#039;excavaci<\/span><\/span><span style=\"font-size:9.0pt\">o<\/span><span style=\"font-size:9.0pt\"><span style=\"font-family:&quot;DIN2014-Regular&quot;&#44;sans-serif\">de la construcci<\/span><\/span><span style=\"font-size:9.0pt\">o<\/span><span style=\"font-size:9.0pt\"><span style=\"font-family:&quot;DIN2014-Regular&quot;&#44;sans-serif\">n al substrat geol<\/span><\/span><span style=\"font-size:9.0pt\">o<\/span><span style=\"font-size:9.0pt\"><span style=\"font-family:&quot;DIN2014-Regular&quot;&#44;sans-serif\">gic i la mida<\/span><\/span><span style=\"font-size:9.0pt\">\u00f1<\/span><span style=\"font-size:9.0pt\"><span style=\"font-family:&quot;DIN2014-Regular&quot;&#44;sans-serif\">o del t<\/span><\/span><span style=\"font-size:9.0pt\">\u00fa<\/span><span style=\"font-size:9.0pt\"><span style=\"font-family:&quot;DIN2014-Regular&quot;&#44;sans-serif\">mul, s&#039;estableix una diferenciaci<\/span><\/span><span style=\"font-size:9.0pt\">o<\/span><span style=\"font-size:9.0pt\"><span style=\"font-family:&quot;DIN2014-Regular&quot;&#44;sans-serif\">entre el tipus de cobrici<\/span><\/span><span style=\"font-size:9.0pt\">o<\/span><span style=\"font-size:9.0pt\"><span style=\"font-family:&quot;DIN2014-Regular&quot;&#44;sans-serif\">n de les sepultures de c<\/span><\/span><span style=\"font-size:9.0pt\">\u00e0<\/span><span style=\"font-size:9.0pt\"><span style=\"font-family:&quot;DIN2014-Regular&quot;&#44;sans-serif\">mara circular, els tradicionals tholoi o sepultures de falsa c<\/span><\/span><span style=\"font-size:9.0pt\">\u00fa<\/span><span style=\"font-size:9.0pt\"><span style=\"font-family:&quot;DIN2014-Regular&quot;&#44;sans-serif\">pula, i les sepultures de coberta plana. Posteriorment es procedeix a una breu avaluaci\u00f3<\/span><\/span><span style=\"font-size:9.0pt\">o<\/span><span style=\"font-size:9.0pt\"><span style=\"font-family:&quot;DIN2014-Regular&quot;&#44;sans-serif\">n social a trav<\/span><\/span><span style=\"font-size:9.0pt\">\u00e9<\/span><span style=\"font-size:9.0pt\"><span style=\"font-family:&quot;DIN2014-Regular&quot;&#44;sans-serif\">s de l&#039;any<\/span><\/span><span style=\"font-size:9.0pt\">\u00e0<\/span><span style=\"font-size:9.0pt\"><span style=\"font-family:&quot;DIN2014-Regular&quot;&#44;sans-serif\">lisi dels aixovars per intentar establir una vinculaci<\/span><\/span><span style=\"font-size:9.0pt\">o<\/span><span style=\"font-size:9.0pt\"><span style=\"font-family:&quot;DIN2014-Regular&quot;&#44;sans-serif\">n entre estatus social i tipologia<\/span><\/span><span style=\"font-size:9.0pt\">\u00ed<\/span><span style=\"font-size:9.0pt\"><span style=\"font-family:&quot;DIN2014-Regular&quot;&#44;sans-serif\">a arquitecte<\/span><\/span><span style=\"font-size:9.0pt\">o<\/span><span style=\"font-size:9.0pt\"><span style=\"font-family:&quot;DIN2014-Regular&quot;&#44;sans-serif\">nica, tenint en compte la import\u00e0ncia del ritual funerari en els processos de desenvolupament de la desigualtat social durant el Calc\u00f2lic al Sud-est.<\/span><\/span><\/span><\/span><\/p>","protected":false},"featured_media":45873,"template":"","meta":{"kia_subtitle":""},"product_brand":[],"product_cat":[2913],"product_tag":[],"class_list":{"0":"post-45766","1":"product","2":"type-product","3":"status-publish","4":"has-post-thumbnail","6":"product_cat-articulos","8":"first","9":"instock","10":"virtual","11":"product-type-simple"},"meta_box":{"ia_expediente":"","ia_ano":"","ia_fechas_de_actuacion":"","ia_municipios_comarcas":"","ia_directores":"","ia_periodos_culturales":"","ia_tipos_de_intervencion":"","ia_equipo_tecnico":"","ia_autores":"","ia_promotores":"","ia_deposito_de_materiales":"","ia_coordenadas_utm":""},"_links":{"self":[{"href":"https:\/\/marqalicante-admin.qwair.com\/va\/wp-json\/wp\/v2\/product\/45766","targetHints":{"allow":["GET"]}}],"collection":[{"href":"https:\/\/marqalicante-admin.qwair.com\/va\/wp-json\/wp\/v2\/product"}],"about":[{"href":"https:\/\/marqalicante-admin.qwair.com\/va\/wp-json\/wp\/v2\/types\/product"}],"wp:featuredmedia":[{"embeddable":true,"href":"https:\/\/marqalicante-admin.qwair.com\/va\/wp-json\/wp\/v2\/media\/45873"}],"wp:attachment":[{"href":"https:\/\/marqalicante-admin.qwair.com\/va\/wp-json\/wp\/v2\/media?parent=45766"}],"wp:term":[{"taxonomy":"product_brand","embeddable":true,"href":"https:\/\/marqalicante-admin.qwair.com\/va\/wp-json\/wp\/v2\/product_brand?post=45766"},{"taxonomy":"product_cat","embeddable":true,"href":"https:\/\/marqalicante-admin.qwair.com\/va\/wp-json\/wp\/v2\/product_cat?post=45766"},{"taxonomy":"product_tag","embeddable":true,"href":"https:\/\/marqalicante-admin.qwair.com\/va\/wp-json\/wp\/v2\/product_tag?post=45766"}],"curies":[{"name":"wp","href":"https:\/\/api.w.org\/{rel}","templated":true}]}}