{"id":45765,"date":"2025-05-16T06:32:06","date_gmt":"2025-05-16T06:32:06","guid":{"rendered":"https:\/\/marqalicante-admin.qwair.com\/producto\/cerro-ortega-villanueva-de-la-fuente-ciudad-real-un-abrigo-sepulcral-con-inhumacion-multiple-durante-la-transicion-neolitico-calcolitico-al-sur-de-la-meseta\/"},"modified":"2025-06-04T16:24:32","modified_gmt":"2025-06-04T16:24:32","slug":"cerro-ortega-villanueva-de-la-fuente-ciudad-real-un-abrigo-sepulcral-con-inhumacion-multiple-durante-la-transicion-neolitico-calcolitico-al-sur-de-la-meseta","status":"publish","type":"product","link":"https:\/\/marqalicante-admin.qwair.com\/va\/producte\/cerro-ortega-villanueva-de-la-fuente-ciudad-real-un-abrigo-sepulcral-con-inhumacion-multiple-durante-la-transicion-neolitico-calcolitico-al-sur-de-la-meseta\/","title":{"rendered":"Tur\u00f3 Ortega (Villanova de la Font, Ciudad Real): un abric sepulcral amb inhumaci\u00f3 m\u00faltiple durant la transici\u00f3 neol\u00edtic-calcol\u00edtic al sud de l&#039;altipl\u00e0"},"content":{"rendered":"<div class=\"documento-item\">\n                    <h2 class=\"documento-title\">Tur\u00f3 Ortega (Villanova de la Font, Ciudad Real): un abric sepulcral amb inhumaci\u00f3 m\u00faltiple durant la transici\u00f3 neol\u00edtic-calcol\u00edtic al sud de l&#039;altipl\u00e0<\/h2>\n        \n                    <p class=\"documento-subtitle\">Luis Benitez de Lugo Enrich, Llu\u00eds Ala\u00f1on Flox, Carles Barri Llogaret, Immaculada Donate Carretero, Marta Frances Negre, Belen Marquez Mora, Gabriel Menchen Herreros, Jaume Moraleda Serra, Juan Manuel Rojas Rodriguez Malo, Diumenge C. Salazar-Garcia<\/p>\n        \n                    <a href=\"https:\/\/marqalicante.com\/contenido\/particulos\/pub_175.pdf\" class=\"documento-btn\" target=\"_blank\" rel=\"noopener\">\n                <i class=\"fas fa-file-pdf\"><\/i> Descarregar PDF\n            <\/a>\n            <\/div>","protected":false},"excerpt":{"rendered":"<p style=\"margin-left:0cm; margin-right:0cm\"><span style=\"font-size:11pt\"><span style=\"font-family:Calibri&#44;sans-serif\"><span style=\"font-size:9.0pt\"><span style=\"font-family:&quot;DIN2014-Regular&quot;&#44;sans-serif\">Aquest treball suposa una actualitzaci\u00f3 de la documentaci\u00f3 disponible sobre la necr\u00f2polis del Tur\u00f3 Ortega, que inclou noves datacions absolutes i el seu context cultural. S&#039;aporten dades i materials inedits sobre alguns llocs arqueol\u00f2gics fonamentals per comprendre els processos de canvi cultural entre els IV i III mil\u00b7lennis cal\u00e7 BC a l&#039;interior peninsular: Tur\u00f3 Ortega (Villanova de la Font), Villamayor de Calatrava, Vega dels Morals (Llogaret del Rei), Cova Maturras (Argamasilla d&#039;Alba) entre d&#039;altres. La presentaci\u00f3 de polseres de pedra, idols, adorns personals de petxina, os, pissarra, clinoclor, clinoferrosilita i calcita, aix\u00ed com l&#039;orientaci\u00f3 a esdeveniments astron\u00f2mics d&#039;un refugi sepulcral, proporciona informaci\u00f3 sobre els aspectes simb\u00f3lics de les primeres comunitats productores de la Manxa. L&#039;estudi permet avan\u00e7ar en el coneixement de les bases neol\u00edtiques que van permetre formar el substrat calc\u00f2lic de la Cultura de les Motilles.<\/span><\/span><\/span><\/span><\/p>","protected":false},"featured_media":45873,"template":"","meta":{"kia_subtitle":""},"product_brand":[],"product_cat":[2913],"product_tag":[],"class_list":{"0":"post-45765","1":"product","2":"type-product","3":"status-publish","4":"has-post-thumbnail","6":"product_cat-articulos","8":"first","9":"instock","10":"virtual","11":"product-type-simple"},"meta_box":{"ia_expediente":"","ia_ano":"","ia_fechas_de_actuacion":"","ia_municipios_comarcas":"","ia_directores":"","ia_periodos_culturales":"","ia_tipos_de_intervencion":"","ia_equipo_tecnico":"","ia_autores":"","ia_promotores":"","ia_deposito_de_materiales":"","ia_coordenadas_utm":""},"_links":{"self":[{"href":"https:\/\/marqalicante-admin.qwair.com\/va\/wp-json\/wp\/v2\/product\/45765","targetHints":{"allow":["GET"]}}],"collection":[{"href":"https:\/\/marqalicante-admin.qwair.com\/va\/wp-json\/wp\/v2\/product"}],"about":[{"href":"https:\/\/marqalicante-admin.qwair.com\/va\/wp-json\/wp\/v2\/types\/product"}],"wp:featuredmedia":[{"embeddable":true,"href":"https:\/\/marqalicante-admin.qwair.com\/va\/wp-json\/wp\/v2\/media\/45873"}],"wp:attachment":[{"href":"https:\/\/marqalicante-admin.qwair.com\/va\/wp-json\/wp\/v2\/media?parent=45765"}],"wp:term":[{"taxonomy":"product_brand","embeddable":true,"href":"https:\/\/marqalicante-admin.qwair.com\/va\/wp-json\/wp\/v2\/product_brand?post=45765"},{"taxonomy":"product_cat","embeddable":true,"href":"https:\/\/marqalicante-admin.qwair.com\/va\/wp-json\/wp\/v2\/product_cat?post=45765"},{"taxonomy":"product_tag","embeddable":true,"href":"https:\/\/marqalicante-admin.qwair.com\/va\/wp-json\/wp\/v2\/product_tag?post=45765"}],"curies":[{"name":"wp","href":"https:\/\/api.w.org\/{rel}","templated":true}]}}