{"id":45762,"date":"2025-05-16T06:32:05","date_gmt":"2025-05-16T06:32:05","guid":{"rendered":"https:\/\/marqalicante-admin.qwair.com\/producto\/el-museo-provincial-de-alicante-y-su-ocupacion-durante-la-guerra-civil-espanola-por-el-servicio-de-recuperacion-y-defensa-del-patrimonio-artistico-nacional\/"},"modified":"2025-06-04T16:24:32","modified_gmt":"2025-06-04T16:24:32","slug":"el-museo-provincial-de-alicante-y-su-ocupacion-durante-la-guerra-civil-espanola-por-el-servicio-de-recuperacion-y-defensa-del-patrimonio-artistico-nacional","status":"publish","type":"product","link":"https:\/\/marqalicante-admin.qwair.com\/va\/producte\/el-museo-provincial-de-alicante-y-su-ocupacion-durante-la-guerra-civil-espanola-por-el-servicio-de-recuperacion-y-defensa-del-patrimonio-artistico-nacional\/","title":{"rendered":"El Museu Provincial dAlacant i la seva ocupaci\u00f3 durant la Guerra Civil Espanyola pel Servei de Recuperaci\u00f3 i Defensa del Patrimoni Art\u00edstic Nacional"},"content":{"rendered":"<div class=\"documento-item\">\n                    <h2 class=\"documento-title\">El Museu Provincial dAlacant i la seva ocupaci\u00f3 durant la Guerra Civil Espanyola pel Servei de Recuperaci\u00f3 i Defensa del Patrimoni Art\u00edstic Nacional<\/h2>\n        \n                    <p class=\"documento-subtitle\">Santiago Olcina Llacs<\/p>\n        \n                    <a href=\"https:\/\/marqalicante.com\/contenido\/particulos\/pub_172.pdf\" class=\"documento-btn\" target=\"_blank\" rel=\"noopener\">\n                <i class=\"fas fa-file-pdf\"><\/i> Descarregar PDF\n            <\/a>\n            <\/div>","protected":false},"excerpt":{"rendered":"<p>Durant la Guerra Civil Espanyola i els primers anys del Franquisme el Museu Provincial d&#039;Alacant va estar ocupat pel Servei de Recuperaci\u00f3 del Patrimoni Art\u00edstic Nacional. Una entitat creada pel Ministeri d&#039;Educaci\u00f3 Nacional amb la finalitat de recuperar i tornar el patrimoni confiscat per la Junta d&#039;Incautaci\u00f3 i Protecci\u00f3 del Patrimoni Art\u00edstic del b\u00e0ndol republic\u00e0. En aquest article es fa una aproximaci\u00f3 al desenvolupament i la dimensi\u00f3 d&#039;aquest esdeveniment gr\u00e0cies a la documentaci\u00f3 que aquest Servei va generar.<\/p>","protected":false},"featured_media":45873,"template":"","meta":{"kia_subtitle":""},"product_brand":[],"product_cat":[2913],"product_tag":[],"class_list":{"0":"post-45762","1":"product","2":"type-product","3":"status-publish","4":"has-post-thumbnail","6":"product_cat-articulos","8":"first","9":"instock","10":"virtual","11":"product-type-simple"},"meta_box":{"ia_expediente":"","ia_ano":"","ia_fechas_de_actuacion":"","ia_municipios_comarcas":"","ia_directores":"","ia_periodos_culturales":"","ia_tipos_de_intervencion":"","ia_equipo_tecnico":"","ia_autores":"","ia_promotores":"","ia_deposito_de_materiales":"","ia_coordenadas_utm":""},"_links":{"self":[{"href":"https:\/\/marqalicante-admin.qwair.com\/va\/wp-json\/wp\/v2\/product\/45762","targetHints":{"allow":["GET"]}}],"collection":[{"href":"https:\/\/marqalicante-admin.qwair.com\/va\/wp-json\/wp\/v2\/product"}],"about":[{"href":"https:\/\/marqalicante-admin.qwair.com\/va\/wp-json\/wp\/v2\/types\/product"}],"wp:featuredmedia":[{"embeddable":true,"href":"https:\/\/marqalicante-admin.qwair.com\/va\/wp-json\/wp\/v2\/media\/45873"}],"wp:attachment":[{"href":"https:\/\/marqalicante-admin.qwair.com\/va\/wp-json\/wp\/v2\/media?parent=45762"}],"wp:term":[{"taxonomy":"product_brand","embeddable":true,"href":"https:\/\/marqalicante-admin.qwair.com\/va\/wp-json\/wp\/v2\/product_brand?post=45762"},{"taxonomy":"product_cat","embeddable":true,"href":"https:\/\/marqalicante-admin.qwair.com\/va\/wp-json\/wp\/v2\/product_cat?post=45762"},{"taxonomy":"product_tag","embeddable":true,"href":"https:\/\/marqalicante-admin.qwair.com\/va\/wp-json\/wp\/v2\/product_tag?post=45762"}],"curies":[{"name":"wp","href":"https:\/\/api.w.org\/{rel}","templated":true}]}}