{"id":45756,"date":"2025-05-16T06:32:03","date_gmt":"2025-05-16T06:32:03","guid":{"rendered":"https:\/\/marqalicante-admin.qwair.com\/producto\/miguel-de-elizaicin-y-espana-1855-1932-militar-politico-y-promotor-incansable-del-museo-arqueologico-provincial-de-alicante\/"},"modified":"2025-06-04T16:24:31","modified_gmt":"2025-06-04T16:24:31","slug":"miguel-de-elizaicin-y-espana-1855-1932-militar-politico-y-promotor-incansable-del-museo-arqueologico-provincial-de-alicante","status":"publish","type":"product","link":"https:\/\/marqalicante-admin.qwair.com\/va\/producte\/miguel-de-elizaicin-y-espana-1855-1932-militar-politico-y-promotor-incansable-del-museo-arqueologico-provincial-de-alicante\/","title":{"rendered":"Miguel d&#039;Elizaicin i Espanya (1855-1932): Militar, pol\u00edtic i promotor incansable del Museu Arqueol\u00f2gic Provincial d&#039;Alacant"},"content":{"rendered":"<div class=\"documento-item\">\n                    <h2 class=\"documento-title\">Miguel d&#039;Elizaicin i Espanya (1855-1932): Militar, pol\u00edtic i promotor incansable del Museu Arqueol\u00f2gic Provincial d&#039;Alacant<\/h2>\n        \n                    <p class=\"documento-subtitle\">Santiago Olcina Llacs<\/p>\n        \n                    <a href=\"https:\/\/marqalicante.com\/contenido\/particulos\/pub_166.pdf\" class=\"documento-btn\" target=\"_blank\" rel=\"noopener\">\n                <i class=\"fas fa-file-pdf\"><\/i> Descarregar PDF\n            <\/a>\n            <\/div>","protected":false},"excerpt":{"rendered":"<p>Aquest article pret\u00e9n dur a terme un recorregut per la figura del general alacant\u00ed, Miguel d&#039;Elizaicin i Espanya.<br \/>A trav\u00e9s de la seva biografia, la seva direcci\u00f3 al capdavant de la revista Museu-Exposici\u00f3 i de la Comissi\u00f3 Provincial de Monuments<br \/>d&#039;Alacant, es proposa analitzar, posar de manifest i donar a con\u00e8ixer els seus intents i el seu inter\u00e8s infatigable per fer realitat<br \/>projecte: el Museu Provincial d&#039;Alacant. Tot aix\u00f2, amb el suport de fonts arxiv\u00edstiques i hemerogr\u00e0fiques.<\/p>","protected":false},"featured_media":45873,"template":"","meta":{"kia_subtitle":""},"product_brand":[],"product_cat":[2913],"product_tag":[],"class_list":{"0":"post-45756","1":"product","2":"type-product","3":"status-publish","4":"has-post-thumbnail","6":"product_cat-articulos","8":"first","9":"instock","10":"virtual","11":"product-type-simple"},"meta_box":{"ia_expediente":"","ia_ano":"","ia_fechas_de_actuacion":"","ia_municipios_comarcas":"","ia_directores":"","ia_periodos_culturales":"","ia_tipos_de_intervencion":"","ia_equipo_tecnico":"","ia_autores":"","ia_promotores":"","ia_deposito_de_materiales":"","ia_coordenadas_utm":""},"_links":{"self":[{"href":"https:\/\/marqalicante-admin.qwair.com\/va\/wp-json\/wp\/v2\/product\/45756","targetHints":{"allow":["GET"]}}],"collection":[{"href":"https:\/\/marqalicante-admin.qwair.com\/va\/wp-json\/wp\/v2\/product"}],"about":[{"href":"https:\/\/marqalicante-admin.qwair.com\/va\/wp-json\/wp\/v2\/types\/product"}],"wp:featuredmedia":[{"embeddable":true,"href":"https:\/\/marqalicante-admin.qwair.com\/va\/wp-json\/wp\/v2\/media\/45873"}],"wp:attachment":[{"href":"https:\/\/marqalicante-admin.qwair.com\/va\/wp-json\/wp\/v2\/media?parent=45756"}],"wp:term":[{"taxonomy":"product_brand","embeddable":true,"href":"https:\/\/marqalicante-admin.qwair.com\/va\/wp-json\/wp\/v2\/product_brand?post=45756"},{"taxonomy":"product_cat","embeddable":true,"href":"https:\/\/marqalicante-admin.qwair.com\/va\/wp-json\/wp\/v2\/product_cat?post=45756"},{"taxonomy":"product_tag","embeddable":true,"href":"https:\/\/marqalicante-admin.qwair.com\/va\/wp-json\/wp\/v2\/product_tag?post=45756"}],"curies":[{"name":"wp","href":"https:\/\/api.w.org\/{rel}","templated":true}]}}