{"id":45755,"date":"2025-05-16T06:32:03","date_gmt":"2025-05-16T06:32:03","guid":{"rendered":"https:\/\/marqalicante-admin.qwair.com\/producto\/los-hornos-de-yeso-del-cerro-del-sastre-en-sax-alicante-primera-intervencion-para-su-puesta-en-valor\/"},"modified":"2025-06-04T16:24:31","modified_gmt":"2025-06-04T16:24:31","slug":"los-hornos-de-yeso-del-cerro-del-sastre-en-sax-alicante-primera-intervencion-para-su-puesta-en-valor","status":"publish","type":"product","link":"https:\/\/marqalicante-admin.qwair.com\/va\/producte\/los-hornos-de-yeso-del-cerro-del-sastre-en-sax-alicante-primera-intervencion-para-su-puesta-en-valor\/","title":{"rendered":"Els Forns de guix del Tur\u00f3 del Sastre a Sax (Alacant). Primera intervenci\u00f3 per a la posada en valor"},"content":{"rendered":"<div class=\"documento-item\">\n                    <h2 class=\"documento-title\">Els Forns de guix del Tur\u00f3 del Sastre a Sax (Alacant). Primera intervenci\u00f3 per a la posada en valor<\/h2>\n        \n                    <p class=\"documento-subtitle\">Jos\u00e9 Ram\u00f3n Ortega P\u00e9rez, Jaume M. Giner Mart\u00ednez, Marc Aurelio Esquembre Bebia, Leticia Requena P\u00e9rez<\/p>\n        \n                    <a href=\"https:\/\/marqalicante.com\/contenido\/particulos\/pub_165.pdf\" class=\"documento-btn\" target=\"_blank\" rel=\"noopener\">\n                <i class=\"fas fa-file-pdf\"><\/i> Descarregar PDF\n            <\/a>\n            <\/div>","protected":false},"excerpt":{"rendered":"<p>Al sector nord-occidental del terme municipal de Sax (Alacant) hi ha la majoria de les antigues explotacions guixeres<br \/>dels segles XIX i XX, en trobar-s&#039;hi la franja geol\u00f2gica de Keuper, rica en guixos i argiles del Tr\u00edas. Els forns de guix<br \/>del Cabezo del Sastre s\u00f3n un complex artes\u00e0-industrial, en qu\u00e8 s&#039;ha iniciat la recuperaci\u00f3 patrimonial amb la neteja,<br \/>excavaci\u00f3, aix\u00ed com la reconstrucci\u00f3 de les estades annexes. I el m\u00e9s important, s&#039;han plantejat les pautes que cal seguir<br \/>en el futur per aconseguir una recuperaci\u00f3 patrimonial integral mediambiental i cultural de tot el complex.<\/p>","protected":false},"featured_media":45873,"template":"","meta":{"kia_subtitle":""},"product_brand":[],"product_cat":[2913],"product_tag":[],"class_list":{"0":"post-45755","1":"product","2":"type-product","3":"status-publish","4":"has-post-thumbnail","6":"product_cat-articulos","8":"first","9":"instock","10":"virtual","11":"product-type-simple"},"meta_box":{"ia_expediente":"","ia_ano":"","ia_fechas_de_actuacion":"","ia_municipios_comarcas":"","ia_directores":"","ia_periodos_culturales":"","ia_tipos_de_intervencion":"","ia_equipo_tecnico":"","ia_autores":"","ia_promotores":"","ia_deposito_de_materiales":"","ia_coordenadas_utm":""},"_links":{"self":[{"href":"https:\/\/marqalicante-admin.qwair.com\/va\/wp-json\/wp\/v2\/product\/45755","targetHints":{"allow":["GET"]}}],"collection":[{"href":"https:\/\/marqalicante-admin.qwair.com\/va\/wp-json\/wp\/v2\/product"}],"about":[{"href":"https:\/\/marqalicante-admin.qwair.com\/va\/wp-json\/wp\/v2\/types\/product"}],"wp:featuredmedia":[{"embeddable":true,"href":"https:\/\/marqalicante-admin.qwair.com\/va\/wp-json\/wp\/v2\/media\/45873"}],"wp:attachment":[{"href":"https:\/\/marqalicante-admin.qwair.com\/va\/wp-json\/wp\/v2\/media?parent=45755"}],"wp:term":[{"taxonomy":"product_brand","embeddable":true,"href":"https:\/\/marqalicante-admin.qwair.com\/va\/wp-json\/wp\/v2\/product_brand?post=45755"},{"taxonomy":"product_cat","embeddable":true,"href":"https:\/\/marqalicante-admin.qwair.com\/va\/wp-json\/wp\/v2\/product_cat?post=45755"},{"taxonomy":"product_tag","embeddable":true,"href":"https:\/\/marqalicante-admin.qwair.com\/va\/wp-json\/wp\/v2\/product_tag?post=45755"}],"curies":[{"name":"wp","href":"https:\/\/api.w.org\/{rel}","templated":true}]}}