{"id":45753,"date":"2025-05-16T06:32:00","date_gmt":"2025-05-16T06:32:00","guid":{"rendered":"https:\/\/marqalicante-admin.qwair.com\/producto\/la-torre-bombarda-lalfas-del-pi-alicante\/"},"modified":"2025-06-04T16:24:30","modified_gmt":"2025-06-04T16:24:30","slug":"la-torre-bombarda-lalfas-del-pi-alicante","status":"publish","type":"product","link":"https:\/\/marqalicante-admin.qwair.com\/va\/producte\/la-torre-bombarda-lalfas-del-pi-alicante\/","title":{"rendered":"La Torre Bombarda (l&#039;Alf\u00e0s del Pi, Alacant)"},"content":{"rendered":"<div class=\"documento-item\">\n                    <h2 class=\"documento-title\">La Torre Bombarda (l&#039;Alf\u00e0s del Pi, Alacant)<\/h2>\n        \n                    <p class=\"documento-subtitle\">Carolina Fredes Castillejo<\/p>\n        \n                    <a href=\"https:\/\/marqalicante.com\/contenido\/particulos\/pub_163.pdf\" class=\"documento-btn\" target=\"_blank\" rel=\"noopener\">\n                <i class=\"fas fa-file-pdf\"><\/i> Descarregar PDF\n            <\/a>\n            <\/div>","protected":false},"excerpt":{"rendered":"<p>La torre Bombarda est\u00e0 situada a l&#039;extrem septentrional de la Serra Gelada, al costat del far de l&#039;Albir (l&#039;Alf\u00e0s del Pi,<br \/>Alacant). Forma part del sistema de defensa de la costa que va estar en funcionament entre els segles XVI i XIX. A<br \/>2011 l&#039;Ajuntament de l&#039;Alf\u00e0s del Pi va executar un projecte d&#039;excavaci\u00f3 i consolidaci\u00f3 de la torre, per aturar<br \/>el proc\u00e9s de degradaci\u00f3 a qu\u00e8 estava sotmesa l&#039;estructura. El seu estat de la conservaci\u00f3 era molt dolent, ja que nom\u00e9s<br \/>es conserva el basament inferior. Tot i aix\u00f2, la intervenci\u00f3 arqueol\u00f2gica va proporcionar la planta de l&#039;estructura i<br \/>les dades suficients per con\u00e8ixer-ne les caracter\u00edstiques arquitect\u00f2niques. La documentaci\u00f3 fotogram\u00e8trica ha perm\u00e8s<br \/>dur a terme una reconstrucci\u00f3 virtual de la torre i tenir una idea de com va poder ser el seu aspecte exterior abans de la seva<br \/>destrucci\u00f3 definitiva a principis del segle XIX.<\/p>","protected":false},"featured_media":45873,"template":"","meta":{"kia_subtitle":""},"product_brand":[],"product_cat":[2913],"product_tag":[],"class_list":{"0":"post-45753","1":"product","2":"type-product","3":"status-publish","4":"has-post-thumbnail","6":"product_cat-articulos","8":"first","9":"instock","10":"virtual","11":"product-type-simple"},"meta_box":{"ia_expediente":"","ia_ano":"","ia_fechas_de_actuacion":"","ia_municipios_comarcas":"","ia_directores":"","ia_periodos_culturales":"","ia_tipos_de_intervencion":"","ia_equipo_tecnico":"","ia_autores":"","ia_promotores":"","ia_deposito_de_materiales":"","ia_coordenadas_utm":""},"_links":{"self":[{"href":"https:\/\/marqalicante-admin.qwair.com\/va\/wp-json\/wp\/v2\/product\/45753","targetHints":{"allow":["GET"]}}],"collection":[{"href":"https:\/\/marqalicante-admin.qwair.com\/va\/wp-json\/wp\/v2\/product"}],"about":[{"href":"https:\/\/marqalicante-admin.qwair.com\/va\/wp-json\/wp\/v2\/types\/product"}],"wp:featuredmedia":[{"embeddable":true,"href":"https:\/\/marqalicante-admin.qwair.com\/va\/wp-json\/wp\/v2\/media\/45873"}],"wp:attachment":[{"href":"https:\/\/marqalicante-admin.qwair.com\/va\/wp-json\/wp\/v2\/media?parent=45753"}],"wp:term":[{"taxonomy":"product_brand","embeddable":true,"href":"https:\/\/marqalicante-admin.qwair.com\/va\/wp-json\/wp\/v2\/product_brand?post=45753"},{"taxonomy":"product_cat","embeddable":true,"href":"https:\/\/marqalicante-admin.qwair.com\/va\/wp-json\/wp\/v2\/product_cat?post=45753"},{"taxonomy":"product_tag","embeddable":true,"href":"https:\/\/marqalicante-admin.qwair.com\/va\/wp-json\/wp\/v2\/product_tag?post=45753"}],"curies":[{"name":"wp","href":"https:\/\/api.w.org\/{rel}","templated":true}]}}