{"id":45751,"date":"2025-05-16T06:32:00","date_gmt":"2025-05-16T06:32:00","guid":{"rendered":"https:\/\/marqalicante-admin.qwair.com\/producto\/intervencion-arqueologica-en-el-convento-de-la-merced-elche-alicante\/"},"modified":"2025-06-04T16:24:30","modified_gmt":"2025-06-04T16:24:30","slug":"intervencion-arqueologica-en-el-convento-de-la-merced-elche-alicante","status":"publish","type":"product","link":"https:\/\/marqalicante-admin.qwair.com\/va\/producte\/intervencion-arqueologica-en-el-convento-de-la-merced-elche-alicante\/","title":{"rendered":"Intervenci\u00f3 arqueol\u00f2gica al Convent de la Merc\u00e8 (Elx, Alacant)"},"content":{"rendered":"<div class=\"documento-item\">\n                    <h2 class=\"documento-title\">Intervenci\u00f3 arqueol\u00f2gica al Convent de la Merc\u00e8 (Elx, Alacant)<\/h2>\n        \n                    <p class=\"documento-subtitle\">Palmira Torregrosa Gim\u00e9nez, Eduardo L\u00f3pez Segu\u00ed, Patxuka de Miguel Ib\u00e1\u00f1ez y Celso S\u00e1nchez Mond\u00e9jar<\/p>\n        \n                    <a href=\"https:\/\/marqalicante.com\/contenido\/particulos\/pub_161.pdf\" class=\"documento-btn\" target=\"_blank\" rel=\"noopener\">\n                <i class=\"fas fa-file-pdf\"><\/i> Descarregar PDF\n            <\/a>\n            <\/div>","protected":false},"excerpt":{"rendered":"<p>En este art&iacute;culo se presentan los principales resultados de la intervenci&oacute;n arqueol&oacute;gica&#44; llevada a cabo por Alebus S.L.<br \/>en 2011&#44; en el Convento de la Merced de Elche. Durante los trabajos se exhumaron restos constructivos pertenecientes a<br \/>los ba&ntilde;os &aacute;rabes&#44; as&iacute; como diferentes pavimentaciones del claustro. Tambi&eacute;n se han documentado algunos restos que&#44;<br \/>posiblemente&#44; pertenecieron a la iglesia barroca derribada tras la Guerra Civil y una necr&oacute;polis de los siglos XVIII y XIX<br \/>relacionada con dicha edificaci&oacute;n.<\/p>","protected":false},"featured_media":45873,"template":"","meta":{"kia_subtitle":""},"product_brand":[],"product_cat":[2913],"product_tag":[],"class_list":{"0":"post-45751","1":"product","2":"type-product","3":"status-publish","4":"has-post-thumbnail","6":"product_cat-articulos","8":"first","9":"instock","10":"virtual","11":"product-type-simple"},"meta_box":{"ia_expediente":"","ia_ano":"","ia_fechas_de_actuacion":"","ia_municipios_comarcas":"","ia_directores":"","ia_periodos_culturales":"","ia_tipos_de_intervencion":"","ia_equipo_tecnico":"","ia_autores":"","ia_promotores":"","ia_deposito_de_materiales":"","ia_coordenadas_utm":""},"_links":{"self":[{"href":"https:\/\/marqalicante-admin.qwair.com\/va\/wp-json\/wp\/v2\/product\/45751","targetHints":{"allow":["GET"]}}],"collection":[{"href":"https:\/\/marqalicante-admin.qwair.com\/va\/wp-json\/wp\/v2\/product"}],"about":[{"href":"https:\/\/marqalicante-admin.qwair.com\/va\/wp-json\/wp\/v2\/types\/product"}],"wp:featuredmedia":[{"embeddable":true,"href":"https:\/\/marqalicante-admin.qwair.com\/va\/wp-json\/wp\/v2\/media\/45873"}],"wp:attachment":[{"href":"https:\/\/marqalicante-admin.qwair.com\/va\/wp-json\/wp\/v2\/media?parent=45751"}],"wp:term":[{"taxonomy":"product_brand","embeddable":true,"href":"https:\/\/marqalicante-admin.qwair.com\/va\/wp-json\/wp\/v2\/product_brand?post=45751"},{"taxonomy":"product_cat","embeddable":true,"href":"https:\/\/marqalicante-admin.qwair.com\/va\/wp-json\/wp\/v2\/product_cat?post=45751"},{"taxonomy":"product_tag","embeddable":true,"href":"https:\/\/marqalicante-admin.qwair.com\/va\/wp-json\/wp\/v2\/product_tag?post=45751"}],"curies":[{"name":"wp","href":"https:\/\/api.w.org\/{rel}","templated":true}]}}