{"id":45749,"date":"2025-05-16T06:31:59","date_gmt":"2025-05-16T06:31:59","guid":{"rendered":"https:\/\/marqalicante-admin.qwair.com\/producto\/la-pobla-medieval-de-ifach-calpe-alicante-ciudad-y-poder-feudal-a-la-luz-de-los-descubrimientos-arqueologicos-2005-2012\/"},"modified":"2025-06-04T16:24:29","modified_gmt":"2025-06-04T16:24:29","slug":"la-pobla-medieval-de-ifach-calpe-alicante-ciudad-y-poder-feudal-a-la-luz-de-los-descubrimientos-arqueologicos-2005-2012","status":"publish","type":"product","link":"https:\/\/marqalicante-admin.qwair.com\/va\/producte\/la-pobla-medieval-de-ifach-calpe-alicante-ciudad-y-poder-feudal-a-la-luz-de-los-descubrimientos-arqueologicos-2005-2012\/","title":{"rendered":"La Pobla medieval d&#039;Ifac (Calp, Alacant): Ciutat i poder feudal a la llum dels descobriments arqueol\u00f2gics (2005-2012)"},"content":{"rendered":"<div class=\"documento-item\">\n                    <h2 class=\"documento-title\">La Pobla medieval d&#039;Ifac (Calp, Alacant): Ciutat i poder feudal a la llum dels descobriments arqueol\u00f2gics (2005-2012)<\/h2>\n        \n                    <p class=\"documento-subtitle\">Jos\u00e9 Luis Men\u00e9ndez Fueyo, Joaqu\u00edn Pina Mira, Jos\u00e9 Manuel Torrecillas Segura y Roberto Ferrer Carri\u00f3n<\/p>\n        \n                    <a href=\"https:\/\/marqalicante.com\/contenido\/particulos\/pub_159.pdf\" class=\"documento-btn\" target=\"_blank\" rel=\"noopener\">\n                <i class=\"fas fa-file-pdf\"><\/i> Descarregar PDF\n            <\/a>\n            <\/div>","protected":false},"excerpt":{"rendered":"<p>Bajo la ladera del imponente Pe&ntilde;&oacute;n de Ifach&#44; en Calp (Alicante)&#44; se encuentran los restos de la pobla medieval de Ifach&#44;<br \/>una ciudad fundada a finales del siglo XIII por Roger de Ll&uacute;ria&#44; Almirante de la Corona de Arag&oacute;n que est&aacute; siendo objeto&#44;<br \/>desde el a&ntilde;o 2005&#44; de un proyecto de investigaci&oacute;n liderado por el Museo Arqueol&oacute;gico de Alicante (MARQ)&#44; con el apoyo<br \/>de la Diputaci&oacute;n de Alicante&#44; el Ayuntamiento de Calp y la Conseller&iacute;a de Infraestructures&#44; Territori i Medi Ambient de la<br \/>Generalitat Valenciana. Aquest projecte t\u00e9 com a objectiu investigar i aprofundir en lestudi del mode dassentament<br \/>feudal en los momentos de creaci&oacute;n del Reino de Valencia.<\/p>","protected":false},"featured_media":45873,"template":"","meta":{"kia_subtitle":""},"product_brand":[],"product_cat":[2913],"product_tag":[],"class_list":{"0":"post-45749","1":"product","2":"type-product","3":"status-publish","4":"has-post-thumbnail","6":"product_cat-articulos","8":"first","9":"instock","10":"virtual","11":"product-type-simple"},"meta_box":{"ia_expediente":"","ia_ano":"","ia_fechas_de_actuacion":"","ia_municipios_comarcas":"","ia_directores":"","ia_periodos_culturales":"","ia_tipos_de_intervencion":"","ia_equipo_tecnico":"","ia_autores":"","ia_promotores":"","ia_deposito_de_materiales":"","ia_coordenadas_utm":""},"_links":{"self":[{"href":"https:\/\/marqalicante-admin.qwair.com\/va\/wp-json\/wp\/v2\/product\/45749","targetHints":{"allow":["GET"]}}],"collection":[{"href":"https:\/\/marqalicante-admin.qwair.com\/va\/wp-json\/wp\/v2\/product"}],"about":[{"href":"https:\/\/marqalicante-admin.qwair.com\/va\/wp-json\/wp\/v2\/types\/product"}],"wp:featuredmedia":[{"embeddable":true,"href":"https:\/\/marqalicante-admin.qwair.com\/va\/wp-json\/wp\/v2\/media\/45873"}],"wp:attachment":[{"href":"https:\/\/marqalicante-admin.qwair.com\/va\/wp-json\/wp\/v2\/media?parent=45749"}],"wp:term":[{"taxonomy":"product_brand","embeddable":true,"href":"https:\/\/marqalicante-admin.qwair.com\/va\/wp-json\/wp\/v2\/product_brand?post=45749"},{"taxonomy":"product_cat","embeddable":true,"href":"https:\/\/marqalicante-admin.qwair.com\/va\/wp-json\/wp\/v2\/product_cat?post=45749"},{"taxonomy":"product_tag","embeddable":true,"href":"https:\/\/marqalicante-admin.qwair.com\/va\/wp-json\/wp\/v2\/product_tag?post=45749"}],"curies":[{"name":"wp","href":"https:\/\/api.w.org\/{rel}","templated":true}]}}