{"id":45745,"date":"2025-05-16T06:31:58","date_gmt":"2025-05-16T06:31:58","guid":{"rendered":"https:\/\/marqalicante-admin.qwair.com\/producto\/lexcavacio-arqueologica-de-lermita-de-sant-joan-xabia-marina-alta\/"},"modified":"2025-06-04T16:24:29","modified_gmt":"2025-06-04T16:24:29","slug":"lexcavacio-arqueologica-de-lermita-de-sant-joan-xabia-marina-alta","status":"publish","type":"product","link":"https:\/\/marqalicante-admin.qwair.com\/va\/producte\/lexcavacio-arqueologica-de-lermita-de-sant-joan-xabia-marina-alta\/","title":{"rendered":"L&#039;excavaci\u00f3 arqueol\u00f2gica de l&#039;Ermita de Sant Joan (X\u00e0bia, Marina Alta)"},"content":{"rendered":"<div class=\"documento-item\">\n                    <h2 class=\"documento-title\">L&#039;excavaci\u00f3 arqueol\u00f2gica de l&#039;Ermita de Sant Joan (X\u00e0bia, Marina Alta)<\/h2>\n        \n                    <p class=\"documento-subtitle\">Josep Castell\u00f3 Mar\u00ed, Joaquim Bolufer Marqu\u00e9s i Francisco G\u00f3mez Bellard<\/p>\n        \n                    <a href=\"https:\/\/marqalicante.com\/contenido\/particulos\/pub_155.pdf\" class=\"documento-btn\" target=\"_blank\" rel=\"noopener\">\n                <i class=\"fas fa-file-pdf\"><\/i> Descarregar PDF\n            <\/a>\n            <\/div>","protected":false},"excerpt":{"rendered":"<p>El a&ntilde;o 2010&#44; el Mvsev Municipal de X&agrave;bia realiz&oacute; una exacavaci&oacute;n de salvamento en la ermita de Sant Joan&#44; edificio tardomedieval utilizado en los siglos XIX-XX como capilla funeraria del viejo cementerio municipal de X&agrave;bia. La intervenci&oacute;n ha descubierto treinta tumbas&#44; excavadas sobre el suelo geol&oacute;gico&#44; que correspond&iacute;an a veinte adultos y diez enterramientos infantiles; inhumaciones realizadas entre 1817 y 1849&#44; aunque por los paneles cer&aacute;micos que se conservaban en la ermita sabemos que en 1862 se realiz&oacute; un enterramiento.<\/p>","protected":false},"featured_media":45873,"template":"","meta":{"kia_subtitle":""},"product_brand":[],"product_cat":[2913],"product_tag":[],"class_list":{"0":"post-45745","1":"product","2":"type-product","3":"status-publish","4":"has-post-thumbnail","6":"product_cat-articulos","8":"first","9":"instock","10":"virtual","11":"product-type-simple"},"meta_box":{"ia_expediente":"","ia_ano":"","ia_fechas_de_actuacion":"","ia_municipios_comarcas":"","ia_directores":"","ia_periodos_culturales":"","ia_tipos_de_intervencion":"","ia_equipo_tecnico":"","ia_autores":"","ia_promotores":"","ia_deposito_de_materiales":"","ia_coordenadas_utm":""},"_links":{"self":[{"href":"https:\/\/marqalicante-admin.qwair.com\/va\/wp-json\/wp\/v2\/product\/45745","targetHints":{"allow":["GET"]}}],"collection":[{"href":"https:\/\/marqalicante-admin.qwair.com\/va\/wp-json\/wp\/v2\/product"}],"about":[{"href":"https:\/\/marqalicante-admin.qwair.com\/va\/wp-json\/wp\/v2\/types\/product"}],"wp:featuredmedia":[{"embeddable":true,"href":"https:\/\/marqalicante-admin.qwair.com\/va\/wp-json\/wp\/v2\/media\/45873"}],"wp:attachment":[{"href":"https:\/\/marqalicante-admin.qwair.com\/va\/wp-json\/wp\/v2\/media?parent=45745"}],"wp:term":[{"taxonomy":"product_brand","embeddable":true,"href":"https:\/\/marqalicante-admin.qwair.com\/va\/wp-json\/wp\/v2\/product_brand?post=45745"},{"taxonomy":"product_cat","embeddable":true,"href":"https:\/\/marqalicante-admin.qwair.com\/va\/wp-json\/wp\/v2\/product_cat?post=45745"},{"taxonomy":"product_tag","embeddable":true,"href":"https:\/\/marqalicante-admin.qwair.com\/va\/wp-json\/wp\/v2\/product_tag?post=45745"}],"curies":[{"name":"wp","href":"https:\/\/api.w.org\/{rel}","templated":true}]}}