{"id":45741,"date":"2025-05-16T06:31:57","date_gmt":"2025-05-16T06:31:57","guid":{"rendered":"https:\/\/marqalicante-admin.qwair.com\/producto\/nuevo-colegio-publico-san-roque-calles-villavieja-antequera-y-san-juan-el-oratorio-rupestre-casco-antiguo-alicante\/"},"modified":"2025-06-04T16:24:28","modified_gmt":"2025-06-04T16:24:28","slug":"nuevo-colegio-publico-san-roque-calles-villavieja-antequera-y-san-juan-el-oratorio-rupestre-casco-antiguo-alicante","status":"publish","type":"product","link":"https:\/\/marqalicante-admin.qwair.com\/va\/producte\/nuevo-colegio-publico-san-roque-calles-villavieja-antequera-y-san-juan-el-oratorio-rupestre-casco-antiguo-alicante\/","title":{"rendered":"Nou col\u00b7legi p\u00fablic \u201cSan Roque\u201d, carrers Villavieja, Antequera, i Sant Joan: \u201cL&#039;Oratori Rupestre\u201d (Casco Antic, Alacant)"},"content":{"rendered":"<div class=\"documento-item\">\n                    <h2 class=\"documento-title\">Nou col\u00b7legi p\u00fablic \u201cSan Roque\u201d, carrers Villavieja, Antequera, i Sant Joan: \u201cL&#039;Oratori Rupestre\u201d (Casco Antic, Alacant)<\/h2>\n        \n                    <p class=\"documento-subtitle\">Marga Borrego Colomer, Pablo Rosser Limi\u00f1ana, Ana Valero Climent<\/p>\n        \n                    <a href=\"https:\/\/marqalicante.com\/contenido\/particulos\/pub_151.pdf\" class=\"documento-btn\" target=\"_blank\" rel=\"noopener\">\n                <i class=\"fas fa-file-pdf\"><\/i> Descarregar PDF\n            <\/a>\n            <\/div>","protected":false},"excerpt":{"rendered":"<p>L&#039;edificaci\u00f3 del col\u00b7legi p\u00fablic \u201cSan Roque\u201d, al final del barri de la Vilavella, ha perm\u00e8s documentar, des de postulats arqueol\u00f2gics, un front de roca del Mont Benacantil on es van practicar en una data antiga, dif\u00edcil de concretar, una s\u00e8rie de forn\u00edcules i una cambra rupestre. Aquesta \u00e9s de planta quadrangular i presenta, tallats a la roca,<br \/>un conjunt d&#039;elements: forn\u00edcules, bancs correguts i esquerdes que es relacionen amb un \u00fas cultual.<\/p>","protected":false},"featured_media":45873,"template":"","meta":{"kia_subtitle":""},"product_brand":[],"product_cat":[2913],"product_tag":[],"class_list":{"0":"post-45741","1":"product","2":"type-product","3":"status-publish","4":"has-post-thumbnail","6":"product_cat-articulos","8":"first","9":"instock","10":"virtual","11":"product-type-simple"},"meta_box":{"ia_expediente":"","ia_ano":"","ia_fechas_de_actuacion":"","ia_municipios_comarcas":"","ia_directores":"","ia_periodos_culturales":"","ia_tipos_de_intervencion":"","ia_equipo_tecnico":"","ia_autores":"","ia_promotores":"","ia_deposito_de_materiales":"","ia_coordenadas_utm":""},"_links":{"self":[{"href":"https:\/\/marqalicante-admin.qwair.com\/va\/wp-json\/wp\/v2\/product\/45741","targetHints":{"allow":["GET"]}}],"collection":[{"href":"https:\/\/marqalicante-admin.qwair.com\/va\/wp-json\/wp\/v2\/product"}],"about":[{"href":"https:\/\/marqalicante-admin.qwair.com\/va\/wp-json\/wp\/v2\/types\/product"}],"wp:featuredmedia":[{"embeddable":true,"href":"https:\/\/marqalicante-admin.qwair.com\/va\/wp-json\/wp\/v2\/media\/45873"}],"wp:attachment":[{"href":"https:\/\/marqalicante-admin.qwair.com\/va\/wp-json\/wp\/v2\/media?parent=45741"}],"wp:term":[{"taxonomy":"product_brand","embeddable":true,"href":"https:\/\/marqalicante-admin.qwair.com\/va\/wp-json\/wp\/v2\/product_brand?post=45741"},{"taxonomy":"product_cat","embeddable":true,"href":"https:\/\/marqalicante-admin.qwair.com\/va\/wp-json\/wp\/v2\/product_cat?post=45741"},{"taxonomy":"product_tag","embeddable":true,"href":"https:\/\/marqalicante-admin.qwair.com\/va\/wp-json\/wp\/v2\/product_tag?post=45741"}],"curies":[{"name":"wp","href":"https:\/\/api.w.org\/{rel}","templated":true}]}}