{"id":45738,"date":"2025-05-16T06:31:56","date_gmt":"2025-05-16T06:31:56","guid":{"rendered":"https:\/\/marqalicante-admin.qwair.com\/producto\/actuacion-arqueologica-en-el-foro-y-las-termas-de-popilio-de-lvcentvm-tossal-de-manises-alicante-campana-de-2009-2010\/"},"modified":"2025-06-04T16:24:27","modified_gmt":"2025-06-04T16:24:27","slug":"actuacion-arqueologica-en-el-foro-y-las-termas-de-popilio-de-lvcentvm-tossal-de-manises-alicante-campana-de-2009-2010","status":"publish","type":"product","link":"https:\/\/marqalicante-admin.qwair.com\/va\/producte\/actuacion-arqueologica-en-el-foro-y-las-termas-de-popilio-de-lvcentvm-tossal-de-manises-alicante-campana-de-2009-2010\/","title":{"rendered":"Actuaci\u00f3 arqueol\u00f2gica al F\u00f2rum i les termes de Popili de Lvcentvm (Tossal de Manises, Alacant). Campanya de 2009-2010"},"content":{"rendered":"<div class=\"documento-item\">\n                    <h2 class=\"documento-title\">Actuaci\u00f3 arqueol\u00f2gica al F\u00f2rum i les termes de Popili de Lvcentvm (Tossal de Manises, Alacant). Campanya de 2009-2010<\/h2>\n        \n                    <p class=\"documento-subtitle\">Manuel Olcina Dom\u00e9nech, Antonio Guilabert Mas i Eva Tendero Porras<\/p>\n        \n                    <a href=\"https:\/\/marqalicante.com\/contenido\/particulos\/pub_148.pdf\" class=\"documento-btn\" target=\"_blank\" rel=\"noopener\">\n                <i class=\"fas fa-file-pdf\"><\/i> Descarregar PDF\n            <\/a>\n            <\/div>","protected":false},"excerpt":{"rendered":"<p>La campanya arqueol\u00f2gica 2009-2010 duta a terme al f\u00f2rum ia les termes de Popili del municipium de Lucentum (Tossal de Manises) ofereix noves dades cronol\u00f2giques, urban\u00edstiques i arquitect\u00f2niques acotant, a m\u00e9s, l&#039;espectre temporal d&#039;ocupaci\u00f3 de l&#039;enclavament, situat entre el darrer ter\u00e7 del segle III aC. C. i finals del III d. C. o comen\u00e7aments de l&#039;IV d. C.<\/p>","protected":false},"featured_media":45873,"template":"","meta":{"kia_subtitle":""},"product_brand":[],"product_cat":[2913],"product_tag":[],"class_list":{"0":"post-45738","1":"product","2":"type-product","3":"status-publish","4":"has-post-thumbnail","6":"product_cat-articulos","8":"first","9":"instock","10":"virtual","11":"product-type-simple"},"meta_box":{"ia_expediente":"","ia_ano":"","ia_fechas_de_actuacion":"","ia_municipios_comarcas":"","ia_directores":"","ia_periodos_culturales":"","ia_tipos_de_intervencion":"","ia_equipo_tecnico":"","ia_autores":"","ia_promotores":"","ia_deposito_de_materiales":"","ia_coordenadas_utm":""},"_links":{"self":[{"href":"https:\/\/marqalicante-admin.qwair.com\/va\/wp-json\/wp\/v2\/product\/45738","targetHints":{"allow":["GET"]}}],"collection":[{"href":"https:\/\/marqalicante-admin.qwair.com\/va\/wp-json\/wp\/v2\/product"}],"about":[{"href":"https:\/\/marqalicante-admin.qwair.com\/va\/wp-json\/wp\/v2\/types\/product"}],"wp:featuredmedia":[{"embeddable":true,"href":"https:\/\/marqalicante-admin.qwair.com\/va\/wp-json\/wp\/v2\/media\/45873"}],"wp:attachment":[{"href":"https:\/\/marqalicante-admin.qwair.com\/va\/wp-json\/wp\/v2\/media?parent=45738"}],"wp:term":[{"taxonomy":"product_brand","embeddable":true,"href":"https:\/\/marqalicante-admin.qwair.com\/va\/wp-json\/wp\/v2\/product_brand?post=45738"},{"taxonomy":"product_cat","embeddable":true,"href":"https:\/\/marqalicante-admin.qwair.com\/va\/wp-json\/wp\/v2\/product_cat?post=45738"},{"taxonomy":"product_tag","embeddable":true,"href":"https:\/\/marqalicante-admin.qwair.com\/va\/wp-json\/wp\/v2\/product_tag?post=45738"}],"curies":[{"name":"wp","href":"https:\/\/api.w.org\/{rel}","templated":true}]}}