{"id":45735,"date":"2025-05-16T06:31:55","date_gmt":"2025-05-16T06:31:55","guid":{"rendered":"https:\/\/marqalicante-admin.qwair.com\/producto\/el-oppidum-iberic-del-puig-dalcoi-valoracio-de-la-sequencia-docupacio\/"},"modified":"2025-06-04T16:24:27","modified_gmt":"2025-06-04T16:24:27","slug":"el-oppidum-iberic-del-puig-dalcoi-valoracio-de-la-sequencia-docupacio","status":"publish","type":"product","link":"https:\/\/marqalicante-admin.qwair.com\/va\/producte\/el-oppidum-iberic-del-puig-dalcoi-valoracio-de-la-sequencia-docupacio\/","title":{"rendered":"L&#039;oppidum Ib\u00e8ric del Puig d&#039;Alcoi: valoraci\u00f3 de la seq\u00fc\u00e8ncia d&#039;ocupaci\u00f3"},"content":{"rendered":"<div class=\"documento-item\">\n                    <h2 class=\"documento-title\">L&#039;oppidum Ib\u00e8ric del Puig d&#039;Alcoi: valoraci\u00f3 de la seq\u00fc\u00e8ncia d&#039;ocupaci\u00f3<\/h2>\n        \n                    <p class=\"documento-subtitle\">Ignasi Grau Mira i Josep Maria Segura Mart\u00ed<\/p>\n        \n                    <a href=\"https:\/\/marqalicante.com\/contenido\/particulos\/pub_145.pdf\" class=\"documento-btn\" target=\"_blank\" rel=\"noopener\">\n                <i class=\"fas fa-file-pdf\"><\/i> Descarregar PDF\n            <\/a>\n            <\/div>","protected":false},"excerpt":{"rendered":"El oppidum Ib\u00e8ric del Puig d\u2019Alcoi: valoraci\u00f3 de la seq\u00fc\u00e8ncia d\u2019ocupaci\u00f3 Ignasi Grau Mira i<span class=\"excerpt-hellip\"> [\u2026]<\/span>","protected":false},"featured_media":45873,"template":"","meta":{"kia_subtitle":""},"product_brand":[],"product_cat":[2913],"product_tag":[],"class_list":{"0":"post-45735","1":"product","2":"type-product","3":"status-publish","4":"has-post-thumbnail","6":"product_cat-articulos","8":"first","9":"instock","10":"virtual","11":"product-type-simple"},"meta_box":{"ia_expediente":"","ia_ano":"","ia_fechas_de_actuacion":"","ia_municipios_comarcas":"","ia_directores":"","ia_periodos_culturales":"","ia_tipos_de_intervencion":"","ia_equipo_tecnico":"","ia_autores":"","ia_promotores":"","ia_deposito_de_materiales":"","ia_coordenadas_utm":""},"_links":{"self":[{"href":"https:\/\/marqalicante-admin.qwair.com\/va\/wp-json\/wp\/v2\/product\/45735","targetHints":{"allow":["GET"]}}],"collection":[{"href":"https:\/\/marqalicante-admin.qwair.com\/va\/wp-json\/wp\/v2\/product"}],"about":[{"href":"https:\/\/marqalicante-admin.qwair.com\/va\/wp-json\/wp\/v2\/types\/product"}],"wp:featuredmedia":[{"embeddable":true,"href":"https:\/\/marqalicante-admin.qwair.com\/va\/wp-json\/wp\/v2\/media\/45873"}],"wp:attachment":[{"href":"https:\/\/marqalicante-admin.qwair.com\/va\/wp-json\/wp\/v2\/media?parent=45735"}],"wp:term":[{"taxonomy":"product_brand","embeddable":true,"href":"https:\/\/marqalicante-admin.qwair.com\/va\/wp-json\/wp\/v2\/product_brand?post=45735"},{"taxonomy":"product_cat","embeddable":true,"href":"https:\/\/marqalicante-admin.qwair.com\/va\/wp-json\/wp\/v2\/product_cat?post=45735"},{"taxonomy":"product_tag","embeddable":true,"href":"https:\/\/marqalicante-admin.qwair.com\/va\/wp-json\/wp\/v2\/product_tag?post=45735"}],"curies":[{"name":"wp","href":"https:\/\/api.w.org\/{rel}","templated":true}]}}