{"id":45733,"date":"2025-05-16T06:31:54","date_gmt":"2025-05-16T06:31:54","guid":{"rendered":"https:\/\/marqalicante-admin.qwair.com\/producto\/estado-de-la-cuestion-del-poblado-de-la-mola-dagres-agres-alicante\/"},"modified":"2025-06-04T16:24:27","modified_gmt":"2025-06-04T16:24:27","slug":"estado-de-la-cuestion-del-poblado-de-la-mola-dagres-agres-alicante","status":"publish","type":"product","link":"https:\/\/marqalicante-admin.qwair.com\/va\/producte\/estado-de-la-cuestion-del-poblado-de-la-mola-dagres-agres-alicante\/","title":{"rendered":"Estat de la q\u00fcesti\u00f3 del poblat de la Mola d&#039;Agres (Agres, Alacant)"},"content":{"rendered":"<div class=\"documento-item\">\n                    <h2 class=\"documento-title\">Estat de la q\u00fcesti\u00f3 del poblat de la Mola d&#039;Agres (Agres, Alacant)<\/h2>\n        \n                    <p class=\"documento-subtitle\">Jos\u00e9 Lu\u00eds Pe\u00f1a S\u00e1nchez , Elena Grau Almero i Teresa Hu\u00e9lamo Dom\u00e9nech<\/p>\n        \n                    <a href=\"https:\/\/marqalicante.com\/contenido\/particulos\/pub_143.pdf\" class=\"documento-btn\" target=\"_blank\" rel=\"noopener\">\n                <i class=\"fas fa-file-pdf\"><\/i> Descarregar PDF\n            <\/a>\n            <\/div>","protected":false},"excerpt":{"rendered":"<p>En aquest article s&#039;efectua una revisi\u00f3 preliminar de les dues darreres campanyes d&#039;excavaci\u00f3 al jaciment de la Mola d&#039;Agres, aix\u00ed com de l&#039;ampli corpus documental i material de les antigues campanyes d&#039;excavaci\u00f3. Aquesta revisi\u00f3 ens planteja la possibilitat de retrotreure l&#039;antiguitat a un moment calcol\u00edtic, ampliar la tipologia de<br \/>soterraments i diferenciar el patr\u00f3 urban\u00edstic entre els sectors I i II.<\/p>","protected":false},"featured_media":45873,"template":"","meta":{"kia_subtitle":""},"product_brand":[],"product_cat":[2913],"product_tag":[],"class_list":{"0":"post-45733","1":"product","2":"type-product","3":"status-publish","4":"has-post-thumbnail","6":"product_cat-articulos","8":"first","9":"instock","10":"virtual","11":"product-type-simple"},"meta_box":{"ia_expediente":"","ia_ano":"","ia_fechas_de_actuacion":"","ia_municipios_comarcas":"","ia_directores":"","ia_periodos_culturales":"","ia_tipos_de_intervencion":"","ia_equipo_tecnico":"","ia_autores":"","ia_promotores":"","ia_deposito_de_materiales":"","ia_coordenadas_utm":""},"_links":{"self":[{"href":"https:\/\/marqalicante-admin.qwair.com\/va\/wp-json\/wp\/v2\/product\/45733","targetHints":{"allow":["GET"]}}],"collection":[{"href":"https:\/\/marqalicante-admin.qwair.com\/va\/wp-json\/wp\/v2\/product"}],"about":[{"href":"https:\/\/marqalicante-admin.qwair.com\/va\/wp-json\/wp\/v2\/types\/product"}],"wp:featuredmedia":[{"embeddable":true,"href":"https:\/\/marqalicante-admin.qwair.com\/va\/wp-json\/wp\/v2\/media\/45873"}],"wp:attachment":[{"href":"https:\/\/marqalicante-admin.qwair.com\/va\/wp-json\/wp\/v2\/media?parent=45733"}],"wp:term":[{"taxonomy":"product_brand","embeddable":true,"href":"https:\/\/marqalicante-admin.qwair.com\/va\/wp-json\/wp\/v2\/product_brand?post=45733"},{"taxonomy":"product_cat","embeddable":true,"href":"https:\/\/marqalicante-admin.qwair.com\/va\/wp-json\/wp\/v2\/product_cat?post=45733"},{"taxonomy":"product_tag","embeddable":true,"href":"https:\/\/marqalicante-admin.qwair.com\/va\/wp-json\/wp\/v2\/product_tag?post=45733"}],"curies":[{"name":"wp","href":"https:\/\/api.w.org\/{rel}","templated":true}]}}