{"id":45731,"date":"2025-05-16T06:31:54","date_gmt":"2025-05-16T06:31:54","guid":{"rendered":"https:\/\/marqalicante-admin.qwair.com\/producto\/cabezo-redondo-villena-alicante-caracterizacion-de-espacios-domesticos-en-un-poblado-del-bronce-tardio-campanas-de-2010-a-2012\/"},"modified":"2025-06-04T16:24:26","modified_gmt":"2025-06-04T16:24:26","slug":"cabezo-redondo-villena-alicante-caracterizacion-de-espacios-domesticos-en-un-poblado-del-bronce-tardio-campanas-de-2010-a-2012","status":"publish","type":"product","link":"https:\/\/marqalicante-admin.qwair.com\/va\/producte\/cabezo-redondo-villena-alicante-caracterizacion-de-espacios-domesticos-en-un-poblado-del-bronce-tardio-campanas-de-2010-a-2012\/","title":{"rendered":"Cabezo Rod\u00f3 (Villena, Alacant). Caracteritzaci\u00f3 d&#039;espais dom\u00e8stics en un poblat del Bronze Tard\u00edo. Campanyes del 2010 al 2012"},"content":{"rendered":"<div class=\"documento-item\">\n                    <h2 class=\"documento-title\">Cabezo Rod\u00f3 (Villena, Alacant). Caracteritzaci\u00f3 d&#039;espais dom\u00e8stics en un poblat del Bronze Tard\u00edo. Campanyes del 2010 al 2012<\/h2>\n        \n                    <p class=\"documento-subtitle\">Mauro S. Hern\u00e1ndez P\u00e9rez, Gabriel Garc\u00eda Ati\u00e9nzar, Virginia Barciela Gonz\u00e1lez, Mar\u00eda Lillo Bernabeu y Ximo Martorell Briz<\/p>\n        \n                    <a href=\"https:\/\/marqalicante.com\/contenido\/particulos\/pub_141.pdf\" class=\"documento-btn\" target=\"_blank\" rel=\"noopener\">\n                <i class=\"fas fa-file-pdf\"><\/i> Descarregar PDF\n            <\/a>\n            <\/div>","protected":false},"excerpt":{"rendered":"<p>En este trabajo se presentan los resultados de las campa&ntilde;as anuales de excavaciones realizadas en el poblado de la Edad del Bronce de Cabezo Redondo entre 2010 y 2012. En esta ocasi&oacute;n&#44; los trabajos se han centrado en los departamentos XXVII&#44; XXVIII y XXIX&#44; adem&aacute;s de intervenciones puntuales en el llamado Espacio Abierto. Estos trabajos han permitido caracterizar la evoluci&oacute;n de la arquitectura dom&eacute;stica&#44; del urbanismo y del registro material y econ&oacute;mico del asentamiento.<\/p>","protected":false},"featured_media":45873,"template":"","meta":{"kia_subtitle":""},"product_brand":[],"product_cat":[2913],"product_tag":[],"class_list":{"0":"post-45731","1":"product","2":"type-product","3":"status-publish","4":"has-post-thumbnail","6":"product_cat-articulos","8":"first","9":"instock","10":"virtual","11":"product-type-simple"},"meta_box":{"ia_expediente":"","ia_ano":"","ia_fechas_de_actuacion":"","ia_municipios_comarcas":"","ia_directores":"","ia_periodos_culturales":"","ia_tipos_de_intervencion":"","ia_equipo_tecnico":"","ia_autores":"","ia_promotores":"","ia_deposito_de_materiales":"","ia_coordenadas_utm":""},"_links":{"self":[{"href":"https:\/\/marqalicante-admin.qwair.com\/va\/wp-json\/wp\/v2\/product\/45731","targetHints":{"allow":["GET"]}}],"collection":[{"href":"https:\/\/marqalicante-admin.qwair.com\/va\/wp-json\/wp\/v2\/product"}],"about":[{"href":"https:\/\/marqalicante-admin.qwair.com\/va\/wp-json\/wp\/v2\/types\/product"}],"wp:featuredmedia":[{"embeddable":true,"href":"https:\/\/marqalicante-admin.qwair.com\/va\/wp-json\/wp\/v2\/media\/45873"}],"wp:attachment":[{"href":"https:\/\/marqalicante-admin.qwair.com\/va\/wp-json\/wp\/v2\/media?parent=45731"}],"wp:term":[{"taxonomy":"product_brand","embeddable":true,"href":"https:\/\/marqalicante-admin.qwair.com\/va\/wp-json\/wp\/v2\/product_brand?post=45731"},{"taxonomy":"product_cat","embeddable":true,"href":"https:\/\/marqalicante-admin.qwair.com\/va\/wp-json\/wp\/v2\/product_cat?post=45731"},{"taxonomy":"product_tag","embeddable":true,"href":"https:\/\/marqalicante-admin.qwair.com\/va\/wp-json\/wp\/v2\/product_tag?post=45731"}],"curies":[{"name":"wp","href":"https:\/\/api.w.org\/{rel}","templated":true}]}}