{"id":45727,"date":"2025-05-16T06:31:53","date_gmt":"2025-05-16T06:31:53","guid":{"rendered":"https:\/\/marqalicante-admin.qwair.com\/producto\/excavaciones-en-la-cova-del-randero-pedreguer-alicante-antecedentes-y-avance-de-resultados\/"},"modified":"2025-06-04T16:24:26","modified_gmt":"2025-06-04T16:24:26","slug":"excavaciones-en-la-cova-del-randero-pedreguer-alicante-antecedentes-y-avance-de-resultados","status":"publish","type":"product","link":"https:\/\/marqalicante-admin.qwair.com\/va\/producte\/excavaciones-en-la-cova-del-randero-pedreguer-alicante-antecedentes-y-avance-de-resultados\/","title":{"rendered":"Excavacions a la Cova del Randero (Pedreguer, Alacant). Antecedents i aven\u00e7 de resultats"},"content":{"rendered":"<div class=\"documento-item\">\n                    <h2 class=\"documento-title\">Excavacions a la Cova del Randero (Pedreguer, Alacant). Antecedents i aven\u00e7 de resultats<\/h2>\n        \n                    <p class=\"documento-subtitle\">Jorge A. Soler D\u00edaz, Olga G\u00f3mez P\u00e9rez i Consuelo Roca de Togores Mu\u00f1oz<\/p>\n        \n                    <a href=\"https:\/\/marqalicante.com\/contenido\/particulos\/pub_137.pdf\" class=\"documento-btn\" target=\"_blank\" rel=\"noopener\">\n                <i class=\"fas fa-file-pdf\"><\/i> Descarregar PDF\n            <\/a>\n            <\/div>","protected":false},"excerpt":{"rendered":"<p>En aquest article es descriuen breument els treballs duts a terme en la intervenci\u00f3 arqueol\u00f2gica realitzada a la Cova del Rander de Pedreguer des de l&#039;any 2007, avaluant-se els danys ocasionats per activitats il\u00b7legals de diferent \u00edndole anteriors a l&#039;excavaci\u00f3. El resultat permet afirmar que aquesta cova, a m\u00e9s d&#039;utilitzada en \u00e8poca hist\u00f2rica, va ser habitada en \u00e8poca prehist\u00f2rica, destacant la seva ocupaci\u00f3 per pastors que van utilitzar la cova per estabular bestiar al Neol\u00edtic Mitj\u00e0.<\/p>","protected":false},"featured_media":45873,"template":"","meta":{"kia_subtitle":""},"product_brand":[],"product_cat":[2913],"product_tag":[],"class_list":{"0":"post-45727","1":"product","2":"type-product","3":"status-publish","4":"has-post-thumbnail","6":"product_cat-articulos","8":"first","9":"instock","10":"virtual","11":"product-type-simple"},"meta_box":{"ia_expediente":"","ia_ano":"","ia_fechas_de_actuacion":"","ia_municipios_comarcas":"","ia_directores":"","ia_periodos_culturales":"","ia_tipos_de_intervencion":"","ia_equipo_tecnico":"","ia_autores":"","ia_promotores":"","ia_deposito_de_materiales":"","ia_coordenadas_utm":""},"_links":{"self":[{"href":"https:\/\/marqalicante-admin.qwair.com\/va\/wp-json\/wp\/v2\/product\/45727","targetHints":{"allow":["GET"]}}],"collection":[{"href":"https:\/\/marqalicante-admin.qwair.com\/va\/wp-json\/wp\/v2\/product"}],"about":[{"href":"https:\/\/marqalicante-admin.qwair.com\/va\/wp-json\/wp\/v2\/types\/product"}],"wp:featuredmedia":[{"embeddable":true,"href":"https:\/\/marqalicante-admin.qwair.com\/va\/wp-json\/wp\/v2\/media\/45873"}],"wp:attachment":[{"href":"https:\/\/marqalicante-admin.qwair.com\/va\/wp-json\/wp\/v2\/media?parent=45727"}],"wp:term":[{"taxonomy":"product_brand","embeddable":true,"href":"https:\/\/marqalicante-admin.qwair.com\/va\/wp-json\/wp\/v2\/product_brand?post=45727"},{"taxonomy":"product_cat","embeddable":true,"href":"https:\/\/marqalicante-admin.qwair.com\/va\/wp-json\/wp\/v2\/product_cat?post=45727"},{"taxonomy":"product_tag","embeddable":true,"href":"https:\/\/marqalicante-admin.qwair.com\/va\/wp-json\/wp\/v2\/product_tag?post=45727"}],"curies":[{"name":"wp","href":"https:\/\/api.w.org\/{rel}","templated":true}]}}