{"id":45722,"date":"2025-05-16T06:31:50","date_gmt":"2025-05-16T06:31:50","guid":{"rendered":"https:\/\/marqalicante-admin.qwair.com\/producto\/prospeccion-geoarqueologica-del-prebetico-de-alicante-primeros-datos-acerca-del-abastecimiento-de-silex-durante-la-prehistoria\/"},"modified":"2025-06-04T16:24:24","modified_gmt":"2025-06-04T16:24:24","slug":"prospeccion-geoarqueologica-del-prebetico-de-alicante-primeros-datos-acerca-del-abastecimiento-de-silex-durante-la-prehistoria","status":"publish","type":"product","link":"https:\/\/marqalicante-admin.qwair.com\/va\/producte\/prospeccion-geoarqueologica-del-prebetico-de-alicante-primeros-datos-acerca-del-abastecimiento-de-silex-durante-la-prehistoria\/","title":{"rendered":"Prospecci\u00f3 geoarqueol\u00f2gica del Preb\u00e8tic d&#039;Alacant: Primeres dades sobre l&#039;abastament de s\u00edlex durant la prehist\u00f2ria"},"content":{"rendered":"<div class=\"documento-item\">\n                    <h2 class=\"documento-title\">Prospecci\u00f3 geoarqueol\u00f2gica del Preb\u00e8tic d&#039;Alacant: Primeres dades sobre l&#039;abastament de s\u00edlex durant la prehist\u00f2ria<\/h2>\n        \n                    <p class=\"documento-subtitle\">Francisco Javier Molina Hern\u00e1ndez, Antonio Tarri\u00f1o Vinagre, Bertila Galv\u00e1n Santos i Crist M. Hern\u00e1ndez G\u00f3mez<\/p>\n        \n                    <a href=\"https:\/\/marqalicante.com\/contenido\/particulos\/pub_132.pdf\" class=\"documento-btn\" target=\"_blank\" rel=\"noopener\">\n                <i class=\"fas fa-file-pdf\"><\/i> Descarregar PDF\n            <\/a>\n            <\/div>","protected":false},"excerpt":{"rendered":"<p>En aquest treball donem a con\u00e8ixer els primers resultats obtinguts en la prospecci\u00f3 geoarqueol\u00f2gica del sector<br \/>geomorfol\u00f2gic anomenat Preb\u00e8tic d&#039;Alacant. S&#039;han documentat deu nivells geol\u00f2gics amb silicificacions<br \/>rellevants, que abasten un ampli lapse cronol\u00f2gic: des del Jur\u00e0ssic superior fins al Mioc\u00e8 superior. Tamb\u00e9 es<br \/>han localitzat, a les proximitats d&#039;afloraments geol\u00f2gics amb s\u00edlex, \u00e0rees d&#039;aprovisionament de mat\u00e8ria primera<br \/>sil\u00edcia. El seu estudi est\u00e0 oferint dades que permeten inferir els possibles models de captaci\u00f3 de primera mat\u00e8ria sil\u00edcia<br \/>dels grups humans prehist\u00f2rics que van habitar la zona destudi.<\/p>","protected":false},"featured_media":45873,"template":"","meta":{"kia_subtitle":""},"product_brand":[],"product_cat":[2913],"product_tag":[],"class_list":{"0":"post-45722","1":"product","2":"type-product","3":"status-publish","4":"has-post-thumbnail","6":"product_cat-articulos","8":"first","9":"instock","10":"virtual","11":"product-type-simple"},"meta_box":{"ia_expediente":"","ia_ano":"","ia_fechas_de_actuacion":"","ia_municipios_comarcas":"","ia_directores":"","ia_periodos_culturales":"","ia_tipos_de_intervencion":"","ia_equipo_tecnico":"","ia_autores":"","ia_promotores":"","ia_deposito_de_materiales":"","ia_coordenadas_utm":""},"_links":{"self":[{"href":"https:\/\/marqalicante-admin.qwair.com\/va\/wp-json\/wp\/v2\/product\/45722","targetHints":{"allow":["GET"]}}],"collection":[{"href":"https:\/\/marqalicante-admin.qwair.com\/va\/wp-json\/wp\/v2\/product"}],"about":[{"href":"https:\/\/marqalicante-admin.qwair.com\/va\/wp-json\/wp\/v2\/types\/product"}],"wp:featuredmedia":[{"embeddable":true,"href":"https:\/\/marqalicante-admin.qwair.com\/va\/wp-json\/wp\/v2\/media\/45873"}],"wp:attachment":[{"href":"https:\/\/marqalicante-admin.qwair.com\/va\/wp-json\/wp\/v2\/media?parent=45722"}],"wp:term":[{"taxonomy":"product_brand","embeddable":true,"href":"https:\/\/marqalicante-admin.qwair.com\/va\/wp-json\/wp\/v2\/product_brand?post=45722"},{"taxonomy":"product_cat","embeddable":true,"href":"https:\/\/marqalicante-admin.qwair.com\/va\/wp-json\/wp\/v2\/product_cat?post=45722"},{"taxonomy":"product_tag","embeddable":true,"href":"https:\/\/marqalicante-admin.qwair.com\/va\/wp-json\/wp\/v2\/product_tag?post=45722"}],"curies":[{"name":"wp","href":"https:\/\/api.w.org\/{rel}","templated":true}]}}