{"id":45719,"date":"2025-05-16T06:31:50","date_gmt":"2025-05-16T06:31:50","guid":{"rendered":"https:\/\/marqalicante-admin.qwair.com\/producto\/arqueologia-en-alicante-en-la-primera-decada-del-siglo-xxi-una-reflexion-sobre-los-avances-en-el-estudio-de-las-epocas-fenicia-e-iberica\/"},"modified":"2025-06-04T16:24:24","modified_gmt":"2025-06-04T16:24:24","slug":"arqueologia-en-alicante-en-la-primera-decada-del-siglo-xxi-una-reflexion-sobre-los-avances-en-el-estudio-de-las-epocas-fenicia-e-iberica","status":"publish","type":"product","link":"https:\/\/marqalicante-admin.qwair.com\/va\/producte\/arqueologia-en-alicante-en-la-primera-decada-del-siglo-xxi-una-reflexion-sobre-los-avances-en-el-estudio-de-las-epocas-fenicia-e-iberica\/","title":{"rendered":"ARQUEOLOGIA A ALACANT A LA PRIMERA D\u00c8CADA DEL SEGLE XXI. UNA REFLEXI\u00d3 SOBRE ELS AVAN\u00c7OS A L&#039;ESTUDI DE LES \u00c8POQUES FEN\u00cdCIA I IB\u00c8RICA"},"content":{"rendered":"<div class=\"documento-item\">\n                    <h2 class=\"documento-title\">ARQUEOLOGIA A ALACANT A LA PRIMERA D\u00c8CADA DEL SEGLE XXI. UNA REFLEXI\u00d3 SOBRE ELS AVAN\u00c7OS A L&#039;ESTUDI DE LES \u00c8POQUES FEN\u00cdCIA I IB\u00c8RICA<\/h2>\n        \n                    <p class=\"documento-subtitle\">Fernando Prados Mart\u00ednez i Feliciana Sala Sell\u00e9s<\/p>\n        \n                    <a href=\"https:\/\/marqalicante.com\/contenido\/particulos\/pub_129.pdf\" class=\"documento-btn\" target=\"_blank\" rel=\"noopener\">\n                <i class=\"fas fa-file-pdf\"><\/i> Descarregar PDF\n            <\/a>\n            <\/div>","protected":false},"excerpt":{"rendered":"<p>Han estat quatre ja les ocasions des del 1983 en qu\u00e8 es<br \/>han celebrado jornadas o coloquios cuyo fin fue la recapitulaci&oacute;n<br \/>y puesta al d&iacute;a del estado de la investigaci&oacute;n de la Arqueolog&iacute;a<br \/>en el Pa&iacute;s Valenciano. El primero de ellos&#44; en 1983&#44;<br \/>va ser organitzat per la Universitat d&#039;Alacant. En paraules<br \/>de la organizaci&oacute;n&#44; &ldquo;era el momento oportuno para poner<br \/>al d&iacute;a las s&iacute;ntesis y teor&iacute;as publicadas a lo largo de los a&ntilde;os<br \/>60 en los distintos per&iacute;odos hist&oacute;ricos&#44; desde la prehistoria<br \/>hasta la &eacute;poca medieval&rdquo;.<\/p>","protected":false},"featured_media":45873,"template":"","meta":{"kia_subtitle":""},"product_brand":[],"product_cat":[2913],"product_tag":[],"class_list":{"0":"post-45719","1":"product","2":"type-product","3":"status-publish","4":"has-post-thumbnail","6":"product_cat-articulos","8":"first","9":"instock","10":"virtual","11":"product-type-simple"},"meta_box":{"ia_expediente":"","ia_ano":"","ia_fechas_de_actuacion":"","ia_municipios_comarcas":"","ia_directores":"","ia_periodos_culturales":"","ia_tipos_de_intervencion":"","ia_equipo_tecnico":"","ia_autores":"","ia_promotores":"","ia_deposito_de_materiales":"","ia_coordenadas_utm":""},"_links":{"self":[{"href":"https:\/\/marqalicante-admin.qwair.com\/va\/wp-json\/wp\/v2\/product\/45719","targetHints":{"allow":["GET"]}}],"collection":[{"href":"https:\/\/marqalicante-admin.qwair.com\/va\/wp-json\/wp\/v2\/product"}],"about":[{"href":"https:\/\/marqalicante-admin.qwair.com\/va\/wp-json\/wp\/v2\/types\/product"}],"wp:featuredmedia":[{"embeddable":true,"href":"https:\/\/marqalicante-admin.qwair.com\/va\/wp-json\/wp\/v2\/media\/45873"}],"wp:attachment":[{"href":"https:\/\/marqalicante-admin.qwair.com\/va\/wp-json\/wp\/v2\/media?parent=45719"}],"wp:term":[{"taxonomy":"product_brand","embeddable":true,"href":"https:\/\/marqalicante-admin.qwair.com\/va\/wp-json\/wp\/v2\/product_brand?post=45719"},{"taxonomy":"product_cat","embeddable":true,"href":"https:\/\/marqalicante-admin.qwair.com\/va\/wp-json\/wp\/v2\/product_cat?post=45719"},{"taxonomy":"product_tag","embeddable":true,"href":"https:\/\/marqalicante-admin.qwair.com\/va\/wp-json\/wp\/v2\/product_tag?post=45719"}],"curies":[{"name":"wp","href":"https:\/\/api.w.org\/{rel}","templated":true}]}}