{"id":45709,"date":"2025-05-16T06:31:47","date_gmt":"2025-05-16T06:31:47","guid":{"rendered":"https:\/\/marqalicante-admin.qwair.com\/producto\/la-produccion-de-hilo-a-finales-de-la-edad-del-bronce-e-inicios-de-la-edad-del-hierro-en-el-sureste-y-el-levante-peninsular-las-fusayolas-de-materiales-oseos\/"},"modified":"2025-06-04T16:24:22","modified_gmt":"2025-06-04T16:24:22","slug":"la-produccion-de-hilo-a-finales-de-la-edad-del-bronce-e-inicios-de-la-edad-del-hierro-en-el-sureste-y-el-levante-peninsular-las-fusayolas-de-materiales-oseos","status":"publish","type":"product","link":"https:\/\/marqalicante-admin.qwair.com\/va\/producte\/la-produccion-de-hilo-a-finales-de-la-edad-del-bronce-e-inicios-de-la-edad-del-hierro-en-el-sureste-y-el-levante-peninsular-las-fusayolas-de-materiales-oseos\/","title":{"rendered":"La producci\u00f3 de fil a finals de l&#039;Edat del Bronze i inicis de l&#039;Edat del Ferro al Sud-est i al Llevant peninsular: les fusaioles de materials ossis"},"content":{"rendered":"<div class=\"documento-item\">\n                    <h2 class=\"documento-title\">La producci\u00f3 de fil a finals de l&#039;Edat del Bronze i inicis de l&#039;Edat del Ferro al Sud-est i al Llevant peninsular: les fusaioles de materials ossis<\/h2>\n        \n                    <p class=\"documento-subtitle\">Ricardo E. Basso Rial<\/p>\n        \n                    <a href=\"https:\/\/marqalicante.com\/contenido\/particulos\/pub_119.pdf\" class=\"documento-btn\" target=\"_blank\" rel=\"noopener\">\n                <i class=\"fas fa-file-pdf\"><\/i> Descarregar PDF\n            <\/a>\n            <\/div>","protected":false},"excerpt":{"rendered":"<p>L&#039;evid\u00e8ncia de fusaioles per a la producci\u00f3 de fil mitjan\u00e7ant la utilitzaci\u00f3 de fusos est\u00e0 constatada a la pen\u00ednsula Ib\u00e8rica des de finals del Neol\u00edtic. No obstant aix\u00f2, no hi ha evid\u00e8ncies de l&#039;\u00fas de fusaioles de materials diferents del fang o la pedra fins a l&#039;Edat del Bronze. A l&#039;\u00e0rea del Sud-est i el Llevant de la pen\u00ednsula Ib\u00e8rica \u00e9s a partir dels moments centrals del II mil\u00b7lenni cal\u00e7 BC quan comen\u00e7a a apar\u00e8ixer un tipus d&#039;instruments interpretats com a fusaioles elaborats amb altres materials com s\u00f3n l&#039;asta i l&#039;os. En aquest treball analitzem els dos tipus diferents de fusaioles \u00f2ssies testificats, aix\u00ed com abordem els significats de la seva pres\u00e8ncia en el marc de la producci\u00f3 t\u00e8xtil durant l&#039;Edat del Bronze i els moments inicials d&#039;Edat del Ferro.<\/p>","protected":false},"featured_media":45873,"template":"","meta":{"kia_subtitle":""},"product_brand":[],"product_cat":[2913],"product_tag":[],"class_list":{"0":"post-45709","1":"product","2":"type-product","3":"status-publish","4":"has-post-thumbnail","6":"product_cat-articulos","8":"first","9":"instock","10":"virtual","11":"product-type-simple"},"meta_box":{"ia_expediente":"","ia_ano":"","ia_fechas_de_actuacion":"","ia_municipios_comarcas":"","ia_directores":"","ia_periodos_culturales":"","ia_tipos_de_intervencion":"","ia_equipo_tecnico":"","ia_autores":"","ia_promotores":"","ia_deposito_de_materiales":"","ia_coordenadas_utm":""},"_links":{"self":[{"href":"https:\/\/marqalicante-admin.qwair.com\/va\/wp-json\/wp\/v2\/product\/45709","targetHints":{"allow":["GET"]}}],"collection":[{"href":"https:\/\/marqalicante-admin.qwair.com\/va\/wp-json\/wp\/v2\/product"}],"about":[{"href":"https:\/\/marqalicante-admin.qwair.com\/va\/wp-json\/wp\/v2\/types\/product"}],"wp:featuredmedia":[{"embeddable":true,"href":"https:\/\/marqalicante-admin.qwair.com\/va\/wp-json\/wp\/v2\/media\/45873"}],"wp:attachment":[{"href":"https:\/\/marqalicante-admin.qwair.com\/va\/wp-json\/wp\/v2\/media?parent=45709"}],"wp:term":[{"taxonomy":"product_brand","embeddable":true,"href":"https:\/\/marqalicante-admin.qwair.com\/va\/wp-json\/wp\/v2\/product_brand?post=45709"},{"taxonomy":"product_cat","embeddable":true,"href":"https:\/\/marqalicante-admin.qwair.com\/va\/wp-json\/wp\/v2\/product_cat?post=45709"},{"taxonomy":"product_tag","embeddable":true,"href":"https:\/\/marqalicante-admin.qwair.com\/va\/wp-json\/wp\/v2\/product_tag?post=45709"}],"curies":[{"name":"wp","href":"https:\/\/api.w.org\/{rel}","templated":true}]}}