{"id":45704,"date":"2025-05-16T06:31:46","date_gmt":"2025-05-16T06:31:46","guid":{"rendered":"https:\/\/marqalicante-admin.qwair.com\/producto\/ceramicas-para-un-nuevo-reino-la-ceramica-de-la-repoblacion-feudal-en-la-pobla-medieval-de-ifach-calp-alicante\/"},"modified":"2025-06-04T16:24:21","modified_gmt":"2025-06-04T16:24:21","slug":"ceramicas-para-un-nuevo-reino-la-ceramica-de-la-repoblacion-feudal-en-la-pobla-medieval-de-ifach-calp-alicante","status":"publish","type":"product","link":"https:\/\/marqalicante-admin.qwair.com\/va\/producte\/ceramicas-para-un-nuevo-reino-la-ceramica-de-la-repoblacion-feudal-en-la-pobla-medieval-de-ifach-calp-alicante\/","title":{"rendered":"Cer\u00e0miques per a un nou regne. La cer\u00e0mica de la repoblaci\u00f3 feudal a la Pobla medieval d&#039;Ifac (Calp, Alacant)"},"content":{"rendered":"<div class=\"documento-item\">\n                    <h2 class=\"documento-title\">Cer\u00e0miques per a un nou regne. La cer\u00e0mica de la repoblaci\u00f3 feudal a la Pobla medieval d&#039;Ifac (Calp, Alacant)<\/h2>\n        \n                    <p class=\"documento-subtitle\">Jos\u00e9 Luis Men\u00e9ndez Fueyo i Joaqu\u00edn Pina Mira<\/p>\n        \n                    <a href=\"https:\/\/marqalicante.com\/contenido\/particulos\/pub_114.pdf\" class=\"documento-btn\" target=\"_blank\" rel=\"noopener\">\n                <i class=\"fas fa-file-pdf\"><\/i> Descarregar PDF\n            <\/a>\n            <\/div>","protected":false},"excerpt":{"rendered":"<p>Este trabajo culmina un estudio que iniciamos en el a&ntilde;o 2011 en el que present&aacute;bamos el registro cer&aacute;mico relativo a&nbsp;los niveles fundacionales documentados en la Pobla medieval de Ifach (Calp&#44; Alicante)&#44; relacionando las producciones&nbsp;descubiertas con los obradores de localidad de Paterna (Valencia) y estableciendo una conexi&oacute;n formal con las llamadas&nbsp;cer&aacute;micas de conquista que hab&iacute;an sido identificadas a&ntilde;os atr&aacute;s por los investigadores Rafael Azuar&#44; Javier Mart&iacute; y Josefa&nbsp;Pascual Pacheco en el Castell d&rsquo;Ambra en Pego en 1999. El estudio presenta lo que hemos calificado como cer&aacute;micas<br \/>de la repoblaci&oacute;n&#44; un registro documentado por la secuencia estratigr&aacute;fica&#44; los hallazgos monetales y que muestra&nbsp;una vinculaci&oacute;n formal directa con dichas cer&aacute;micas&#44; que son estandarizadas y distribuidas por los territorios reci&eacute;n&nbsp;conquistados del nuevo Reino de Valencia a partir de la primera mitad del siglo XIV.&nbsp;<\/p>","protected":false},"featured_media":45873,"template":"","meta":{"kia_subtitle":""},"product_brand":[],"product_cat":[2913],"product_tag":[],"class_list":{"0":"post-45704","1":"product","2":"type-product","3":"status-publish","4":"has-post-thumbnail","6":"product_cat-articulos","8":"first","9":"instock","10":"virtual","11":"product-type-simple"},"meta_box":{"ia_expediente":"","ia_ano":"","ia_fechas_de_actuacion":"","ia_municipios_comarcas":"","ia_directores":"","ia_periodos_culturales":"","ia_tipos_de_intervencion":"","ia_equipo_tecnico":"","ia_autores":"","ia_promotores":"","ia_deposito_de_materiales":"","ia_coordenadas_utm":""},"_links":{"self":[{"href":"https:\/\/marqalicante-admin.qwair.com\/va\/wp-json\/wp\/v2\/product\/45704","targetHints":{"allow":["GET"]}}],"collection":[{"href":"https:\/\/marqalicante-admin.qwair.com\/va\/wp-json\/wp\/v2\/product"}],"about":[{"href":"https:\/\/marqalicante-admin.qwair.com\/va\/wp-json\/wp\/v2\/types\/product"}],"wp:featuredmedia":[{"embeddable":true,"href":"https:\/\/marqalicante-admin.qwair.com\/va\/wp-json\/wp\/v2\/media\/45873"}],"wp:attachment":[{"href":"https:\/\/marqalicante-admin.qwair.com\/va\/wp-json\/wp\/v2\/media?parent=45704"}],"wp:term":[{"taxonomy":"product_brand","embeddable":true,"href":"https:\/\/marqalicante-admin.qwair.com\/va\/wp-json\/wp\/v2\/product_brand?post=45704"},{"taxonomy":"product_cat","embeddable":true,"href":"https:\/\/marqalicante-admin.qwair.com\/va\/wp-json\/wp\/v2\/product_cat?post=45704"},{"taxonomy":"product_tag","embeddable":true,"href":"https:\/\/marqalicante-admin.qwair.com\/va\/wp-json\/wp\/v2\/product_tag?post=45704"}],"curies":[{"name":"wp","href":"https:\/\/api.w.org\/{rel}","templated":true}]}}