{"id":45703,"date":"2025-05-16T06:31:46","date_gmt":"2025-05-16T06:31:46","guid":{"rendered":"https:\/\/marqalicante-admin.qwair.com\/producto\/mineria-y-metalurgia-calcoliticas-en-el-sudeste-de-la-peninsula-iberica-hacia-un-modelo-interconectado\/"},"modified":"2025-06-04T16:24:21","modified_gmt":"2025-06-04T16:24:21","slug":"mineria-y-metalurgia-calcoliticas-en-el-sudeste-de-la-peninsula-iberica-hacia-un-modelo-interconectado","status":"publish","type":"product","link":"https:\/\/marqalicante-admin.qwair.com\/va\/producte\/mineria-y-metalurgia-calcoliticas-en-el-sudeste-de-la-peninsula-iberica-hacia-un-modelo-interconectado\/","title":{"rendered":"Mineria i metal\u00b7l\u00fargia calcol\u00edtiques al sud-est de la pen\u00ednsula ib\u00e8rica. Cap a un model interconnectat"},"content":{"rendered":"<div class=\"documento-item\">\n                    <h2 class=\"documento-title\">Mineria i metal\u00b7l\u00fargia calcol\u00edtiques al sud-est de la pen\u00ednsula ib\u00e8rica. Cap a un model interconnectat<\/h2>\n        \n                    <p class=\"documento-subtitle\">Nicolau Escanilla Artigas<\/p>\n        \n                    <a href=\"https:\/\/marqalicante.com\/contenido\/particulos\/pub_113.pdf\" class=\"documento-btn\" target=\"_blank\" rel=\"noopener\">\n                <i class=\"fas fa-file-pdf\"><\/i> Descarregar PDF\n            <\/a>\n            <\/div>","protected":false},"excerpt":{"rendered":"<p>Los recientes trabajos sobre el Calcol&iacute;tico en la pen&iacute;nsula ib&eacute;rica enfatizan una complejidad y un dinamismo que nos&nbsp;obliga a replantear los modelos vigentes en torno a la miner&iacute;a y metalurgia del cobre. En este art&iacute;culo se revisar&aacute;n las&nbsp;nuevas evidencias arqueomineras en el valle del Guadalent&iacute;n y el estudio de los residuos metal&uacute;rgicos de asentamientos&nbsp;calcol&iacute;ticos. Los resultados se relacionar&aacute;n con las transformaciones sociales acontecidas a lo largo del III milenio cal&nbsp;ANE. Con estos datos se construir&aacute; un modelo de interpretaci&oacute;n hist&oacute;rica de la producci&oacute;n metalurgia acorde con el&nbsp;dinamismo de las pr&aacute;cticas sociales.<\/p>","protected":false},"featured_media":45873,"template":"","meta":{"kia_subtitle":""},"product_brand":[],"product_cat":[2913],"product_tag":[],"class_list":{"0":"post-45703","1":"product","2":"type-product","3":"status-publish","4":"has-post-thumbnail","6":"product_cat-articulos","8":"first","9":"instock","10":"virtual","11":"product-type-simple"},"meta_box":{"ia_expediente":"","ia_ano":"","ia_fechas_de_actuacion":"","ia_municipios_comarcas":"","ia_directores":"","ia_periodos_culturales":"","ia_tipos_de_intervencion":"","ia_equipo_tecnico":"","ia_autores":"","ia_promotores":"","ia_deposito_de_materiales":"","ia_coordenadas_utm":""},"_links":{"self":[{"href":"https:\/\/marqalicante-admin.qwair.com\/va\/wp-json\/wp\/v2\/product\/45703","targetHints":{"allow":["GET"]}}],"collection":[{"href":"https:\/\/marqalicante-admin.qwair.com\/va\/wp-json\/wp\/v2\/product"}],"about":[{"href":"https:\/\/marqalicante-admin.qwair.com\/va\/wp-json\/wp\/v2\/types\/product"}],"wp:featuredmedia":[{"embeddable":true,"href":"https:\/\/marqalicante-admin.qwair.com\/va\/wp-json\/wp\/v2\/media\/45873"}],"wp:attachment":[{"href":"https:\/\/marqalicante-admin.qwair.com\/va\/wp-json\/wp\/v2\/media?parent=45703"}],"wp:term":[{"taxonomy":"product_brand","embeddable":true,"href":"https:\/\/marqalicante-admin.qwair.com\/va\/wp-json\/wp\/v2\/product_brand?post=45703"},{"taxonomy":"product_cat","embeddable":true,"href":"https:\/\/marqalicante-admin.qwair.com\/va\/wp-json\/wp\/v2\/product_cat?post=45703"},{"taxonomy":"product_tag","embeddable":true,"href":"https:\/\/marqalicante-admin.qwair.com\/va\/wp-json\/wp\/v2\/product_tag?post=45703"}],"curies":[{"name":"wp","href":"https:\/\/api.w.org\/{rel}","templated":true}]}}