{"id":45700,"date":"2025-05-16T06:31:45","date_gmt":"2025-05-16T06:31:45","guid":{"rendered":"https:\/\/marqalicante-admin.qwair.com\/producto\/una-tumba-en-una-aldea-del-v-milenio-a-n-e-a-proposito-de-la-inhumacion-en-fosa-del-yacimiento-neolitico-del-cami-de-missena-la-pobla-del-duc-valencia\/"},"modified":"2025-06-04T16:24:20","modified_gmt":"2025-06-04T16:24:20","slug":"una-tumba-en-una-aldea-del-v-milenio-a-n-e-a-proposito-de-la-inhumacion-en-fosa-del-yacimiento-neolitico-del-cami-de-missena-la-pobla-del-duc-valencia","status":"publish","type":"product","link":"https:\/\/marqalicante-admin.qwair.com\/va\/producte\/una-tumba-en-una-aldea-del-v-milenio-a-n-e-a-proposito-de-la-inhumacion-en-fosa-del-yacimiento-neolitico-del-cami-de-missena-la-pobla-del-duc-valencia\/","title":{"rendered":"Una tomba en un llogaret del V mil\u00b7lenni ane A prop\u00f2sit de la inhumaci\u00f3 en fossa del jaciment neol\u00edtic del Cam\u00ed de Missena (La Pobla del Duc, Val\u00e8ncia)"},"content":{"rendered":"<div class=\"documento-item\">\n                    <h2 class=\"documento-title\">Una tomba en un llogaret del V mil\u00b7lenni ane A prop\u00f2sit de la inhumaci\u00f3 en fossa del jaciment neol\u00edtic del Cam\u00ed de Missena (La Pobla del Duc, Val\u00e8ncia)<\/h2>\n        \n                    <p class=\"documento-subtitle\">Jorge A. Soler D\u00edaz, Consol Roca de Togores Mu\u00f1oz, Josep Pasqual i Beneyto, Marina Lozano Ruiz, Olga G\u00f3mez P\u00e9rez, Manuel P\u00e9rez Mateu i Silvia Roca Alberola<\/p>\n        \n                    <a href=\"https:\/\/marqalicante.com\/contenido\/particulos\/pub_110.pdf\" class=\"documento-btn\" target=\"_blank\" rel=\"noopener\">\n                <i class=\"fas fa-file-pdf\"><\/i> Descarregar PDF\n            <\/a>\n            <\/div>","protected":false},"excerpt":{"rendered":"<p>El 2003 dins d&#039;una excavaci\u00f3 d&#039;urg\u00e8ncia es va descobrir una tomba amb aixovar al jaciment a l&#039;aire lliure de Cam\u00ed de Missena. La seva dataci\u00f3 remunta la inhumaci\u00f3 a la primera meitat del V mil\u00b7lenni ane. S&#039;exposen els treballs de camp, els resultats de les an\u00e0lisis de les restes \u00f2ssies i dent\u00e0ries, estudis de fabricaci\u00f3, t\u00e8cniques i restauraci\u00f3 del recipient cer\u00e0mic, aix\u00ed com els processos postdeposicionals que van afectar l&#039;enterrament i que han servit en la reconstrucci\u00f3 del ritual. Es valora el significat de la<br \/>inhumaci\u00f3 al panorama neol\u00edtic regional, tra\u00e7ant una s\u00edntesi dels enterraments en cova ia l&#039;aire lliure cronol\u00f2gicament afins.&nbsp;<\/p>","protected":false},"featured_media":45873,"template":"","meta":{"kia_subtitle":""},"product_brand":[],"product_cat":[2913],"product_tag":[],"class_list":{"0":"post-45700","1":"product","2":"type-product","3":"status-publish","4":"has-post-thumbnail","6":"product_cat-articulos","8":"first","9":"instock","10":"virtual","11":"product-type-simple"},"meta_box":{"ia_expediente":"","ia_ano":"","ia_fechas_de_actuacion":"","ia_municipios_comarcas":"","ia_directores":"","ia_periodos_culturales":"","ia_tipos_de_intervencion":"","ia_equipo_tecnico":"","ia_autores":"","ia_promotores":"","ia_deposito_de_materiales":"","ia_coordenadas_utm":""},"_links":{"self":[{"href":"https:\/\/marqalicante-admin.qwair.com\/va\/wp-json\/wp\/v2\/product\/45700","targetHints":{"allow":["GET"]}}],"collection":[{"href":"https:\/\/marqalicante-admin.qwair.com\/va\/wp-json\/wp\/v2\/product"}],"about":[{"href":"https:\/\/marqalicante-admin.qwair.com\/va\/wp-json\/wp\/v2\/types\/product"}],"wp:featuredmedia":[{"embeddable":true,"href":"https:\/\/marqalicante-admin.qwair.com\/va\/wp-json\/wp\/v2\/media\/45873"}],"wp:attachment":[{"href":"https:\/\/marqalicante-admin.qwair.com\/va\/wp-json\/wp\/v2\/media?parent=45700"}],"wp:term":[{"taxonomy":"product_brand","embeddable":true,"href":"https:\/\/marqalicante-admin.qwair.com\/va\/wp-json\/wp\/v2\/product_brand?post=45700"},{"taxonomy":"product_cat","embeddable":true,"href":"https:\/\/marqalicante-admin.qwair.com\/va\/wp-json\/wp\/v2\/product_cat?post=45700"},{"taxonomy":"product_tag","embeddable":true,"href":"https:\/\/marqalicante-admin.qwair.com\/va\/wp-json\/wp\/v2\/product_tag?post=45700"}],"curies":[{"name":"wp","href":"https:\/\/api.w.org\/{rel}","templated":true}]}}