{"id":45699,"date":"2025-05-16T06:31:45","date_gmt":"2025-05-16T06:31:45","guid":{"rendered":"https:\/\/marqalicante-admin.qwair.com\/producto\/de-que-se-ocupa-la-arqueologia\/"},"modified":"2025-06-04T16:24:20","modified_gmt":"2025-06-04T16:24:20","slug":"de-que-se-ocupa-la-arqueologia","status":"publish","type":"product","link":"https:\/\/marqalicante-admin.qwair.com\/va\/producte\/de-que-se-ocupa-la-arqueologia\/","title":{"rendered":"De qu\u00e8 ocupa l&#039;arqueologia?"},"content":{"rendered":"<div class=\"documento-item\">\n                    <h2 class=\"documento-title\">De qu\u00e8 ocupa l&#039;arqueologia?<\/h2>\n        \n                    <p class=\"documento-subtitle\">Vicente Lull<\/p>\n        \n                    <a href=\"https:\/\/marqalicante.com\/contenido\/particulos\/pub_109.pdf\" class=\"documento-btn\" target=\"_blank\" rel=\"noopener\">\n                <i class=\"fas fa-file-pdf\"><\/i> Descarregar PDF\n            <\/a>\n            <\/div>","protected":false},"excerpt":{"rendered":"<p>Els objectes arqueol\u00f2gics obren m\u00f3n i ens exigeixen que traspassem la nostra consci\u00e8ncia i llenguatge actuals. Els discursos arqueol\u00f2gics que no canvien davant d&#039;aquestes noves realitats cancel\u00b7len m\u00f3n en perpetuar-lo sense canvis. Les coses van passar i van passar d&#039;una manera concreta. Van poder travessar certs possibles, patir accidents o conting\u00e8ncies insospitades, per\u00f2 transc\u00f3rrer de tot aix\u00f2 va incorporar, esquivar o rebutjar coses, d&#039;una manera i no una altra. Per molt que sapiguem que les nostres projeccions de futur fallin i siguem incapa\u00e7os de pronosticar successos de necessitat conseq\u00fcent, la veritat \u00e9s que el que va transc\u00f3rrer ho va fer de certa manera. Hi ha moltes m\u00e9s coses per descobrir que les descobertes fins ara que compartim i hi resideix la nostra esperan\u00e7a.<\/p>","protected":false},"featured_media":45873,"template":"","meta":{"kia_subtitle":""},"product_brand":[],"product_cat":[2913],"product_tag":[],"class_list":{"0":"post-45699","1":"product","2":"type-product","3":"status-publish","4":"has-post-thumbnail","6":"product_cat-articulos","8":"first","9":"instock","10":"virtual","11":"product-type-simple"},"meta_box":{"ia_expediente":"","ia_ano":"","ia_fechas_de_actuacion":"","ia_municipios_comarcas":"","ia_directores":"","ia_periodos_culturales":"","ia_tipos_de_intervencion":"","ia_equipo_tecnico":"","ia_autores":"","ia_promotores":"","ia_deposito_de_materiales":"","ia_coordenadas_utm":""},"_links":{"self":[{"href":"https:\/\/marqalicante-admin.qwair.com\/va\/wp-json\/wp\/v2\/product\/45699","targetHints":{"allow":["GET"]}}],"collection":[{"href":"https:\/\/marqalicante-admin.qwair.com\/va\/wp-json\/wp\/v2\/product"}],"about":[{"href":"https:\/\/marqalicante-admin.qwair.com\/va\/wp-json\/wp\/v2\/types\/product"}],"wp:featuredmedia":[{"embeddable":true,"href":"https:\/\/marqalicante-admin.qwair.com\/va\/wp-json\/wp\/v2\/media\/45873"}],"wp:attachment":[{"href":"https:\/\/marqalicante-admin.qwair.com\/va\/wp-json\/wp\/v2\/media?parent=45699"}],"wp:term":[{"taxonomy":"product_brand","embeddable":true,"href":"https:\/\/marqalicante-admin.qwair.com\/va\/wp-json\/wp\/v2\/product_brand?post=45699"},{"taxonomy":"product_cat","embeddable":true,"href":"https:\/\/marqalicante-admin.qwair.com\/va\/wp-json\/wp\/v2\/product_cat?post=45699"},{"taxonomy":"product_tag","embeddable":true,"href":"https:\/\/marqalicante-admin.qwair.com\/va\/wp-json\/wp\/v2\/product_tag?post=45699"}],"curies":[{"name":"wp","href":"https:\/\/api.w.org\/{rel}","templated":true}]}}