{"id":45695,"date":"2025-05-16T06:31:44","date_gmt":"2025-05-16T06:31:44","guid":{"rendered":"https:\/\/marqalicante-admin.qwair.com\/producto\/redescubriendo-el-castillet-millares-valencia-una-nueva-lectura-de-la-fortaleza-islamica-junto-al-jucar-a-partir-de-los-resultados-de-la-primera-campana-de-excavaciones\/"},"modified":"2025-06-04T16:24:19","modified_gmt":"2025-06-04T16:24:19","slug":"redescubriendo-el-castillet-millares-valencia-una-nueva-lectura-de-la-fortaleza-islamica-junto-al-jucar-a-partir-de-los-resultados-de-la-primera-campana-de-excavaciones","status":"publish","type":"product","link":"https:\/\/marqalicante-admin.qwair.com\/va\/producte\/redescubriendo-el-castillet-millares-valencia-una-nueva-lectura-de-la-fortaleza-islamica-junto-al-jucar-a-partir-de-los-resultados-de-la-primera-campana-de-excavaciones\/","title":{"rendered":"Redescobrint el Castillet (Millares, Val\u00e8ncia). Una nova lectura de la fortalesa isl\u00e0mica al costat del X\u00faquer a partir dels resultats de la primera campanya d\u00b4excavacions"},"content":{"rendered":"<div class=\"documento-item\">\n                    <h2 class=\"documento-title\">Redescobrint el Castillet (Millares, Val\u00e8ncia). Una nova lectura de la fortalesa isl\u00e0mica al costat del X\u00faquer a partir dels resultats de la primera campanya d\u00b4excavacions<\/h2>\n        \n                    <p class=\"documento-subtitle\">Trinitat Mart\u00ednez i Rubio i Ximo Martorell Briz<\/p>\n        \n                    <a href=\"https:\/\/marqalicante.com\/contenido\/particulos\/pub_105.pdf\" class=\"documento-btn\" target=\"_blank\" rel=\"noopener\">\n                <i class=\"fas fa-file-pdf\"><\/i> Descarregar PDF\n            <\/a>\n            <\/div>","protected":false},"excerpt":{"rendered":"<p>Se expone la primera campa&ntilde;a de excavaciones arqueol&oacute;gicas llevadas a cabo en la fortaleza isl&aacute;mica de el Castillet&nbsp;(Millares&#44; Valencia) el verano de 2014. Durante la descripci&oacute;n de los trabajos&#44; se ponen de relieve las principales&nbsp;novedades estructurales como son la documentaci&oacute;n de una torre de planta pentagonal&#44; el cierre del per&iacute;metro de&nbsp;muralla del alc&aacute;zar y la recuperaci&oacute;n de restos de estructuras de habitaciones en el patio de armas. Estas novedades<br \/>llevan a reformular la funcionalidad del emplazamiento&#44;&nbsp;tradicionalmente asociado &uacute;nicamente al control territorial en la&nbsp;frontera que dibuja el r&iacute;o J&uacute;car entre Cofrentes y Cullera&#44; y abre la v&iacute;a a nuevas interpretaciones que aproximan el castillo&nbsp;al &aacute;mbito de los graneros fortificados.<\/p>","protected":false},"featured_media":45873,"template":"","meta":{"kia_subtitle":""},"product_brand":[],"product_cat":[2913],"product_tag":[],"class_list":{"0":"post-45695","1":"product","2":"type-product","3":"status-publish","4":"has-post-thumbnail","6":"product_cat-articulos","8":"first","9":"instock","10":"virtual","11":"product-type-simple"},"meta_box":{"ia_expediente":"","ia_ano":"","ia_fechas_de_actuacion":"","ia_municipios_comarcas":"","ia_directores":"","ia_periodos_culturales":"","ia_tipos_de_intervencion":"","ia_equipo_tecnico":"","ia_autores":"","ia_promotores":"","ia_deposito_de_materiales":"","ia_coordenadas_utm":""},"_links":{"self":[{"href":"https:\/\/marqalicante-admin.qwair.com\/va\/wp-json\/wp\/v2\/product\/45695","targetHints":{"allow":["GET"]}}],"collection":[{"href":"https:\/\/marqalicante-admin.qwair.com\/va\/wp-json\/wp\/v2\/product"}],"about":[{"href":"https:\/\/marqalicante-admin.qwair.com\/va\/wp-json\/wp\/v2\/types\/product"}],"wp:featuredmedia":[{"embeddable":true,"href":"https:\/\/marqalicante-admin.qwair.com\/va\/wp-json\/wp\/v2\/media\/45873"}],"wp:attachment":[{"href":"https:\/\/marqalicante-admin.qwair.com\/va\/wp-json\/wp\/v2\/media?parent=45695"}],"wp:term":[{"taxonomy":"product_brand","embeddable":true,"href":"https:\/\/marqalicante-admin.qwair.com\/va\/wp-json\/wp\/v2\/product_brand?post=45695"},{"taxonomy":"product_cat","embeddable":true,"href":"https:\/\/marqalicante-admin.qwair.com\/va\/wp-json\/wp\/v2\/product_cat?post=45695"},{"taxonomy":"product_tag","embeddable":true,"href":"https:\/\/marqalicante-admin.qwair.com\/va\/wp-json\/wp\/v2\/product_tag?post=45695"}],"curies":[{"name":"wp","href":"https:\/\/api.w.org\/{rel}","templated":true}]}}