{"id":45689,"date":"2025-05-16T06:31:42","date_gmt":"2025-05-16T06:31:42","guid":{"rendered":"https:\/\/marqalicante-admin.qwair.com\/producto\/la-casa-del-horno-de-la-illeta-dels-banyets-el-campello-alicante-un-taller-de-esparto-en-la-contestania-iberica\/"},"modified":"2025-06-04T16:24:18","modified_gmt":"2025-06-04T16:24:18","slug":"la-casa-del-horno-de-la-illeta-dels-banyets-el-campello-alicante-un-taller-de-esparto-en-la-contestania-iberica","status":"publish","type":"product","link":"https:\/\/marqalicante-admin.qwair.com\/va\/producte\/la-casa-del-horno-de-la-illeta-dels-banyets-el-campello-alicante-un-taller-de-esparto-en-la-contestania-iberica\/","title":{"rendered":"La Casa del forn de la Illeta dels Banyets (El Campello, Alacant): un taller d&#039;espart a la Contest\u00e0nia ib\u00e8rica"},"content":{"rendered":"<div class=\"documento-item\">\n                    <h2 class=\"documento-title\">La Casa del forn de la Illeta dels Banyets (El Campello, Alacant): un taller d&#039;espart a la Contest\u00e0nia ib\u00e8rica<\/h2>\n        \n                    <p class=\"documento-subtitle\">Pascual Perdiguero Asensi<\/p>\n        \n                    <a href=\"https:\/\/marqalicante.com\/contenido\/particulos\/pub_99.pdf\" class=\"documento-btn\" target=\"_blank\" rel=\"noopener\">\n                <i class=\"fas fa-file-pdf\"><\/i> Descarregar PDF\n            <\/a>\n            <\/div>","protected":false},"excerpt":{"rendered":"<p>En aquest treball es presenta la revisi\u00f3 de la documentaci\u00f3 antiga concernent a un edifici d&#039;\u00e8poca ib\u00e8rica del jaciment de la Illeta dels Banyets (El Campello, Alacant), excavat per E. Llobregat, aix\u00ed com l&#039;estudi de la seva arquitectura i funci\u00f3 en l&#039;activitat econ\u00f2mica de l&#039;enclavament, contrastant aquelles dades amb la informaci\u00f3 recent obtinguda gr\u00e0cies als treballs de muse\u00eftzaci\u00f3 Alacant. Els objectius principals del treball consisteixen a actualitzar el coneixement sobre aquest edifici i concloure si es tracta d&#039;un espai productiu o d&#039;emmagatzematge relacionat amb la manufactura de l&#039;espart. Per aix\u00f2 es revisar\u00e0 tot el material conservat d&#039;excavacions antigues i es contrastar\u00e0 amb tot el que s&#039;ha publicat recentment sobre la Illeta dels Banyets, en concret les estades Ib1, 2 i 3, corresponents a la \u201ccasa del forn\u201d.<\/p>","protected":false},"featured_media":45873,"template":"","meta":{"kia_subtitle":""},"product_brand":[],"product_cat":[2913],"product_tag":[],"class_list":{"0":"post-45689","1":"product","2":"type-product","3":"status-publish","4":"has-post-thumbnail","6":"product_cat-articulos","8":"first","9":"instock","10":"virtual","11":"product-type-simple"},"meta_box":{"ia_expediente":"","ia_ano":"","ia_fechas_de_actuacion":"","ia_municipios_comarcas":"","ia_directores":"","ia_periodos_culturales":"","ia_tipos_de_intervencion":"","ia_equipo_tecnico":"","ia_autores":"","ia_promotores":"","ia_deposito_de_materiales":"","ia_coordenadas_utm":""},"_links":{"self":[{"href":"https:\/\/marqalicante-admin.qwair.com\/va\/wp-json\/wp\/v2\/product\/45689","targetHints":{"allow":["GET"]}}],"collection":[{"href":"https:\/\/marqalicante-admin.qwair.com\/va\/wp-json\/wp\/v2\/product"}],"about":[{"href":"https:\/\/marqalicante-admin.qwair.com\/va\/wp-json\/wp\/v2\/types\/product"}],"wp:featuredmedia":[{"embeddable":true,"href":"https:\/\/marqalicante-admin.qwair.com\/va\/wp-json\/wp\/v2\/media\/45873"}],"wp:attachment":[{"href":"https:\/\/marqalicante-admin.qwair.com\/va\/wp-json\/wp\/v2\/media?parent=45689"}],"wp:term":[{"taxonomy":"product_brand","embeddable":true,"href":"https:\/\/marqalicante-admin.qwair.com\/va\/wp-json\/wp\/v2\/product_brand?post=45689"},{"taxonomy":"product_cat","embeddable":true,"href":"https:\/\/marqalicante-admin.qwair.com\/va\/wp-json\/wp\/v2\/product_cat?post=45689"},{"taxonomy":"product_tag","embeddable":true,"href":"https:\/\/marqalicante-admin.qwair.com\/va\/wp-json\/wp\/v2\/product_tag?post=45689"}],"curies":[{"name":"wp","href":"https:\/\/api.w.org\/{rel}","templated":true}]}}