{"id":45685,"date":"2025-05-16T06:31:41","date_gmt":"2025-05-16T06:31:41","guid":{"rendered":"https:\/\/marqalicante-admin.qwair.com\/producto\/morir-en-ifach-un-posible-caso-de-brucelosis-en-una-tumba-doble-de-la-pobla-medieval-de-ifach-calp-alicante\/"},"modified":"2025-06-04T16:24:17","modified_gmt":"2025-06-04T16:24:17","slug":"morir-en-ifach-un-posible-caso-de-brucelosis-en-una-tumba-doble-de-la-pobla-medieval-de-ifach-calp-alicante","status":"publish","type":"product","link":"https:\/\/marqalicante-admin.qwair.com\/va\/producte\/morir-en-ifach-un-posible-caso-de-brucelosis-en-una-tumba-doble-de-la-pobla-medieval-de-ifach-calp-alicante\/","title":{"rendered":"Morir a Ifac. Un possible cas de brucel\u00b7losi en una tomba doble de la poblaci\u00f3 medieval d&#039;Ifac (Calp, Alacant)"},"content":{"rendered":"<div class=\"documento-item\">\n                    <h2 class=\"documento-title\">Morir a Ifac. Un possible cas de brucel\u00b7losi en una tomba doble de la poblaci\u00f3 medieval d&#039;Ifac (Calp, Alacant)<\/h2>\n        \n                    <p class=\"documento-subtitle\">Stefania Malagutti i Jose Luis Menendez Fueyo<\/p>\n        \n                    <a href=\"https:\/\/marqalicante.com\/contenido\/particulos\/pub_95.pdf\" class=\"documento-btn\" target=\"_blank\" rel=\"noopener\">\n                <i class=\"fas fa-file-pdf\"><\/i> Descarregar PDF\n            <\/a>\n            <\/div>","protected":false},"excerpt":{"rendered":"<p>Presentem un cas excepcional i \u00fanic descobert a l&#039;\u00e0rea de la necr\u00f2polis medieval de la Pobla d&#039;Ifac a Calp (Alacant). Exposem el cas de la T35, on ha aparegut una dona que presenta signes d&#039;una haver patit una possible brucel\u00b7losi a nivell de la 5\u00e8 v\u00e8rtebra lumbar i un infantil perinatal de 6 1\/2 mesos, col\u00b7locat a pocs cent\u00edmetres del genoll dret de l&#039;esquelet adult. Es tracta d&#039;una tomba doble sincr\u00f2nica que amaga una hist\u00f2ria vital que se&#039;ns mostren amb tota la seva cruesa, per\u00f2 tamb\u00e9 amb tota l&#039;esplendor que el registre antropol\u00f2gic pot oferir-nos avui a<br \/>dia.<\/p>","protected":false},"featured_media":45873,"template":"","meta":{"kia_subtitle":""},"product_brand":[],"product_cat":[2913],"product_tag":[],"class_list":{"0":"post-45685","1":"product","2":"type-product","3":"status-publish","4":"has-post-thumbnail","6":"product_cat-articulos","8":"first","9":"instock","10":"virtual","11":"product-type-simple"},"meta_box":{"ia_expediente":"","ia_ano":"","ia_fechas_de_actuacion":"","ia_municipios_comarcas":"","ia_directores":"","ia_periodos_culturales":"","ia_tipos_de_intervencion":"","ia_equipo_tecnico":"","ia_autores":"","ia_promotores":"","ia_deposito_de_materiales":"","ia_coordenadas_utm":""},"_links":{"self":[{"href":"https:\/\/marqalicante-admin.qwair.com\/va\/wp-json\/wp\/v2\/product\/45685","targetHints":{"allow":["GET"]}}],"collection":[{"href":"https:\/\/marqalicante-admin.qwair.com\/va\/wp-json\/wp\/v2\/product"}],"about":[{"href":"https:\/\/marqalicante-admin.qwair.com\/va\/wp-json\/wp\/v2\/types\/product"}],"wp:featuredmedia":[{"embeddable":true,"href":"https:\/\/marqalicante-admin.qwair.com\/va\/wp-json\/wp\/v2\/media\/45873"}],"wp:attachment":[{"href":"https:\/\/marqalicante-admin.qwair.com\/va\/wp-json\/wp\/v2\/media?parent=45685"}],"wp:term":[{"taxonomy":"product_brand","embeddable":true,"href":"https:\/\/marqalicante-admin.qwair.com\/va\/wp-json\/wp\/v2\/product_brand?post=45685"},{"taxonomy":"product_cat","embeddable":true,"href":"https:\/\/marqalicante-admin.qwair.com\/va\/wp-json\/wp\/v2\/product_cat?post=45685"},{"taxonomy":"product_tag","embeddable":true,"href":"https:\/\/marqalicante-admin.qwair.com\/va\/wp-json\/wp\/v2\/product_tag?post=45685"}],"curies":[{"name":"wp","href":"https:\/\/api.w.org\/{rel}","templated":true}]}}