{"id":45676,"date":"2025-05-16T06:31:38","date_gmt":"2025-05-16T06:31:38","guid":{"rendered":"https:\/\/marqalicante-admin.qwair.com\/producto\/la-cova-del-barranc-fondo-xativa-valencia-materiales-depositados-en-el-museu-de-prehistoria-de-valencia\/"},"modified":"2025-06-04T16:24:16","modified_gmt":"2025-06-04T16:24:16","slug":"la-cova-del-barranc-fondo-xativa-valencia-materiales-depositados-en-el-museu-de-prehistoria-de-valencia","status":"publish","type":"product","link":"https:\/\/marqalicante-admin.qwair.com\/va\/producte\/la-cova-del-barranc-fondo-xativa-valencia-materiales-depositados-en-el-museu-de-prehistoria-de-valencia\/","title":{"rendered":"La Cova del Barranc Fons (X\u00e0tiva, Val\u00e8ncia). Materials dipositats al Museu de Prehist\u00f2ria de Val\u00e8ncia"},"content":{"rendered":"<div class=\"documento-item\">\n                    <h2 class=\"documento-title\">La Cova del Barranc Fons (X\u00e0tiva, Val\u00e8ncia). Materials dipositats al Museu de Prehist\u00f2ria de Val\u00e8ncia<\/h2>\n        \n                    <p class=\"documento-subtitle\">Pablo Garc\u00eda Borja, \u00c1ngel Velasco Berzosa, Margarita Vadillo Conesa, Josep Llu\u00eds Pascual Benito, Mario Sanz Tormo y Emilio Cortell P\u00e9rez<\/p>\n        \n                    <a href=\"https:\/\/marqalicante.com\/contenido\/particulos\/pub_86.pdf\" class=\"documento-btn\" target=\"_blank\" rel=\"noopener\">\n                <i class=\"fas fa-file-pdf\"><\/i> Descarregar PDF\n            <\/a>\n            <\/div>","protected":false},"excerpt":{"rendered":"<p>Tras la revisi&oacute;n de los materiales arqueol&oacute;gicos prehist&oacute;ricos de la Cova del Barranc Fondo depositados en el Museu&nbsp;de Prehist&ograve;ria de Val&egrave;ncia&#44; se propone una secuencia de ocupaciones que arranca en el Magdaleniense final y finaliza&nbsp;en la Edad del Bronce. Los resultados obtenidos han propiciado el inicio de un proyecto de excavaciones arqueol&oacute;gicas&nbsp;en la cueva&#44; con el objetivo de contextualizar los restos existentes&nbsp;de&nbsp;forma&nbsp;m&aacute;s&nbsp;detallada&nbsp;y&nbsp;establecer&nbsp;el&nbsp;grado&nbsp;de&nbsp;conservaci&oacute;n de sus estratos&#44; as&iacute; como realizar una documentaci&oacute;n m&aacute;s amplia de su morfolog&iacute;a y caracter&iacute;sticas f&iacute;sicas.&nbsp;<\/p>","protected":false},"featured_media":45873,"template":"","meta":{"kia_subtitle":""},"product_brand":[],"product_cat":[2913],"product_tag":[],"class_list":{"0":"post-45676","1":"product","2":"type-product","3":"status-publish","4":"has-post-thumbnail","6":"product_cat-articulos","8":"first","9":"instock","10":"virtual","11":"product-type-simple"},"meta_box":{"ia_expediente":"","ia_ano":"","ia_fechas_de_actuacion":"","ia_municipios_comarcas":"","ia_directores":"","ia_periodos_culturales":"","ia_tipos_de_intervencion":"","ia_equipo_tecnico":"","ia_autores":"","ia_promotores":"","ia_deposito_de_materiales":"","ia_coordenadas_utm":""},"_links":{"self":[{"href":"https:\/\/marqalicante-admin.qwair.com\/va\/wp-json\/wp\/v2\/product\/45676","targetHints":{"allow":["GET"]}}],"collection":[{"href":"https:\/\/marqalicante-admin.qwair.com\/va\/wp-json\/wp\/v2\/product"}],"about":[{"href":"https:\/\/marqalicante-admin.qwair.com\/va\/wp-json\/wp\/v2\/types\/product"}],"wp:featuredmedia":[{"embeddable":true,"href":"https:\/\/marqalicante-admin.qwair.com\/va\/wp-json\/wp\/v2\/media\/45873"}],"wp:attachment":[{"href":"https:\/\/marqalicante-admin.qwair.com\/va\/wp-json\/wp\/v2\/media?parent=45676"}],"wp:term":[{"taxonomy":"product_brand","embeddable":true,"href":"https:\/\/marqalicante-admin.qwair.com\/va\/wp-json\/wp\/v2\/product_brand?post=45676"},{"taxonomy":"product_cat","embeddable":true,"href":"https:\/\/marqalicante-admin.qwair.com\/va\/wp-json\/wp\/v2\/product_cat?post=45676"},{"taxonomy":"product_tag","embeddable":true,"href":"https:\/\/marqalicante-admin.qwair.com\/va\/wp-json\/wp\/v2\/product_tag?post=45676"}],"curies":[{"name":"wp","href":"https:\/\/api.w.org\/{rel}","templated":true}]}}