{"id":45670,"date":"2025-05-16T06:31:37","date_gmt":"2025-05-16T06:31:37","guid":{"rendered":"https:\/\/marqalicante-admin.qwair.com\/producto\/un-fragmento-de-ceramica-iberica-pintada-del-tossal-de-manises-atribuido-a-castillo-del-rio-aspe\/"},"modified":"2025-06-04T16:24:15","modified_gmt":"2025-06-04T16:24:15","slug":"un-fragmento-de-ceramica-iberica-pintada-del-tossal-de-manises-atribuido-a-castillo-del-rio-aspe","status":"publish","type":"product","link":"https:\/\/marqalicante-admin.qwair.com\/va\/producte\/un-fragmento-de-ceramica-iberica-pintada-del-tossal-de-manises-atribuido-a-castillo-del-rio-aspe\/","title":{"rendered":"Un fragment de cer\u00e0mica ib\u00e8rica pintada del Tossal de Manises atribu\u00eft a Castell del Riu (Aspe)"},"content":{"rendered":"<div class=\"documento-item\">\n                    <h2 class=\"documento-title\">Un fragment de cer\u00e0mica ib\u00e8rica pintada del Tossal de Manises atribu\u00eft a Castell del Riu (Aspe)<\/h2>\n        \n                    <p class=\"documento-subtitle\">Enric Verd\u00fa Parra, Manuel H. Olcina Dom\u00e8nech<\/p>\n        \n                    <a href=\"https:\/\/marqalicante.com\/contenido\/particulos\/pub_80.pdf\" class=\"documento-btn\" target=\"_blank\" rel=\"noopener\">\n                <i class=\"fas fa-file-pdf\"><\/i> Descarregar PDF\n            <\/a>\n            <\/div>","protected":false},"excerpt":{"rendered":"<p>Com a resultat dels treballs actuals de revisi\u00f3 dels fons materials conservats als magatzems del Museu Arqueol\u00f2gic d&#039;Alacant-MARQ ha estat identificada una nova forma cer\u00e0mica ib\u00e8rica no constatada amb anterioritat al jaciment del Tossal de Manises, la qual s&#039;ha pogut reconstruir a partir de diversos fragments publicats des dels anys 30 del segle XX.<\/p>","protected":false},"featured_media":45873,"template":"","meta":{"kia_subtitle":""},"product_brand":[],"product_cat":[2913],"product_tag":[],"class_list":{"0":"post-45670","1":"product","2":"type-product","3":"status-publish","4":"has-post-thumbnail","6":"product_cat-articulos","8":"first","9":"instock","10":"virtual","11":"product-type-simple"},"meta_box":{"ia_expediente":"","ia_ano":"","ia_fechas_de_actuacion":"","ia_municipios_comarcas":"","ia_directores":"","ia_periodos_culturales":"","ia_tipos_de_intervencion":"","ia_equipo_tecnico":"","ia_autores":"","ia_promotores":"","ia_deposito_de_materiales":"","ia_coordenadas_utm":""},"_links":{"self":[{"href":"https:\/\/marqalicante-admin.qwair.com\/va\/wp-json\/wp\/v2\/product\/45670","targetHints":{"allow":["GET"]}}],"collection":[{"href":"https:\/\/marqalicante-admin.qwair.com\/va\/wp-json\/wp\/v2\/product"}],"about":[{"href":"https:\/\/marqalicante-admin.qwair.com\/va\/wp-json\/wp\/v2\/types\/product"}],"wp:featuredmedia":[{"embeddable":true,"href":"https:\/\/marqalicante-admin.qwair.com\/va\/wp-json\/wp\/v2\/media\/45873"}],"wp:attachment":[{"href":"https:\/\/marqalicante-admin.qwair.com\/va\/wp-json\/wp\/v2\/media?parent=45670"}],"wp:term":[{"taxonomy":"product_brand","embeddable":true,"href":"https:\/\/marqalicante-admin.qwair.com\/va\/wp-json\/wp\/v2\/product_brand?post=45670"},{"taxonomy":"product_cat","embeddable":true,"href":"https:\/\/marqalicante-admin.qwair.com\/va\/wp-json\/wp\/v2\/product_cat?post=45670"},{"taxonomy":"product_tag","embeddable":true,"href":"https:\/\/marqalicante-admin.qwair.com\/va\/wp-json\/wp\/v2\/product_tag?post=45670"}],"curies":[{"name":"wp","href":"https:\/\/api.w.org\/{rel}","templated":true}]}}