{"id":45667,"date":"2025-05-16T06:31:36","date_gmt":"2025-05-16T06:31:36","guid":{"rendered":"https:\/\/marqalicante-admin.qwair.com\/producto\/huellas-de-uso-en-las-alabardas-argaricas-una-primera-aproximacion\/"},"modified":"2025-06-04T16:24:14","modified_gmt":"2025-06-04T16:24:14","slug":"huellas-de-uso-en-las-alabardas-argaricas-una-primera-aproximacion","status":"publish","type":"product","link":"https:\/\/marqalicante-admin.qwair.com\/va\/producte\/huellas-de-uso-en-las-alabardas-argaricas-una-primera-aproximacion\/","title":{"rendered":"Petjades d&#039;\u00fas a les alabardes arg\u00e0riques: una primera aproximaci\u00f3"},"content":{"rendered":"<div class=\"documento-item\">\n                    <h2 class=\"documento-title\">Petjades d&#039;\u00fas a les alabardes arg\u00e0riques: una primera aproximaci\u00f3<\/h2>\n        \n                    <p class=\"documento-subtitle\">Dirk Brandherm<\/p>\n        \n                    <a href=\"https:\/\/marqalicante.com\/contenido\/particulos\/pub_77.pdf\" class=\"documento-btn\" target=\"_blank\" rel=\"noopener\">\n                <i class=\"fas fa-file-pdf\"><\/i> Descarregar PDF\n            <\/a>\n            <\/div>","protected":false},"excerpt":{"rendered":"<p>Un an&aacute;lisis traceol&oacute;gico de las alabardas arg&aacute;ricas revela unos patrones indicativos de su uso como armas de combate.&nbsp;Al mismo tiempo&#44; la baja incidencia en general de huellas de uso en estas piezas insin&uacute;a su papel como s&iacute;mbolos&nbsp;de poder. Siguen existiendo problemas de &iacute;ndole tafon&oacute;mico que dificultan una interpretaci&oacute;n m&aacute;s concreta.<\/p>","protected":false},"featured_media":45873,"template":"","meta":{"kia_subtitle":""},"product_brand":[],"product_cat":[2913],"product_tag":[],"class_list":{"0":"post-45667","1":"product","2":"type-product","3":"status-publish","4":"has-post-thumbnail","6":"product_cat-articulos","8":"first","9":"instock","10":"virtual","11":"product-type-simple"},"meta_box":{"ia_expediente":"","ia_ano":"","ia_fechas_de_actuacion":"","ia_municipios_comarcas":"","ia_directores":"","ia_periodos_culturales":"","ia_tipos_de_intervencion":"","ia_equipo_tecnico":"","ia_autores":"","ia_promotores":"","ia_deposito_de_materiales":"","ia_coordenadas_utm":""},"_links":{"self":[{"href":"https:\/\/marqalicante-admin.qwair.com\/va\/wp-json\/wp\/v2\/product\/45667","targetHints":{"allow":["GET"]}}],"collection":[{"href":"https:\/\/marqalicante-admin.qwair.com\/va\/wp-json\/wp\/v2\/product"}],"about":[{"href":"https:\/\/marqalicante-admin.qwair.com\/va\/wp-json\/wp\/v2\/types\/product"}],"wp:featuredmedia":[{"embeddable":true,"href":"https:\/\/marqalicante-admin.qwair.com\/va\/wp-json\/wp\/v2\/media\/45873"}],"wp:attachment":[{"href":"https:\/\/marqalicante-admin.qwair.com\/va\/wp-json\/wp\/v2\/media?parent=45667"}],"wp:term":[{"taxonomy":"product_brand","embeddable":true,"href":"https:\/\/marqalicante-admin.qwair.com\/va\/wp-json\/wp\/v2\/product_brand?post=45667"},{"taxonomy":"product_cat","embeddable":true,"href":"https:\/\/marqalicante-admin.qwair.com\/va\/wp-json\/wp\/v2\/product_cat?post=45667"},{"taxonomy":"product_tag","embeddable":true,"href":"https:\/\/marqalicante-admin.qwair.com\/va\/wp-json\/wp\/v2\/product_tag?post=45667"}],"curies":[{"name":"wp","href":"https:\/\/api.w.org\/{rel}","templated":true}]}}