{"id":45666,"date":"2025-05-16T06:31:36","date_gmt":"2025-05-16T06:31:36","guid":{"rendered":"https:\/\/marqalicante-admin.qwair.com\/producto\/estudio-arqueometalurgico-del-punzon-de-cova-de-la-pesseta-torrelles-de-foix-barcelona-datos-composicionales-metalograficos-isotopicos-y-funcionales\/"},"modified":"2025-06-04T16:24:14","modified_gmt":"2025-06-04T16:24:14","slug":"estudio-arqueometalurgico-del-punzon-de-cova-de-la-pesseta-torrelles-de-foix-barcelona-datos-composicionales-metalograficos-isotopicos-y-funcionales","status":"publish","type":"product","link":"https:\/\/marqalicante-admin.qwair.com\/va\/producte\/estudio-arqueometalurgico-del-punzon-de-cova-de-la-pesseta-torrelles-de-foix-barcelona-datos-composicionales-metalograficos-isotopicos-y-funcionales\/","title":{"rendered":"Estudi arqueometal\u00b7l\u00fargic del punx\u00f3 de Cova de la Pesseta (Torrelles de Foix, Barcelona). Dades composicionals, metal\u00b7logr\u00e0fics, isot\u00f2piques i funcionals"},"content":{"rendered":"<div class=\"documento-item\">\n                    <h2 class=\"documento-title\">Estudi arqueometal\u00b7l\u00fargic del punx\u00f3 de Cova de la Pesseta (Torrelles de Foix, Barcelona). Dades composicionals, metal\u00b7logr\u00e0fics, isot\u00f2piques i funcionals<\/h2>\n        \n                    <p class=\"documento-subtitle\">Ignacio Soriano, Jorge Cham\u00f3n Fern\u00e1ndez<\/p>\n        \n                    <a href=\"https:\/\/marqalicante.com\/contenido\/particulos\/pub_76.pdf\" class=\"documento-btn\" target=\"_blank\" rel=\"noopener\">\n                <i class=\"fas fa-file-pdf\"><\/i> Descarregar PDF\n            <\/a>\n            <\/div>","protected":false},"excerpt":{"rendered":"<p>Aquest treball aporta dades arqueometal\u00b7l\u00fargiques d&#039;un punx\u00f3 de coure recuperat a la Cova de la Pesseta, cavitat funer\u00e0ria de Torrelles de Foix (Alt Pened\u00e8s, Barcelona).<\/p>","protected":false},"featured_media":45873,"template":"","meta":{"kia_subtitle":""},"product_brand":[],"product_cat":[2913],"product_tag":[],"class_list":{"0":"post-45666","1":"product","2":"type-product","3":"status-publish","4":"has-post-thumbnail","6":"product_cat-articulos","8":"first","9":"instock","10":"virtual","11":"product-type-simple"},"meta_box":{"ia_expediente":"","ia_ano":"","ia_fechas_de_actuacion":"","ia_municipios_comarcas":"","ia_directores":"","ia_periodos_culturales":"","ia_tipos_de_intervencion":"","ia_equipo_tecnico":"","ia_autores":"","ia_promotores":"","ia_deposito_de_materiales":"","ia_coordenadas_utm":""},"_links":{"self":[{"href":"https:\/\/marqalicante-admin.qwair.com\/va\/wp-json\/wp\/v2\/product\/45666","targetHints":{"allow":["GET"]}}],"collection":[{"href":"https:\/\/marqalicante-admin.qwair.com\/va\/wp-json\/wp\/v2\/product"}],"about":[{"href":"https:\/\/marqalicante-admin.qwair.com\/va\/wp-json\/wp\/v2\/types\/product"}],"wp:featuredmedia":[{"embeddable":true,"href":"https:\/\/marqalicante-admin.qwair.com\/va\/wp-json\/wp\/v2\/media\/45873"}],"wp:attachment":[{"href":"https:\/\/marqalicante-admin.qwair.com\/va\/wp-json\/wp\/v2\/media?parent=45666"}],"wp:term":[{"taxonomy":"product_brand","embeddable":true,"href":"https:\/\/marqalicante-admin.qwair.com\/va\/wp-json\/wp\/v2\/product_brand?post=45666"},{"taxonomy":"product_cat","embeddable":true,"href":"https:\/\/marqalicante-admin.qwair.com\/va\/wp-json\/wp\/v2\/product_cat?post=45666"},{"taxonomy":"product_tag","embeddable":true,"href":"https:\/\/marqalicante-admin.qwair.com\/va\/wp-json\/wp\/v2\/product_tag?post=45666"}],"curies":[{"name":"wp","href":"https:\/\/api.w.org\/{rel}","templated":true}]}}