{"id":45657,"date":"2025-05-16T06:31:33","date_gmt":"2025-05-16T06:31:33","guid":{"rendered":"https:\/\/marqalicante-admin.qwair.com\/producto\/una-experiencia-integrada-de-educacion-e-investigacion-prehistorica-el-camp-daprenentatge-de-la-noguera\/"},"modified":"2025-06-04T16:24:12","modified_gmt":"2025-06-04T16:24:12","slug":"una-experiencia-integrada-de-educacion-e-investigacion-prehistorica-el-camp-daprenentatge-de-la-noguera","status":"publish","type":"product","link":"https:\/\/marqalicante-admin.qwair.com\/va\/producte\/una-experiencia-integrada-de-educacion-e-investigacion-prehistorica-el-camp-daprenentatge-de-la-noguera\/","title":{"rendered":"Una experi\u00e8ncia integrada d\u00bfeducaci\u00f3 i investigaci\u00f3 prehist\u00f2rica. El Camp d&#039;Aprenentatge de la Noguera"},"content":{"rendered":"<div class=\"documento-item\">\n                    <h2 class=\"documento-title\">Una experi\u00e8ncia integrada d\u00bfeducaci\u00f3 i investigaci\u00f3 prehist\u00f2rica. El Camp d&#039;Aprenentatge de la Noguera<\/h2>\n        \n                    <p class=\"documento-subtitle\">Antoni Bardavio Novi<\/p>\n        \n                    <a href=\"https:\/\/marqalicante.com\/contenido\/particulos\/pub_67.pdf\" class=\"documento-btn\" target=\"_blank\" rel=\"noopener\">\n                <i class=\"fas fa-file-pdf\"><\/i> Descarregar PDF\n            <\/a>\n            <\/div>","protected":false},"excerpt":{"rendered":"<p>El proyecto did&aacute;ctico del Camp d&rsquo;Aprenentatge de la Noguera (Servicio Educativo del Departamento de Educaci&oacute;n&nbsp;de la Generalitat de Catalunya)&#44; tiene como objetivo desarrollar propuestas educativas que permitan al alumnado&nbsp;acercarse a la comprensi&oacute;n de un territorio concreto desde la arqueolog&iacute;a y la prehistoria y las ciencias del medio&nbsp;ambiente con la voluntad de fomentar un aprendizaje anal&iacute;tico que les permita una mejor comprensi&oacute;n del mundo&nbsp;actual<\/p>","protected":false},"featured_media":45873,"template":"","meta":{"kia_subtitle":""},"product_brand":[],"product_cat":[2913],"product_tag":[],"class_list":{"0":"post-45657","1":"product","2":"type-product","3":"status-publish","4":"has-post-thumbnail","6":"product_cat-articulos","8":"first","9":"instock","10":"virtual","11":"product-type-simple"},"meta_box":{"ia_expediente":"","ia_ano":"","ia_fechas_de_actuacion":"","ia_municipios_comarcas":"","ia_directores":"","ia_periodos_culturales":"","ia_tipos_de_intervencion":"","ia_equipo_tecnico":"","ia_autores":"","ia_promotores":"","ia_deposito_de_materiales":"","ia_coordenadas_utm":""},"_links":{"self":[{"href":"https:\/\/marqalicante-admin.qwair.com\/va\/wp-json\/wp\/v2\/product\/45657","targetHints":{"allow":["GET"]}}],"collection":[{"href":"https:\/\/marqalicante-admin.qwair.com\/va\/wp-json\/wp\/v2\/product"}],"about":[{"href":"https:\/\/marqalicante-admin.qwair.com\/va\/wp-json\/wp\/v2\/types\/product"}],"wp:featuredmedia":[{"embeddable":true,"href":"https:\/\/marqalicante-admin.qwair.com\/va\/wp-json\/wp\/v2\/media\/45873"}],"wp:attachment":[{"href":"https:\/\/marqalicante-admin.qwair.com\/va\/wp-json\/wp\/v2\/media?parent=45657"}],"wp:term":[{"taxonomy":"product_brand","embeddable":true,"href":"https:\/\/marqalicante-admin.qwair.com\/va\/wp-json\/wp\/v2\/product_brand?post=45657"},{"taxonomy":"product_cat","embeddable":true,"href":"https:\/\/marqalicante-admin.qwair.com\/va\/wp-json\/wp\/v2\/product_cat?post=45657"},{"taxonomy":"product_tag","embeddable":true,"href":"https:\/\/marqalicante-admin.qwair.com\/va\/wp-json\/wp\/v2\/product_tag?post=45657"}],"curies":[{"name":"wp","href":"https:\/\/api.w.org\/{rel}","templated":true}]}}