{"id":45656,"date":"2025-05-16T06:31:33","date_gmt":"2025-05-16T06:31:33","guid":{"rendered":"https:\/\/marqalicante-admin.qwair.com\/producto\/didactica-del-neolitico-en-el-marq-y-el-pla-de-petracos-a-proposito-de-la-participacion-del-museo-en-el-proyecto-reality\/"},"modified":"2025-06-04T16:24:12","modified_gmt":"2025-06-04T16:24:12","slug":"didactica-del-neolitico-en-el-marq-y-el-pla-de-petracos-a-proposito-de-la-participacion-del-museo-en-el-proyecto-reality","status":"publish","type":"product","link":"https:\/\/marqalicante-admin.qwair.com\/va\/producte\/didactica-del-neolitico-en-el-marq-y-el-pla-de-petracos-a-proposito-de-la-participacion-del-museo-en-el-proyecto-reality\/","title":{"rendered":"Did\u00e0ctica del Neol\u00edtic al MARQ i al Pla de Petracos. A prop\u00f2sit de la participaci\u00f3 del Museu al Projecte Reality(*)"},"content":{"rendered":"<div class=\"documento-item\">\n                    <h2 class=\"documento-title\">Did\u00e0ctica del Neol\u00edtic al MARQ i al Pla de Petracos. A prop\u00f2sit de la participaci\u00f3 del Museu al Projecte Reality(*)<\/h2>\n        \n                    <p class=\"documento-subtitle\">Jorge A. Soler D\u00edaz i Gema Sala P\u00e9rez<\/p>\n        \n                    <a href=\"https:\/\/marqalicante.com\/contenido\/particulos\/pub_66.pdf\" class=\"documento-btn\" target=\"_blank\" rel=\"noopener\">\n                <i class=\"fas fa-file-pdf\"><\/i> Descarregar PDF\n            <\/a>\n            <\/div>","protected":false},"excerpt":{"rendered":"<p>La participaci&oacute;n del MARQ en el Proyecto REALITY ha incluido una serie de actividades tanto en sus instalaciones&nbsp;como en Castell de Castells (Alicante). Se expone el desarrollo de las mismas y los resultados de acciones que pretenden&nbsp;acercar al &aacute;mbito docente contenidos que sustentan el Neol&iacute;tico en el &aacute;rea; un reto id&oacute;neo para una instituci&oacute;n&nbsp;muse&iacute;stica<\/p>","protected":false},"featured_media":45873,"template":"","meta":{"kia_subtitle":""},"product_brand":[],"product_cat":[2913],"product_tag":[],"class_list":{"0":"post-45656","1":"product","2":"type-product","3":"status-publish","4":"has-post-thumbnail","6":"product_cat-articulos","8":"first","9":"instock","10":"virtual","11":"product-type-simple"},"meta_box":{"ia_expediente":"","ia_ano":"","ia_fechas_de_actuacion":"","ia_municipios_comarcas":"","ia_directores":"","ia_periodos_culturales":"","ia_tipos_de_intervencion":"","ia_equipo_tecnico":"","ia_autores":"","ia_promotores":"","ia_deposito_de_materiales":"","ia_coordenadas_utm":""},"_links":{"self":[{"href":"https:\/\/marqalicante-admin.qwair.com\/va\/wp-json\/wp\/v2\/product\/45656","targetHints":{"allow":["GET"]}}],"collection":[{"href":"https:\/\/marqalicante-admin.qwair.com\/va\/wp-json\/wp\/v2\/product"}],"about":[{"href":"https:\/\/marqalicante-admin.qwair.com\/va\/wp-json\/wp\/v2\/types\/product"}],"wp:featuredmedia":[{"embeddable":true,"href":"https:\/\/marqalicante-admin.qwair.com\/va\/wp-json\/wp\/v2\/media\/45873"}],"wp:attachment":[{"href":"https:\/\/marqalicante-admin.qwair.com\/va\/wp-json\/wp\/v2\/media?parent=45656"}],"wp:term":[{"taxonomy":"product_brand","embeddable":true,"href":"https:\/\/marqalicante-admin.qwair.com\/va\/wp-json\/wp\/v2\/product_brand?post=45656"},{"taxonomy":"product_cat","embeddable":true,"href":"https:\/\/marqalicante-admin.qwair.com\/va\/wp-json\/wp\/v2\/product_cat?post=45656"},{"taxonomy":"product_tag","embeddable":true,"href":"https:\/\/marqalicante-admin.qwair.com\/va\/wp-json\/wp\/v2\/product_tag?post=45656"}],"curies":[{"name":"wp","href":"https:\/\/api.w.org\/{rel}","templated":true}]}}