{"id":45655,"date":"2025-05-16T06:31:32","date_gmt":"2025-05-16T06:31:32","guid":{"rendered":"https:\/\/marqalicante-admin.qwair.com\/producto\/intervencion-restauratoria-e-investigacion-historica-el-sistema-de-accesos-al-castillo-medieval-de-alicante\/"},"modified":"2025-06-04T16:24:12","modified_gmt":"2025-06-04T16:24:12","slug":"intervencion-restauratoria-e-investigacion-historica-el-sistema-de-accesos-al-castillo-medieval-de-alicante","status":"publish","type":"product","link":"https:\/\/marqalicante-admin.qwair.com\/va\/producte\/intervencion-restauratoria-e-investigacion-historica-el-sistema-de-accesos-al-castillo-medieval-de-alicante\/","title":{"rendered":"Intervenci\u00f3 restaurat\u00f2ria i investigaci\u00f3 hist\u00f2rica. El sistema d&#039;accessos al castell medieval d&#039;Alacant"},"content":{"rendered":"<div class=\"documento-item\">\n                    <h2 class=\"documento-title\">Intervenci\u00f3 restaurat\u00f2ria i investigaci\u00f3 hist\u00f2rica. El sistema d&#039;accessos al castell medieval d&#039;Alacant<\/h2>\n        \n                    <p class=\"documento-subtitle\">M\u00e0rius Bevi\u00e0 i Garc\u00eda, Silvia Yus Cecilia i Jaime Giner Mart\u00ednez<\/p>\n        \n                    <a href=\"https:\/\/marqalicante.com\/contenido\/particulos\/pub_65.pdf\" class=\"documento-btn\" target=\"_blank\" rel=\"noopener\">\n                <i class=\"fas fa-file-pdf\"><\/i> Descarregar PDF\n            <\/a>\n            <\/div>","protected":false},"excerpt":{"rendered":"<p>En aquest treball es descriu el m\u00e8tode d&#039;intervenci\u00f3 i investigaci\u00f3 sobre les arquitectures del Castell d&#039;Alacant i es desenvolupa el projecte realitzat de posada en valor al sistema d&#039;accessos del castell medieval<\/p>","protected":false},"featured_media":45873,"template":"","meta":{"kia_subtitle":""},"product_brand":[],"product_cat":[2913],"product_tag":[],"class_list":{"0":"post-45655","1":"product","2":"type-product","3":"status-publish","4":"has-post-thumbnail","6":"product_cat-articulos","8":"first","9":"instock","10":"virtual","11":"product-type-simple"},"meta_box":{"ia_expediente":"","ia_ano":"","ia_fechas_de_actuacion":"","ia_municipios_comarcas":"","ia_directores":"","ia_periodos_culturales":"","ia_tipos_de_intervencion":"","ia_equipo_tecnico":"","ia_autores":"","ia_promotores":"","ia_deposito_de_materiales":"","ia_coordenadas_utm":""},"_links":{"self":[{"href":"https:\/\/marqalicante-admin.qwair.com\/va\/wp-json\/wp\/v2\/product\/45655","targetHints":{"allow":["GET"]}}],"collection":[{"href":"https:\/\/marqalicante-admin.qwair.com\/va\/wp-json\/wp\/v2\/product"}],"about":[{"href":"https:\/\/marqalicante-admin.qwair.com\/va\/wp-json\/wp\/v2\/types\/product"}],"wp:featuredmedia":[{"embeddable":true,"href":"https:\/\/marqalicante-admin.qwair.com\/va\/wp-json\/wp\/v2\/media\/45873"}],"wp:attachment":[{"href":"https:\/\/marqalicante-admin.qwair.com\/va\/wp-json\/wp\/v2\/media?parent=45655"}],"wp:term":[{"taxonomy":"product_brand","embeddable":true,"href":"https:\/\/marqalicante-admin.qwair.com\/va\/wp-json\/wp\/v2\/product_brand?post=45655"},{"taxonomy":"product_cat","embeddable":true,"href":"https:\/\/marqalicante-admin.qwair.com\/va\/wp-json\/wp\/v2\/product_cat?post=45655"},{"taxonomy":"product_tag","embeddable":true,"href":"https:\/\/marqalicante-admin.qwair.com\/va\/wp-json\/wp\/v2\/product_tag?post=45655"}],"curies":[{"name":"wp","href":"https:\/\/api.w.org\/{rel}","templated":true}]}}